{"id":583,"date":"2026-03-16T14:03:55","date_gmt":"2026-03-16T14:03:55","guid":{"rendered":"https:\/\/bseendustriyel.com\/product\/mikrofiber-bez-cesitleri\/"},"modified":"2026-03-16T19:40:27","modified_gmt":"2026-03-16T19:40:27","slug":"mikrofiber-bez-cesitleri","status":"publish","type":"product","link":"https:\/\/bseendustriyel.com\/?product=mikrofiber-bez-cesitleri","title":{"rendered":"Mikrofiber Bez \u00c7e\u015fitleri"},"content":{"rendered":"<p>Mikrofiber bez \u00e7e\u015fitleri cam, masa ve farkl\u0131 y\u00fczeylerde etkili temizlik sa\u011flayan profesyonel temizlik \u00fcr\u00fcnleridir. Y\u00fcksek emicili\u011fi sayesinde kir ve lekeleri kolayca temizler.<\/p>\n","protected":false},"excerpt":{"rendered":"<p>Mikrofiber bez \u00e7e\u015fitleri y\u00fczeylerde iz b\u0131rakmadan temizlik sa\u011flar.<\/p>\n","protected":false},"featured_media":916,"comment_status":"closed","ping_status":"open","template":"","meta":[],"product_brand":[],"product_cat":[41],"product_tag":[],"class_list":{"0":"post-583","1":"product","2":"type-product","3":"status-publish","4":"has-post-thumbnail","6":"product_cat-sarf-malzemeleri","8":"first","9":"instock","10":"product-type-simple"},"yoast_head":"<!-- This site is optimized with the Yoast SEO Premium plugin v27.1 (Yoast SEO v27.4) - https:\/\/yoast.com\/product\/yoast-seo-premium-wordpress\/ -->\n<title>Mikrofiber Bez \u00c7e\u015fitleri - BSE Endusriyel Tedarik<\/title>\n<meta name=\"description\" content=\"Mikrofiber bez \u2013 BSE End\u00fcstriyel\" \/>\n<meta name=\"robots\" content=\"index, follow, max-snippet:-1, max-image-preview:large, max-video-preview:-1\" \/>\n<link rel=\"canonical\" href=\"https:\/\/bseendustriyel.com\/?product=mikrofiber-bez-cesitleri\" \/>\n<meta property=\"og:locale\" content=\"tr_TR\" \/>\n<meta property=\"og:type\" content=\"article\" \/>\n<meta property=\"og:title\" content=\"Mikrofiber Bez \u00c7e\u015fitleri\" \/>\n<meta property=\"og:description\" content=\"Mikrofiber bez \u2013 BSE End\u00fcstriyel\" \/>\n<meta property=\"og:url\" content=\"https:\/\/bseendustriyel.com\/?product=mikrofiber-bez-cesitleri\" \/>\n<meta property=\"og:site_name\" content=\"BSE Endusriyel Tedarik\" \/>\n<meta property=\"article:modified_time\" content=\"2026-03-16T19:40:27+00:00\" \/>\n<meta property=\"og:image\" content=\"https:\/\/bseendustriyel.com\/wp-content\/uploads\/2026\/03\/ziron-be.jpg\" \/>\n\t<meta property=\"og:image:width\" content=\"800\" \/>\n\t<meta property=\"og:image:height\" content=\"710\" \/>\n\t<meta property=\"og:image:type\" content=\"image\/jpeg\" \/>\n<meta name=\"twitter:card\" content=\"summary_large_image\" \/>\n<script type=\"application\/ld+json\" class=\"yoast-schema-graph\">{\"@context\":\"https:\\\/\\\/schema.org\",\"@graph\":[{\"@type\":\"WebPage\",\"@id\":\"https:\\\/\\\/bseendustriyel.com\\\/?product=mikrofiber-bez-cesitleri\",\"url\":\"https:\\\/\\\/bseendustriyel.com\\\/?product=mikrofiber-bez-cesitleri\",\"name\":\"Mikrofiber Bez \u00c7e\u015fitleri - BSE Endusriyel Tedarik\",\"isPartOf\":{\"@id\":\"https:\\\/\\\/bseendustriyel.com\\\/#website\"},\"primaryImageOfPage\":{\"@id\":\"https:\\\/\\\/bseendustriyel.com\\\/?product=mikrofiber-bez-cesitleri#primaryimage\"},\"image\":{\"@id\":\"https:\\\/\\\/bseendustriyel.com\\\/?product=mikrofiber-bez-cesitleri#primaryimage\"},\"thumbnailUrl\":\"https:\\\/\\\/bseendustriyel.com\\\/wp-content\\\/uploads\\\/2026\\\/03\\\/ziron-be.jpg\",\"datePublished\":\"2026-03-16T14:03:55+00:00\",\"dateModified\":\"2026-03-16T19:40:27+00:00\",\"description\":\"Mikrofiber bez \u2013 BSE End\u00fcstriyel\",\"breadcrumb\":{\"@id\":\"https:\\\/\\\/bseendustriyel.com\\\/?product=mikrofiber-bez-cesitleri#breadcrumb\"},\"inLanguage\":\"tr\",\"potentialAction\":[{\"@type\":\"ReadAction\",\"target\":[\"https:\\\/\\\/bseendustriyel.com\\\/?product=mikrofiber-bez-cesitleri\"]}]},{\"@type\":\"ImageObject\",\"inLanguage\":\"tr\",\"@id\":\"https:\\\/\\\/bseendustriyel.com\\\/?product=mikrofiber-bez-cesitleri#primaryimage\",\"url\":\"https:\\\/\\\/bseendustriyel.com\\\/wp-content\\\/uploads\\\/2026\\\/03\\\/ziron-be.jpg\",\"contentUrl\":\"https:\\\/\\\/bseendustriyel.com\\\/wp-content\\\/uploads\\\/2026\\\/03\\\/ziron-be.jpg\",\"width\":800,\"height\":710},{\"@type\":\"BreadcrumbList\",\"@id\":\"https:\\\/\\\/bseendustriyel.com\\\/?product=mikrofiber-bez-cesitleri#breadcrumb\",\"itemListElement\":[{\"@type\":\"ListItem\",\"position\":1,\"name\":\"Anasayfa\",\"item\":\"https:\\\/\\\/bseendustriyel.com\\\/\"},{\"@type\":\"ListItem\",\"position\":2,\"name\":\"Shop\",\"item\":\"https:\\\/\\\/bseendustriyel.com\\\/?page_id=24\"},{\"@type\":\"ListItem\",\"position\":3,\"name\":\"Mikrofiber Bez \u00c7e\u015fitleri\"}]},{\"@type\":\"WebSite\",\"@id\":\"https:\\\/\\\/bseendustriyel.com\\\/#website\",\"url\":\"https:\\\/\\\/bseendustriyel.com\\\/\",\"name\":\"BSE Endusriyel Tedarik\",\"description\":\"\",\"potentialAction\":[{\"@type\":\"SearchAction\",\"target\":{\"@type\":\"EntryPoint\",\"urlTemplate\":\"https:\\\/\\\/bseendustriyel.com\\\/?s={search_term_string}\"},\"query-input\":{\"@type\":\"PropertyValueSpecification\",\"valueRequired\":true,\"valueName\":\"search_term_string\"}}],\"inLanguage\":\"tr\"}]}<\/script>\n<!-- \/ Yoast SEO Premium plugin. -->","yoast_head_json":{"title":"Mikrofiber Bez \u00c7e\u015fitleri - BSE Endusriyel Tedarik","description":"Mikrofiber bez \u2013 BSE End\u00fcstriyel","robots":{"index":"index","follow":"follow","max-snippet":"max-snippet:-1","max-image-preview":"max-image-preview:large","max-video-preview":"max-video-preview:-1"},"canonical":"https:\/\/bseendustriyel.com\/?product=mikrofiber-bez-cesitleri","og_locale":"tr_TR","og_type":"article","og_title":"Mikrofiber Bez \u00c7e\u015fitleri","og_description":"Mikrofiber bez \u2013 BSE End\u00fcstriyel","og_url":"https:\/\/bseendustriyel.com\/?product=mikrofiber-bez-cesitleri","og_site_name":"BSE Endusriyel Tedarik","article_modified_time":"2026-03-16T19:40:27+00:00","og_image":[{"width":800,"height":710,"url":"https:\/\/bseendustriyel.com\/wp-content\/uploads\/2026\/03\/ziron-be.jpg","type":"image\/jpeg"}],"twitter_card":"summary_large_image","schema":{"@context":"https:\/\/schema.org","@graph":[{"@type":"WebPage","@id":"https:\/\/bseendustriyel.com\/?product=mikrofiber-bez-cesitleri","url":"https:\/\/bseendustriyel.com\/?product=mikrofiber-bez-cesitleri","name":"Mikrofiber Bez \u00c7e\u015fitleri - BSE Endusriyel Tedarik","isPartOf":{"@id":"https:\/\/bseendustriyel.com\/#website"},"primaryImageOfPage":{"@id":"https:\/\/bseendustriyel.com\/?product=mikrofiber-bez-cesitleri#primaryimage"},"image":{"@id":"https:\/\/bseendustriyel.com\/?product=mikrofiber-bez-cesitleri#primaryimage"},"thumbnailUrl":"https:\/\/bseendustriyel.com\/wp-content\/uploads\/2026\/03\/ziron-be.jpg","datePublished":"2026-03-16T14:03:55+00:00","dateModified":"2026-03-16T19:40:27+00:00","description":"Mikrofiber bez \u2013 BSE End\u00fcstriyel","breadcrumb":{"@id":"https:\/\/bseendustriyel.com\/?product=mikrofiber-bez-cesitleri#breadcrumb"},"inLanguage":"tr","potentialAction":[{"@type":"ReadAction","target":["https:\/\/bseendustriyel.com\/?product=mikrofiber-bez-cesitleri"]}]},{"@type":"ImageObject","inLanguage":"tr","@id":"https:\/\/bseendustriyel.com\/?product=mikrofiber-bez-cesitleri#primaryimage","url":"https:\/\/bseendustriyel.com\/wp-content\/uploads\/2026\/03\/ziron-be.jpg","contentUrl":"https:\/\/bseendustriyel.com\/wp-content\/uploads\/2026\/03\/ziron-be.jpg","width":800,"height":710},{"@type":"BreadcrumbList","@id":"https:\/\/bseendustriyel.com\/?product=mikrofiber-bez-cesitleri#breadcrumb","itemListElement":[{"@type":"ListItem","position":1,"name":"Anasayfa","item":"https:\/\/bseendustriyel.com\/"},{"@type":"ListItem","position":2,"name":"Shop","item":"https:\/\/bseendustriyel.com\/?page_id=24"},{"@type":"ListItem","position":3,"name":"Mikrofiber Bez \u00c7e\u015fitleri"}]},{"@type":"WebSite","@id":"https:\/\/bseendustriyel.com\/#website","url":"https:\/\/bseendustriyel.com\/","name":"BSE Endusriyel Tedarik","description":"","potentialAction":[{"@type":"SearchAction","target":{"@type":"EntryPoint","urlTemplate":"https:\/\/bseendustriyel.com\/?s={search_term_string}"},"query-input":{"@type":"PropertyValueSpecification","valueRequired":true,"valueName":"search_term_string"}}],"inLanguage":"tr"}]}},"_links":{"self":[{"href":"https:\/\/bseendustriyel.com\/index.php?rest_route=\/wp\/v2\/product\/583","targetHints":{"allow":["GET"]}}],"collection":[{"href":"https:\/\/bseendustriyel.com\/index.php?rest_route=\/wp\/v2\/product"}],"about":[{"href":"https:\/\/bseendustriyel.com\/index.php?rest_route=\/wp\/v2\/types\/product"}],"replies":[{"embeddable":true,"href":"https:\/\/bseendustriyel.com\/index.php?rest_route=%2Fwp%2Fv2%2Fcomments&post=583"}],"wp:featuredmedia":[{"embeddable":true,"href":"https:\/\/bseendustriyel.com\/index.php?rest_route=\/wp\/v2\/media\/916"}],"wp:attachment":[{"href":"https:\/\/bseendustriyel.com\/index.php?rest_route=%2Fwp%2Fv2%2Fmedia&parent=583"}],"wp:term":[{"taxonomy":"product_brand","embeddable":true,"href":"https:\/\/bseendustriyel.com\/index.php?rest_route=%2Fwp%2Fv2%2Fproduct_brand&post=583"},{"taxonomy":"product_cat","embeddable":true,"href":"https:\/\/bseendustriyel.com\/index.php?rest_route=%2Fwp%2Fv2%2Fproduct_cat&post=583"},{"taxonomy":"product_tag","embeddable":true,"href":"https:\/\/bseendustriyel.com\/index.php?rest_route=%2Fwp%2Fv2%2Fproduct_tag&post=583"}],"curies":[{"name":"wp","href":"https:\/\/api.w.org\/{rel}","templated":true}]}}