{"id":586,"date":"2026-03-16T14:03:55","date_gmt":"2026-03-16T14:03:55","guid":{"rendered":"https:\/\/bseendustriyel.com\/product\/firca-cesitleri\/"},"modified":"2026-03-16T19:40:30","modified_gmt":"2026-03-16T19:40:30","slug":"firca-cesitleri","status":"publish","type":"product","link":"https:\/\/bseendustriyel.com\/?product=firca-cesitleri","title":{"rendered":"F\u0131r\u00e7a \u00c7e\u015fitleri"},"content":{"rendered":"<p>F\u0131r\u00e7a \u00e7e\u015fitleri farkl\u0131 y\u00fczeylerde biriken kir ve lekeleri temizlemek i\u00e7in kullan\u0131lan dayan\u0131kl\u0131 temizlik ekipmanlar\u0131d\u0131r.<\/p>\n","protected":false},"excerpt":{"rendered":"<p>Temizlik f\u0131r\u00e7as\u0131 zorlu kirlerin temizlenmesinde etkili sonu\u00e7 sa\u011flar.<\/p>\n","protected":false},"featured_media":919,"comment_status":"closed","ping_status":"open","template":"","meta":[],"product_brand":[],"product_cat":[41],"product_tag":[],"class_list":{"0":"post-586","1":"product","2":"type-product","3":"status-publish","4":"has-post-thumbnail","6":"product_cat-sarf-malzemeleri","8":"first","9":"instock","10":"product-type-simple"},"yoast_head":"<!-- This site is optimized with the Yoast SEO Premium plugin v27.1 (Yoast SEO v27.4) - https:\/\/yoast.com\/product\/yoast-seo-premium-wordpress\/ -->\n<title>F\u0131r\u00e7a \u00c7e\u015fitleri - BSE Endusriyel Tedarik<\/title>\n<meta name=\"description\" content=\"Temizlik f\u0131r\u00e7as\u0131 \u2013 BSE End\u00fcstriyel\" \/>\n<meta name=\"robots\" content=\"index, follow, max-snippet:-1, max-image-preview:large, max-video-preview:-1\" \/>\n<link rel=\"canonical\" href=\"https:\/\/bseendustriyel.com\/?product=firca-cesitleri\" \/>\n<meta property=\"og:locale\" content=\"tr_TR\" \/>\n<meta property=\"og:type\" content=\"article\" \/>\n<meta property=\"og:title\" content=\"F\u0131r\u00e7a \u00c7e\u015fitleri\" \/>\n<meta property=\"og:description\" content=\"Temizlik f\u0131r\u00e7as\u0131 \u2013 BSE End\u00fcstriyel\" \/>\n<meta property=\"og:url\" content=\"https:\/\/bseendustriyel.com\/?product=firca-cesitleri\" \/>\n<meta property=\"og:site_name\" content=\"BSE Endusriyel Tedarik\" \/>\n<meta property=\"article:modified_time\" content=\"2026-03-16T19:40:30+00:00\" \/>\n<meta property=\"og:image\" content=\"https:\/\/bseendustriyel.com\/wp-content\/uploads\/2026\/03\/Tire-Scrub-Brush-1-1-750x750-1.jpg\" \/>\n\t<meta property=\"og:image:width\" content=\"750\" \/>\n\t<meta property=\"og:image:height\" content=\"750\" \/>\n\t<meta property=\"og:image:type\" content=\"image\/jpeg\" \/>\n<meta name=\"twitter:card\" content=\"summary_large_image\" \/>\n<script type=\"application\/ld+json\" class=\"yoast-schema-graph\">{\"@context\":\"https:\\\/\\\/schema.org\",\"@graph\":[{\"@type\":\"WebPage\",\"@id\":\"https:\\\/\\\/bseendustriyel.com\\\/?product=firca-cesitleri\",\"url\":\"https:\\\/\\\/bseendustriyel.com\\\/?product=firca-cesitleri\",\"name\":\"F\u0131r\u00e7a \u00c7e\u015fitleri - BSE Endusriyel Tedarik\",\"isPartOf\":{\"@id\":\"https:\\\/\\\/bseendustriyel.com\\\/#website\"},\"primaryImageOfPage\":{\"@id\":\"https:\\\/\\\/bseendustriyel.com\\\/?product=firca-cesitleri#primaryimage\"},\"image\":{\"@id\":\"https:\\\/\\\/bseendustriyel.com\\\/?product=firca-cesitleri#primaryimage\"},\"thumbnailUrl\":\"https:\\\/\\\/bseendustriyel.com\\\/wp-content\\\/uploads\\\/2026\\\/03\\\/Tire-Scrub-Brush-1-1-750x750-1.jpg\",\"datePublished\":\"2026-03-16T14:03:55+00:00\",\"dateModified\":\"2026-03-16T19:40:30+00:00\",\"description\":\"Temizlik f\u0131r\u00e7as\u0131 \u2013 BSE End\u00fcstriyel\",\"breadcrumb\":{\"@id\":\"https:\\\/\\\/bseendustriyel.com\\\/?product=firca-cesitleri#breadcrumb\"},\"inLanguage\":\"tr\",\"potentialAction\":[{\"@type\":\"ReadAction\",\"target\":[\"https:\\\/\\\/bseendustriyel.com\\\/?product=firca-cesitleri\"]}]},{\"@type\":\"ImageObject\",\"inLanguage\":\"tr\",\"@id\":\"https:\\\/\\\/bseendustriyel.com\\\/?product=firca-cesitleri#primaryimage\",\"url\":\"https:\\\/\\\/bseendustriyel.com\\\/wp-content\\\/uploads\\\/2026\\\/03\\\/Tire-Scrub-Brush-1-1-750x750-1.jpg\",\"contentUrl\":\"https:\\\/\\\/bseendustriyel.com\\\/wp-content\\\/uploads\\\/2026\\\/03\\\/Tire-Scrub-Brush-1-1-750x750-1.jpg\",\"width\":750,\"height\":750},{\"@type\":\"BreadcrumbList\",\"@id\":\"https:\\\/\\\/bseendustriyel.com\\\/?product=firca-cesitleri#breadcrumb\",\"itemListElement\":[{\"@type\":\"ListItem\",\"position\":1,\"name\":\"Anasayfa\",\"item\":\"https:\\\/\\\/bseendustriyel.com\\\/\"},{\"@type\":\"ListItem\",\"position\":2,\"name\":\"Shop\",\"item\":\"https:\\\/\\\/bseendustriyel.com\\\/?page_id=24\"},{\"@type\":\"ListItem\",\"position\":3,\"name\":\"F\u0131r\u00e7a \u00c7e\u015fitleri\"}]},{\"@type\":\"WebSite\",\"@id\":\"https:\\\/\\\/bseendustriyel.com\\\/#website\",\"url\":\"https:\\\/\\\/bseendustriyel.com\\\/\",\"name\":\"BSE Endusriyel Tedarik\",\"description\":\"\",\"potentialAction\":[{\"@type\":\"SearchAction\",\"target\":{\"@type\":\"EntryPoint\",\"urlTemplate\":\"https:\\\/\\\/bseendustriyel.com\\\/?s={search_term_string}\"},\"query-input\":{\"@type\":\"PropertyValueSpecification\",\"valueRequired\":true,\"valueName\":\"search_term_string\"}}],\"inLanguage\":\"tr\"}]}<\/script>\n<!-- \/ Yoast SEO Premium plugin. -->","yoast_head_json":{"title":"F\u0131r\u00e7a \u00c7e\u015fitleri - BSE Endusriyel Tedarik","description":"Temizlik f\u0131r\u00e7as\u0131 \u2013 BSE End\u00fcstriyel","robots":{"index":"index","follow":"follow","max-snippet":"max-snippet:-1","max-image-preview":"max-image-preview:large","max-video-preview":"max-video-preview:-1"},"canonical":"https:\/\/bseendustriyel.com\/?product=firca-cesitleri","og_locale":"tr_TR","og_type":"article","og_title":"F\u0131r\u00e7a \u00c7e\u015fitleri","og_description":"Temizlik f\u0131r\u00e7as\u0131 \u2013 BSE End\u00fcstriyel","og_url":"https:\/\/bseendustriyel.com\/?product=firca-cesitleri","og_site_name":"BSE Endusriyel Tedarik","article_modified_time":"2026-03-16T19:40:30+00:00","og_image":[{"width":750,"height":750,"url":"https:\/\/bseendustriyel.com\/wp-content\/uploads\/2026\/03\/Tire-Scrub-Brush-1-1-750x750-1.jpg","type":"image\/jpeg"}],"twitter_card":"summary_large_image","schema":{"@context":"https:\/\/schema.org","@graph":[{"@type":"WebPage","@id":"https:\/\/bseendustriyel.com\/?product=firca-cesitleri","url":"https:\/\/bseendustriyel.com\/?product=firca-cesitleri","name":"F\u0131r\u00e7a \u00c7e\u015fitleri - BSE Endusriyel Tedarik","isPartOf":{"@id":"https:\/\/bseendustriyel.com\/#website"},"primaryImageOfPage":{"@id":"https:\/\/bseendustriyel.com\/?product=firca-cesitleri#primaryimage"},"image":{"@id":"https:\/\/bseendustriyel.com\/?product=firca-cesitleri#primaryimage"},"thumbnailUrl":"https:\/\/bseendustriyel.com\/wp-content\/uploads\/2026\/03\/Tire-Scrub-Brush-1-1-750x750-1.jpg","datePublished":"2026-03-16T14:03:55+00:00","dateModified":"2026-03-16T19:40:30+00:00","description":"Temizlik f\u0131r\u00e7as\u0131 \u2013 BSE End\u00fcstriyel","breadcrumb":{"@id":"https:\/\/bseendustriyel.com\/?product=firca-cesitleri#breadcrumb"},"inLanguage":"tr","potentialAction":[{"@type":"ReadAction","target":["https:\/\/bseendustriyel.com\/?product=firca-cesitleri"]}]},{"@type":"ImageObject","inLanguage":"tr","@id":"https:\/\/bseendustriyel.com\/?product=firca-cesitleri#primaryimage","url":"https:\/\/bseendustriyel.com\/wp-content\/uploads\/2026\/03\/Tire-Scrub-Brush-1-1-750x750-1.jpg","contentUrl":"https:\/\/bseendustriyel.com\/wp-content\/uploads\/2026\/03\/Tire-Scrub-Brush-1-1-750x750-1.jpg","width":750,"height":750},{"@type":"BreadcrumbList","@id":"https:\/\/bseendustriyel.com\/?product=firca-cesitleri#breadcrumb","itemListElement":[{"@type":"ListItem","position":1,"name":"Anasayfa","item":"https:\/\/bseendustriyel.com\/"},{"@type":"ListItem","position":2,"name":"Shop","item":"https:\/\/bseendustriyel.com\/?page_id=24"},{"@type":"ListItem","position":3,"name":"F\u0131r\u00e7a \u00c7e\u015fitleri"}]},{"@type":"WebSite","@id":"https:\/\/bseendustriyel.com\/#website","url":"https:\/\/bseendustriyel.com\/","name":"BSE Endusriyel Tedarik","description":"","potentialAction":[{"@type":"SearchAction","target":{"@type":"EntryPoint","urlTemplate":"https:\/\/bseendustriyel.com\/?s={search_term_string}"},"query-input":{"@type":"PropertyValueSpecification","valueRequired":true,"valueName":"search_term_string"}}],"inLanguage":"tr"}]}},"_links":{"self":[{"href":"https:\/\/bseendustriyel.com\/index.php?rest_route=\/wp\/v2\/product\/586","targetHints":{"allow":["GET"]}}],"collection":[{"href":"https:\/\/bseendustriyel.com\/index.php?rest_route=\/wp\/v2\/product"}],"about":[{"href":"https:\/\/bseendustriyel.com\/index.php?rest_route=\/wp\/v2\/types\/product"}],"replies":[{"embeddable":true,"href":"https:\/\/bseendustriyel.com\/index.php?rest_route=%2Fwp%2Fv2%2Fcomments&post=586"}],"wp:featuredmedia":[{"embeddable":true,"href":"https:\/\/bseendustriyel.com\/index.php?rest_route=\/wp\/v2\/media\/919"}],"wp:attachment":[{"href":"https:\/\/bseendustriyel.com\/index.php?rest_route=%2Fwp%2Fv2%2Fmedia&parent=586"}],"wp:term":[{"taxonomy":"product_brand","embeddable":true,"href":"https:\/\/bseendustriyel.com\/index.php?rest_route=%2Fwp%2Fv2%2Fproduct_brand&post=586"},{"taxonomy":"product_cat","embeddable":true,"href":"https:\/\/bseendustriyel.com\/index.php?rest_route=%2Fwp%2Fv2%2Fproduct_cat&post=586"},{"taxonomy":"product_tag","embeddable":true,"href":"https:\/\/bseendustriyel.com\/index.php?rest_route=%2Fwp%2Fv2%2Fproduct_tag&post=586"}],"curies":[{"name":"wp","href":"https:\/\/api.w.org\/{rel}","templated":true}]}}