{"id":596,"date":"2026-03-16T14:04:25","date_gmt":"2026-03-16T14:04:25","guid":{"rendered":"https:\/\/bseendustriyel.com\/product\/kalem-cesitleri\/"},"modified":"2026-03-16T19:40:40","modified_gmt":"2026-03-16T19:40:40","slug":"kalem-cesitleri","status":"publish","type":"product","link":"https:\/\/bseendustriyel.com\/?product=kalem-cesitleri","title":{"rendered":"Kalem \u00c7e\u015fitleri"},"content":{"rendered":"<p>Kalem \u00e7e\u015fitleri ofis, okul ve i\u015fletmelerde yaz\u0131 ve not alma i\u015flemlerinde kullan\u0131lan temel k\u0131rtasiye \u00fcr\u00fcnleridir.<\/p>\n","protected":false},"excerpt":{"rendered":"<p>Ofis kalem \u00e7e\u015fitleri g\u00fcnl\u00fck yaz\u0131 i\u015fleri i\u00e7in pratik kullan\u0131m sa\u011flar.<\/p>\n","protected":false},"featured_media":0,"comment_status":"closed","ping_status":"open","template":"","meta":[],"product_brand":[],"product_cat":[42],"product_tag":[],"class_list":{"0":"post-596","1":"product","2":"type-product","3":"status-publish","5":"product_cat-ofis-gerecleri","7":"first","8":"instock","9":"product-type-simple"},"yoast_head":"<!-- This site is optimized with the Yoast SEO Premium plugin v27.1 (Yoast SEO v27.4) - https:\/\/yoast.com\/product\/yoast-seo-premium-wordpress\/ -->\n<title>Kalem \u00c7e\u015fitleri - BSE Endusriyel Tedarik<\/title>\n<meta name=\"description\" content=\"Ofis kalem \u00e7e\u015fitleri \u2013 BSE End\u00fcstriyel\" \/>\n<meta name=\"robots\" content=\"index, follow, max-snippet:-1, max-image-preview:large, max-video-preview:-1\" \/>\n<link rel=\"canonical\" href=\"https:\/\/bseendustriyel.com\/?product=kalem-cesitleri\" \/>\n<meta property=\"og:locale\" content=\"tr_TR\" \/>\n<meta property=\"og:type\" content=\"article\" \/>\n<meta property=\"og:title\" content=\"Kalem \u00c7e\u015fitleri\" \/>\n<meta property=\"og:description\" content=\"Ofis kalem \u00e7e\u015fitleri \u2013 BSE End\u00fcstriyel\" \/>\n<meta property=\"og:url\" content=\"https:\/\/bseendustriyel.com\/?product=kalem-cesitleri\" \/>\n<meta property=\"og:site_name\" content=\"BSE Endusriyel Tedarik\" \/>\n<meta property=\"article:modified_time\" content=\"2026-03-16T19:40:40+00:00\" \/>\n<meta name=\"twitter:card\" content=\"summary_large_image\" \/>\n<script type=\"application\/ld+json\" class=\"yoast-schema-graph\">{\"@context\":\"https:\\\/\\\/schema.org\",\"@graph\":[{\"@type\":\"WebPage\",\"@id\":\"https:\\\/\\\/bseendustriyel.com\\\/?product=kalem-cesitleri\",\"url\":\"https:\\\/\\\/bseendustriyel.com\\\/?product=kalem-cesitleri\",\"name\":\"Kalem \u00c7e\u015fitleri - BSE Endusriyel Tedarik\",\"isPartOf\":{\"@id\":\"https:\\\/\\\/bseendustriyel.com\\\/#website\"},\"datePublished\":\"2026-03-16T14:04:25+00:00\",\"dateModified\":\"2026-03-16T19:40:40+00:00\",\"description\":\"Ofis kalem \u00e7e\u015fitleri \u2013 BSE End\u00fcstriyel\",\"breadcrumb\":{\"@id\":\"https:\\\/\\\/bseendustriyel.com\\\/?product=kalem-cesitleri#breadcrumb\"},\"inLanguage\":\"tr\",\"potentialAction\":[{\"@type\":\"ReadAction\",\"target\":[\"https:\\\/\\\/bseendustriyel.com\\\/?product=kalem-cesitleri\"]}]},{\"@type\":\"BreadcrumbList\",\"@id\":\"https:\\\/\\\/bseendustriyel.com\\\/?product=kalem-cesitleri#breadcrumb\",\"itemListElement\":[{\"@type\":\"ListItem\",\"position\":1,\"name\":\"Anasayfa\",\"item\":\"https:\\\/\\\/bseendustriyel.com\\\/\"},{\"@type\":\"ListItem\",\"position\":2,\"name\":\"Shop\",\"item\":\"https:\\\/\\\/bseendustriyel.com\\\/?page_id=24\"},{\"@type\":\"ListItem\",\"position\":3,\"name\":\"Kalem \u00c7e\u015fitleri\"}]},{\"@type\":\"WebSite\",\"@id\":\"https:\\\/\\\/bseendustriyel.com\\\/#website\",\"url\":\"https:\\\/\\\/bseendustriyel.com\\\/\",\"name\":\"BSE Endusriyel Tedarik\",\"description\":\"\",\"potentialAction\":[{\"@type\":\"SearchAction\",\"target\":{\"@type\":\"EntryPoint\",\"urlTemplate\":\"https:\\\/\\\/bseendustriyel.com\\\/?s={search_term_string}\"},\"query-input\":{\"@type\":\"PropertyValueSpecification\",\"valueRequired\":true,\"valueName\":\"search_term_string\"}}],\"inLanguage\":\"tr\"}]}<\/script>\n<!-- \/ Yoast SEO Premium plugin. -->","yoast_head_json":{"title":"Kalem \u00c7e\u015fitleri - BSE Endusriyel Tedarik","description":"Ofis kalem \u00e7e\u015fitleri \u2013 BSE End\u00fcstriyel","robots":{"index":"index","follow":"follow","max-snippet":"max-snippet:-1","max-image-preview":"max-image-preview:large","max-video-preview":"max-video-preview:-1"},"canonical":"https:\/\/bseendustriyel.com\/?product=kalem-cesitleri","og_locale":"tr_TR","og_type":"article","og_title":"Kalem \u00c7e\u015fitleri","og_description":"Ofis kalem \u00e7e\u015fitleri \u2013 BSE End\u00fcstriyel","og_url":"https:\/\/bseendustriyel.com\/?product=kalem-cesitleri","og_site_name":"BSE Endusriyel Tedarik","article_modified_time":"2026-03-16T19:40:40+00:00","twitter_card":"summary_large_image","schema":{"@context":"https:\/\/schema.org","@graph":[{"@type":"WebPage","@id":"https:\/\/bseendustriyel.com\/?product=kalem-cesitleri","url":"https:\/\/bseendustriyel.com\/?product=kalem-cesitleri","name":"Kalem \u00c7e\u015fitleri - BSE Endusriyel Tedarik","isPartOf":{"@id":"https:\/\/bseendustriyel.com\/#website"},"datePublished":"2026-03-16T14:04:25+00:00","dateModified":"2026-03-16T19:40:40+00:00","description":"Ofis kalem \u00e7e\u015fitleri \u2013 BSE End\u00fcstriyel","breadcrumb":{"@id":"https:\/\/bseendustriyel.com\/?product=kalem-cesitleri#breadcrumb"},"inLanguage":"tr","potentialAction":[{"@type":"ReadAction","target":["https:\/\/bseendustriyel.com\/?product=kalem-cesitleri"]}]},{"@type":"BreadcrumbList","@id":"https:\/\/bseendustriyel.com\/?product=kalem-cesitleri#breadcrumb","itemListElement":[{"@type":"ListItem","position":1,"name":"Anasayfa","item":"https:\/\/bseendustriyel.com\/"},{"@type":"ListItem","position":2,"name":"Shop","item":"https:\/\/bseendustriyel.com\/?page_id=24"},{"@type":"ListItem","position":3,"name":"Kalem \u00c7e\u015fitleri"}]},{"@type":"WebSite","@id":"https:\/\/bseendustriyel.com\/#website","url":"https:\/\/bseendustriyel.com\/","name":"BSE Endusriyel Tedarik","description":"","potentialAction":[{"@type":"SearchAction","target":{"@type":"EntryPoint","urlTemplate":"https:\/\/bseendustriyel.com\/?s={search_term_string}"},"query-input":{"@type":"PropertyValueSpecification","valueRequired":true,"valueName":"search_term_string"}}],"inLanguage":"tr"}]}},"_links":{"self":[{"href":"https:\/\/bseendustriyel.com\/index.php?rest_route=\/wp\/v2\/product\/596","targetHints":{"allow":["GET"]}}],"collection":[{"href":"https:\/\/bseendustriyel.com\/index.php?rest_route=\/wp\/v2\/product"}],"about":[{"href":"https:\/\/bseendustriyel.com\/index.php?rest_route=\/wp\/v2\/types\/product"}],"replies":[{"embeddable":true,"href":"https:\/\/bseendustriyel.com\/index.php?rest_route=%2Fwp%2Fv2%2Fcomments&post=596"}],"wp:attachment":[{"href":"https:\/\/bseendustriyel.com\/index.php?rest_route=%2Fwp%2Fv2%2Fmedia&parent=596"}],"wp:term":[{"taxonomy":"product_brand","embeddable":true,"href":"https:\/\/bseendustriyel.com\/index.php?rest_route=%2Fwp%2Fv2%2Fproduct_brand&post=596"},{"taxonomy":"product_cat","embeddable":true,"href":"https:\/\/bseendustriyel.com\/index.php?rest_route=%2Fwp%2Fv2%2Fproduct_cat&post=596"},{"taxonomy":"product_tag","embeddable":true,"href":"https:\/\/bseendustriyel.com\/index.php?rest_route=%2Fwp%2Fv2%2Fproduct_tag&post=596"}],"curies":[{"name":"wp","href":"https:\/\/api.w.org\/{rel}","templated":true}]}}