{"id":604,"date":"2026-03-16T14:04:25","date_gmt":"2026-03-16T14:04:25","guid":{"rendered":"https:\/\/bseendustriyel.com\/product\/atistirmaliklar\/"},"modified":"2026-03-16T19:40:47","modified_gmt":"2026-03-16T19:40:47","slug":"atistirmaliklar","status":"publish","type":"product","link":"https:\/\/bseendustriyel.com\/?product=atistirmaliklar","title":{"rendered":"At\u0131\u015ft\u0131rmal\u0131klar"},"content":{"rendered":"<p>At\u0131\u015ft\u0131rmal\u0131k \u00fcr\u00fcnler ofisler, kafeler ve i\u015fletmelerde h\u0131zl\u0131 t\u00fcketim i\u00e7in tercih edilen g\u0131da \u00fcr\u00fcnleridir.<\/p>\n","protected":false},"excerpt":{"rendered":"<p>Toptan at\u0131\u015ft\u0131rmal\u0131k \u00fcr\u00fcnleri pratik t\u00fcketim sa\u011flar.<\/p>\n","protected":false},"featured_media":936,"comment_status":"closed","ping_status":"open","template":"","meta":[],"product_brand":[],"product_cat":[43],"product_tag":[],"class_list":{"0":"post-604","1":"product","2":"type-product","3":"status-publish","4":"has-post-thumbnail","6":"product_cat-gida-urunleri","8":"first","9":"instock","10":"product-type-simple"},"yoast_head":"<!-- This site is optimized with the Yoast SEO Premium plugin v27.1 (Yoast SEO v27.4) - https:\/\/yoast.com\/product\/yoast-seo-premium-wordpress\/ -->\n<title>At\u0131\u015ft\u0131rmal\u0131klar - BSE Endusriyel Tedarik<\/title>\n<meta name=\"description\" content=\"Toptan at\u0131\u015ft\u0131rmal\u0131k \u2013 BSE End\u00fcstriyel\" \/>\n<meta name=\"robots\" content=\"index, follow, max-snippet:-1, max-image-preview:large, max-video-preview:-1\" \/>\n<link rel=\"canonical\" href=\"https:\/\/bseendustriyel.com\/?product=atistirmaliklar\" \/>\n<meta property=\"og:locale\" content=\"tr_TR\" \/>\n<meta property=\"og:type\" content=\"article\" \/>\n<meta property=\"og:title\" content=\"At\u0131\u015ft\u0131rmal\u0131klar\" \/>\n<meta property=\"og:description\" content=\"Toptan at\u0131\u015ft\u0131rmal\u0131k \u2013 BSE End\u00fcstriyel\" \/>\n<meta property=\"og:url\" content=\"https:\/\/bseendustriyel.com\/?product=atistirmaliklar\" \/>\n<meta property=\"og:site_name\" content=\"BSE Endusriyel Tedarik\" \/>\n<meta property=\"article:modified_time\" content=\"2026-03-16T19:40:47+00:00\" \/>\n<meta property=\"og:image\" content=\"https:\/\/bseendustriyel.com\/wp-content\/uploads\/2026\/03\/Toptan-Gida-Atistirmalik.png\" \/>\n\t<meta property=\"og:image:width\" content=\"460\" \/>\n\t<meta property=\"og:image:height\" content=\"539\" \/>\n\t<meta property=\"og:image:type\" content=\"image\/png\" \/>\n<meta name=\"twitter:card\" content=\"summary_large_image\" \/>\n<script type=\"application\/ld+json\" class=\"yoast-schema-graph\">{\"@context\":\"https:\\\/\\\/schema.org\",\"@graph\":[{\"@type\":\"WebPage\",\"@id\":\"https:\\\/\\\/bseendustriyel.com\\\/?product=atistirmaliklar\",\"url\":\"https:\\\/\\\/bseendustriyel.com\\\/?product=atistirmaliklar\",\"name\":\"At\u0131\u015ft\u0131rmal\u0131klar - BSE Endusriyel Tedarik\",\"isPartOf\":{\"@id\":\"https:\\\/\\\/bseendustriyel.com\\\/#website\"},\"primaryImageOfPage\":{\"@id\":\"https:\\\/\\\/bseendustriyel.com\\\/?product=atistirmaliklar#primaryimage\"},\"image\":{\"@id\":\"https:\\\/\\\/bseendustriyel.com\\\/?product=atistirmaliklar#primaryimage\"},\"thumbnailUrl\":\"https:\\\/\\\/bseendustriyel.com\\\/wp-content\\\/uploads\\\/2026\\\/03\\\/Toptan-Gida-Atistirmalik.png\",\"datePublished\":\"2026-03-16T14:04:25+00:00\",\"dateModified\":\"2026-03-16T19:40:47+00:00\",\"description\":\"Toptan at\u0131\u015ft\u0131rmal\u0131k \u2013 BSE End\u00fcstriyel\",\"breadcrumb\":{\"@id\":\"https:\\\/\\\/bseendustriyel.com\\\/?product=atistirmaliklar#breadcrumb\"},\"inLanguage\":\"tr\",\"potentialAction\":[{\"@type\":\"ReadAction\",\"target\":[\"https:\\\/\\\/bseendustriyel.com\\\/?product=atistirmaliklar\"]}]},{\"@type\":\"ImageObject\",\"inLanguage\":\"tr\",\"@id\":\"https:\\\/\\\/bseendustriyel.com\\\/?product=atistirmaliklar#primaryimage\",\"url\":\"https:\\\/\\\/bseendustriyel.com\\\/wp-content\\\/uploads\\\/2026\\\/03\\\/Toptan-Gida-Atistirmalik.png\",\"contentUrl\":\"https:\\\/\\\/bseendustriyel.com\\\/wp-content\\\/uploads\\\/2026\\\/03\\\/Toptan-Gida-Atistirmalik.png\",\"width\":460,\"height\":539},{\"@type\":\"BreadcrumbList\",\"@id\":\"https:\\\/\\\/bseendustriyel.com\\\/?product=atistirmaliklar#breadcrumb\",\"itemListElement\":[{\"@type\":\"ListItem\",\"position\":1,\"name\":\"Anasayfa\",\"item\":\"https:\\\/\\\/bseendustriyel.com\\\/\"},{\"@type\":\"ListItem\",\"position\":2,\"name\":\"Shop\",\"item\":\"https:\\\/\\\/bseendustriyel.com\\\/?page_id=24\"},{\"@type\":\"ListItem\",\"position\":3,\"name\":\"At\u0131\u015ft\u0131rmal\u0131klar\"}]},{\"@type\":\"WebSite\",\"@id\":\"https:\\\/\\\/bseendustriyel.com\\\/#website\",\"url\":\"https:\\\/\\\/bseendustriyel.com\\\/\",\"name\":\"BSE Endusriyel Tedarik\",\"description\":\"\",\"potentialAction\":[{\"@type\":\"SearchAction\",\"target\":{\"@type\":\"EntryPoint\",\"urlTemplate\":\"https:\\\/\\\/bseendustriyel.com\\\/?s={search_term_string}\"},\"query-input\":{\"@type\":\"PropertyValueSpecification\",\"valueRequired\":true,\"valueName\":\"search_term_string\"}}],\"inLanguage\":\"tr\"}]}<\/script>\n<!-- \/ Yoast SEO Premium plugin. -->","yoast_head_json":{"title":"At\u0131\u015ft\u0131rmal\u0131klar - BSE Endusriyel Tedarik","description":"Toptan at\u0131\u015ft\u0131rmal\u0131k \u2013 BSE End\u00fcstriyel","robots":{"index":"index","follow":"follow","max-snippet":"max-snippet:-1","max-image-preview":"max-image-preview:large","max-video-preview":"max-video-preview:-1"},"canonical":"https:\/\/bseendustriyel.com\/?product=atistirmaliklar","og_locale":"tr_TR","og_type":"article","og_title":"At\u0131\u015ft\u0131rmal\u0131klar","og_description":"Toptan at\u0131\u015ft\u0131rmal\u0131k \u2013 BSE End\u00fcstriyel","og_url":"https:\/\/bseendustriyel.com\/?product=atistirmaliklar","og_site_name":"BSE Endusriyel Tedarik","article_modified_time":"2026-03-16T19:40:47+00:00","og_image":[{"width":460,"height":539,"url":"https:\/\/bseendustriyel.com\/wp-content\/uploads\/2026\/03\/Toptan-Gida-Atistirmalik.png","type":"image\/png"}],"twitter_card":"summary_large_image","schema":{"@context":"https:\/\/schema.org","@graph":[{"@type":"WebPage","@id":"https:\/\/bseendustriyel.com\/?product=atistirmaliklar","url":"https:\/\/bseendustriyel.com\/?product=atistirmaliklar","name":"At\u0131\u015ft\u0131rmal\u0131klar - BSE Endusriyel Tedarik","isPartOf":{"@id":"https:\/\/bseendustriyel.com\/#website"},"primaryImageOfPage":{"@id":"https:\/\/bseendustriyel.com\/?product=atistirmaliklar#primaryimage"},"image":{"@id":"https:\/\/bseendustriyel.com\/?product=atistirmaliklar#primaryimage"},"thumbnailUrl":"https:\/\/bseendustriyel.com\/wp-content\/uploads\/2026\/03\/Toptan-Gida-Atistirmalik.png","datePublished":"2026-03-16T14:04:25+00:00","dateModified":"2026-03-16T19:40:47+00:00","description":"Toptan at\u0131\u015ft\u0131rmal\u0131k \u2013 BSE End\u00fcstriyel","breadcrumb":{"@id":"https:\/\/bseendustriyel.com\/?product=atistirmaliklar#breadcrumb"},"inLanguage":"tr","potentialAction":[{"@type":"ReadAction","target":["https:\/\/bseendustriyel.com\/?product=atistirmaliklar"]}]},{"@type":"ImageObject","inLanguage":"tr","@id":"https:\/\/bseendustriyel.com\/?product=atistirmaliklar#primaryimage","url":"https:\/\/bseendustriyel.com\/wp-content\/uploads\/2026\/03\/Toptan-Gida-Atistirmalik.png","contentUrl":"https:\/\/bseendustriyel.com\/wp-content\/uploads\/2026\/03\/Toptan-Gida-Atistirmalik.png","width":460,"height":539},{"@type":"BreadcrumbList","@id":"https:\/\/bseendustriyel.com\/?product=atistirmaliklar#breadcrumb","itemListElement":[{"@type":"ListItem","position":1,"name":"Anasayfa","item":"https:\/\/bseendustriyel.com\/"},{"@type":"ListItem","position":2,"name":"Shop","item":"https:\/\/bseendustriyel.com\/?page_id=24"},{"@type":"ListItem","position":3,"name":"At\u0131\u015ft\u0131rmal\u0131klar"}]},{"@type":"WebSite","@id":"https:\/\/bseendustriyel.com\/#website","url":"https:\/\/bseendustriyel.com\/","name":"BSE Endusriyel Tedarik","description":"","potentialAction":[{"@type":"SearchAction","target":{"@type":"EntryPoint","urlTemplate":"https:\/\/bseendustriyel.com\/?s={search_term_string}"},"query-input":{"@type":"PropertyValueSpecification","valueRequired":true,"valueName":"search_term_string"}}],"inLanguage":"tr"}]}},"_links":{"self":[{"href":"https:\/\/bseendustriyel.com\/index.php?rest_route=\/wp\/v2\/product\/604","targetHints":{"allow":["GET"]}}],"collection":[{"href":"https:\/\/bseendustriyel.com\/index.php?rest_route=\/wp\/v2\/product"}],"about":[{"href":"https:\/\/bseendustriyel.com\/index.php?rest_route=\/wp\/v2\/types\/product"}],"replies":[{"embeddable":true,"href":"https:\/\/bseendustriyel.com\/index.php?rest_route=%2Fwp%2Fv2%2Fcomments&post=604"}],"wp:featuredmedia":[{"embeddable":true,"href":"https:\/\/bseendustriyel.com\/index.php?rest_route=\/wp\/v2\/media\/936"}],"wp:attachment":[{"href":"https:\/\/bseendustriyel.com\/index.php?rest_route=%2Fwp%2Fv2%2Fmedia&parent=604"}],"wp:term":[{"taxonomy":"product_brand","embeddable":true,"href":"https:\/\/bseendustriyel.com\/index.php?rest_route=%2Fwp%2Fv2%2Fproduct_brand&post=604"},{"taxonomy":"product_cat","embeddable":true,"href":"https:\/\/bseendustriyel.com\/index.php?rest_route=%2Fwp%2Fv2%2Fproduct_cat&post=604"},{"taxonomy":"product_tag","embeddable":true,"href":"https:\/\/bseendustriyel.com\/index.php?rest_route=%2Fwp%2Fv2%2Fproduct_tag&post=604"}],"curies":[{"name":"wp","href":"https:\/\/api.w.org\/{rel}","templated":true}]}}