{"id":607,"date":"2026-03-16T14:04:25","date_gmt":"2026-03-16T14:04:25","guid":{"rendered":"https:\/\/bseendustriyel.com\/product\/point-kt-115\/"},"modified":"2026-03-16T19:40:49","modified_gmt":"2026-03-16T19:40:49","slug":"point-kt-115","status":"publish","type":"product","link":"https:\/\/bseendustriyel.com\/?product=point-kt-115","title":{"rendered":"Point KT-115"},"content":{"rendered":"<p>Elde bula\u015f\u0131k y\u0131kama i\u00e7in s\u0131v\u0131 deterjan. Y\u00fcksek aktif madde i\u00e7eri\u011fi sayesinde ya\u011f, kir ve yemek art\u0131klar\u0131n\u0131 etkili bi\u00e7imde \u00e7\u00f6zer; bol k\u00f6p\u00fck olu\u015fturarak bula\u015f\u0131klar\u0131 parlat\u0131r.<\/p>\n<p>5kg, 20kg<\/p>\n","protected":false},"excerpt":{"rendered":"<p>Elde bula\u015f\u0131k y\u0131kama i\u00e7in s\u0131v\u0131 deterjan. Y\u00fcksek aktif madde i\u00e7eri\u011fi sayesinde ya\u011f, kir ve yemek art\u0131klar\u0131n\u0131 etkili bi\u00e7imde \u00e7\u00f6zer; bol k\u00f6p\u00fck olu\u015fturarak bula\u015f\u0131klar\u0131 parlat\u0131r.<\/p>\n","protected":false},"featured_media":33,"comment_status":"closed","ping_status":"open","template":"","meta":[],"product_brand":[],"product_cat":[193,192,44],"product_tag":[],"class_list":{"0":"post-607","1":"product","2":"type-product","3":"status-publish","4":"has-post-thumbnail","6":"product_cat-mutfak-hijyeni","7":"product_cat-stox","8":"product_cat-temizlik-kimyasallari","10":"first","11":"instock","12":"product-type-simple"},"yoast_head":"<!-- This site is optimized with the Yoast SEO Premium plugin v27.1 (Yoast SEO v27.4) - https:\/\/yoast.com\/product\/yoast-seo-premium-wordpress\/ -->\n<title>Point KT-115 - BSE Endusriyel Tedarik<\/title>\n<meta name=\"description\" content=\"Elde bula\u015f\u0131k y\u0131kama i\u00e7in s\u0131v\u0131 deterjan. Y\u00fcksek aktif madde i\u00e7eri\u011fi sayesinde ya\u011f, kir ve yemek art\u0131klar\u0131n\u0131 etkili bi\u00e7imde \u00e7\u00f6zer; bol k\u00f6p\u00fck olu\u015fturarak bula\u015f\u0131...\" \/>\n<meta name=\"robots\" content=\"index, follow, max-snippet:-1, max-image-preview:large, max-video-preview:-1\" \/>\n<link rel=\"canonical\" href=\"https:\/\/bseendustriyel.com\/?product=point-kt-115\" \/>\n<meta property=\"og:locale\" content=\"tr_TR\" \/>\n<meta property=\"og:type\" content=\"article\" \/>\n<meta property=\"og:title\" content=\"Point KT-115\" \/>\n<meta property=\"og:description\" content=\"Elde bula\u015f\u0131k y\u0131kama i\u00e7in s\u0131v\u0131 deterjan. Y\u00fcksek aktif madde i\u00e7eri\u011fi sayesinde ya\u011f, kir ve yemek art\u0131klar\u0131n\u0131 etkili bi\u00e7imde \u00e7\u00f6zer; bol k\u00f6p\u00fck olu\u015fturarak bula\u015f\u0131...\" \/>\n<meta property=\"og:url\" content=\"https:\/\/bseendustriyel.com\/?product=point-kt-115\" \/>\n<meta property=\"og:site_name\" content=\"BSE Endusriyel Tedarik\" \/>\n<meta property=\"article:modified_time\" content=\"2026-03-16T19:40:49+00:00\" \/>\n<meta property=\"og:image\" content=\"https:\/\/bseendustriyel.com\/wp-content\/uploads\/2026\/03\/stox-192-point-kt-115-5kg.jpg\" \/>\n\t<meta property=\"og:image:width\" content=\"1000\" \/>\n\t<meta property=\"og:image:height\" content=\"1000\" \/>\n\t<meta property=\"og:image:type\" content=\"image\/jpeg\" \/>\n<meta name=\"twitter:card\" content=\"summary_large_image\" \/>\n<script type=\"application\/ld+json\" class=\"yoast-schema-graph\">{\"@context\":\"https:\\\/\\\/schema.org\",\"@graph\":[{\"@type\":\"WebPage\",\"@id\":\"https:\\\/\\\/bseendustriyel.com\\\/?product=point-kt-115\",\"url\":\"https:\\\/\\\/bseendustriyel.com\\\/?product=point-kt-115\",\"name\":\"Point KT-115 - BSE Endusriyel Tedarik\",\"isPartOf\":{\"@id\":\"https:\\\/\\\/bseendustriyel.com\\\/#website\"},\"primaryImageOfPage\":{\"@id\":\"https:\\\/\\\/bseendustriyel.com\\\/?product=point-kt-115#primaryimage\"},\"image\":{\"@id\":\"https:\\\/\\\/bseendustriyel.com\\\/?product=point-kt-115#primaryimage\"},\"thumbnailUrl\":\"https:\\\/\\\/bseendustriyel.com\\\/wp-content\\\/uploads\\\/2026\\\/03\\\/stox-192-point-kt-115-5kg.jpg\",\"datePublished\":\"2026-03-16T14:04:25+00:00\",\"dateModified\":\"2026-03-16T19:40:49+00:00\",\"description\":\"Elde bula\u015f\u0131k y\u0131kama i\u00e7in s\u0131v\u0131 deterjan. Y\u00fcksek aktif madde i\u00e7eri\u011fi sayesinde ya\u011f, kir ve yemek art\u0131klar\u0131n\u0131 etkili bi\u00e7imde \u00e7\u00f6zer; bol k\u00f6p\u00fck olu\u015fturarak bula\u015f\u0131...\",\"breadcrumb\":{\"@id\":\"https:\\\/\\\/bseendustriyel.com\\\/?product=point-kt-115#breadcrumb\"},\"inLanguage\":\"tr\",\"potentialAction\":[{\"@type\":\"ReadAction\",\"target\":[\"https:\\\/\\\/bseendustriyel.com\\\/?product=point-kt-115\"]}]},{\"@type\":\"ImageObject\",\"inLanguage\":\"tr\",\"@id\":\"https:\\\/\\\/bseendustriyel.com\\\/?product=point-kt-115#primaryimage\",\"url\":\"https:\\\/\\\/bseendustriyel.com\\\/wp-content\\\/uploads\\\/2026\\\/03\\\/stox-192-point-kt-115-5kg.jpg\",\"contentUrl\":\"https:\\\/\\\/bseendustriyel.com\\\/wp-content\\\/uploads\\\/2026\\\/03\\\/stox-192-point-kt-115-5kg.jpg\",\"width\":1000,\"height\":1000},{\"@type\":\"BreadcrumbList\",\"@id\":\"https:\\\/\\\/bseendustriyel.com\\\/?product=point-kt-115#breadcrumb\",\"itemListElement\":[{\"@type\":\"ListItem\",\"position\":1,\"name\":\"Anasayfa\",\"item\":\"https:\\\/\\\/bseendustriyel.com\\\/\"},{\"@type\":\"ListItem\",\"position\":2,\"name\":\"Shop\",\"item\":\"https:\\\/\\\/bseendustriyel.com\\\/?page_id=24\"},{\"@type\":\"ListItem\",\"position\":3,\"name\":\"Point KT-115\"}]},{\"@type\":\"WebSite\",\"@id\":\"https:\\\/\\\/bseendustriyel.com\\\/#website\",\"url\":\"https:\\\/\\\/bseendustriyel.com\\\/\",\"name\":\"BSE Endusriyel Tedarik\",\"description\":\"\",\"potentialAction\":[{\"@type\":\"SearchAction\",\"target\":{\"@type\":\"EntryPoint\",\"urlTemplate\":\"https:\\\/\\\/bseendustriyel.com\\\/?s={search_term_string}\"},\"query-input\":{\"@type\":\"PropertyValueSpecification\",\"valueRequired\":true,\"valueName\":\"search_term_string\"}}],\"inLanguage\":\"tr\"}]}<\/script>\n<!-- \/ Yoast SEO Premium plugin. -->","yoast_head_json":{"title":"Point KT-115 - BSE Endusriyel Tedarik","description":"Elde bula\u015f\u0131k y\u0131kama i\u00e7in s\u0131v\u0131 deterjan. Y\u00fcksek aktif madde i\u00e7eri\u011fi sayesinde ya\u011f, kir ve yemek art\u0131klar\u0131n\u0131 etkili bi\u00e7imde \u00e7\u00f6zer; bol k\u00f6p\u00fck olu\u015fturarak bula\u015f\u0131...","robots":{"index":"index","follow":"follow","max-snippet":"max-snippet:-1","max-image-preview":"max-image-preview:large","max-video-preview":"max-video-preview:-1"},"canonical":"https:\/\/bseendustriyel.com\/?product=point-kt-115","og_locale":"tr_TR","og_type":"article","og_title":"Point KT-115","og_description":"Elde bula\u015f\u0131k y\u0131kama i\u00e7in s\u0131v\u0131 deterjan. Y\u00fcksek aktif madde i\u00e7eri\u011fi sayesinde ya\u011f, kir ve yemek art\u0131klar\u0131n\u0131 etkili bi\u00e7imde \u00e7\u00f6zer; bol k\u00f6p\u00fck olu\u015fturarak bula\u015f\u0131...","og_url":"https:\/\/bseendustriyel.com\/?product=point-kt-115","og_site_name":"BSE Endusriyel Tedarik","article_modified_time":"2026-03-16T19:40:49+00:00","og_image":[{"width":1000,"height":1000,"url":"https:\/\/bseendustriyel.com\/wp-content\/uploads\/2026\/03\/stox-192-point-kt-115-5kg.jpg","type":"image\/jpeg"}],"twitter_card":"summary_large_image","schema":{"@context":"https:\/\/schema.org","@graph":[{"@type":"WebPage","@id":"https:\/\/bseendustriyel.com\/?product=point-kt-115","url":"https:\/\/bseendustriyel.com\/?product=point-kt-115","name":"Point KT-115 - BSE Endusriyel Tedarik","isPartOf":{"@id":"https:\/\/bseendustriyel.com\/#website"},"primaryImageOfPage":{"@id":"https:\/\/bseendustriyel.com\/?product=point-kt-115#primaryimage"},"image":{"@id":"https:\/\/bseendustriyel.com\/?product=point-kt-115#primaryimage"},"thumbnailUrl":"https:\/\/bseendustriyel.com\/wp-content\/uploads\/2026\/03\/stox-192-point-kt-115-5kg.jpg","datePublished":"2026-03-16T14:04:25+00:00","dateModified":"2026-03-16T19:40:49+00:00","description":"Elde bula\u015f\u0131k y\u0131kama i\u00e7in s\u0131v\u0131 deterjan. Y\u00fcksek aktif madde i\u00e7eri\u011fi sayesinde ya\u011f, kir ve yemek art\u0131klar\u0131n\u0131 etkili bi\u00e7imde \u00e7\u00f6zer; bol k\u00f6p\u00fck olu\u015fturarak bula\u015f\u0131...","breadcrumb":{"@id":"https:\/\/bseendustriyel.com\/?product=point-kt-115#breadcrumb"},"inLanguage":"tr","potentialAction":[{"@type":"ReadAction","target":["https:\/\/bseendustriyel.com\/?product=point-kt-115"]}]},{"@type":"ImageObject","inLanguage":"tr","@id":"https:\/\/bseendustriyel.com\/?product=point-kt-115#primaryimage","url":"https:\/\/bseendustriyel.com\/wp-content\/uploads\/2026\/03\/stox-192-point-kt-115-5kg.jpg","contentUrl":"https:\/\/bseendustriyel.com\/wp-content\/uploads\/2026\/03\/stox-192-point-kt-115-5kg.jpg","width":1000,"height":1000},{"@type":"BreadcrumbList","@id":"https:\/\/bseendustriyel.com\/?product=point-kt-115#breadcrumb","itemListElement":[{"@type":"ListItem","position":1,"name":"Anasayfa","item":"https:\/\/bseendustriyel.com\/"},{"@type":"ListItem","position":2,"name":"Shop","item":"https:\/\/bseendustriyel.com\/?page_id=24"},{"@type":"ListItem","position":3,"name":"Point KT-115"}]},{"@type":"WebSite","@id":"https:\/\/bseendustriyel.com\/#website","url":"https:\/\/bseendustriyel.com\/","name":"BSE Endusriyel Tedarik","description":"","potentialAction":[{"@type":"SearchAction","target":{"@type":"EntryPoint","urlTemplate":"https:\/\/bseendustriyel.com\/?s={search_term_string}"},"query-input":{"@type":"PropertyValueSpecification","valueRequired":true,"valueName":"search_term_string"}}],"inLanguage":"tr"}]}},"_links":{"self":[{"href":"https:\/\/bseendustriyel.com\/index.php?rest_route=\/wp\/v2\/product\/607","targetHints":{"allow":["GET"]}}],"collection":[{"href":"https:\/\/bseendustriyel.com\/index.php?rest_route=\/wp\/v2\/product"}],"about":[{"href":"https:\/\/bseendustriyel.com\/index.php?rest_route=\/wp\/v2\/types\/product"}],"replies":[{"embeddable":true,"href":"https:\/\/bseendustriyel.com\/index.php?rest_route=%2Fwp%2Fv2%2Fcomments&post=607"}],"wp:featuredmedia":[{"embeddable":true,"href":"https:\/\/bseendustriyel.com\/index.php?rest_route=\/wp\/v2\/media\/33"}],"wp:attachment":[{"href":"https:\/\/bseendustriyel.com\/index.php?rest_route=%2Fwp%2Fv2%2Fmedia&parent=607"}],"wp:term":[{"taxonomy":"product_brand","embeddable":true,"href":"https:\/\/bseendustriyel.com\/index.php?rest_route=%2Fwp%2Fv2%2Fproduct_brand&post=607"},{"taxonomy":"product_cat","embeddable":true,"href":"https:\/\/bseendustriyel.com\/index.php?rest_route=%2Fwp%2Fv2%2Fproduct_cat&post=607"},{"taxonomy":"product_tag","embeddable":true,"href":"https:\/\/bseendustriyel.com\/index.php?rest_route=%2Fwp%2Fv2%2Fproduct_tag&post=607"}],"curies":[{"name":"wp","href":"https:\/\/api.w.org\/{rel}","templated":true}]}}