{"id":615,"date":"2026-03-16T14:04:58","date_gmt":"2026-03-16T14:04:58","guid":{"rendered":"https:\/\/bseendustriyel.com\/product\/exemat-alu-kt-170\/"},"modified":"2026-03-16T19:40:56","modified_gmt":"2026-03-16T19:40:57","slug":"exemat-alu-kt-170","status":"publish","type":"product","link":"https:\/\/bseendustriyel.com\/?product=exemat-alu-kt-170","title":{"rendered":"Exemat Alu KT-170"},"content":{"rendered":"<p>Al\u00fcminyum ve hafif metal y\u00fczeyler i\u00e7in \u00f6zel form\u00fcle edilmi\u015f sanayi tipi bula\u015f\u0131k makinesi deterjan\u0131. Metal y\u00fczeylere zarar vermeden derin temizlik sa\u011flar.<\/p>\n<p>25kg<\/p>\n","protected":false},"excerpt":{"rendered":"<p>Al\u00fcminyum ve hafif metal y\u00fczeyler i\u00e7in \u00f6zel form\u00fcle edilmi\u015f sanayi tipi bula\u015f\u0131k makinesi deterjan\u0131. Metal y\u00fczeylere zarar vermeden derin temizlik sa\u011flar.<\/p>\n","protected":false},"featured_media":0,"comment_status":"closed","ping_status":"open","template":"","meta":[],"product_brand":[],"product_cat":[193,192,44],"product_tag":[],"class_list":{"0":"post-615","1":"product","2":"type-product","3":"status-publish","5":"product_cat-mutfak-hijyeni","6":"product_cat-stox","7":"product_cat-temizlik-kimyasallari","9":"first","10":"instock","11":"product-type-simple"},"yoast_head":"<!-- This site is optimized with the Yoast SEO Premium plugin v27.1 (Yoast SEO v27.4) - https:\/\/yoast.com\/product\/yoast-seo-premium-wordpress\/ -->\n<title>Exemat Alu KT-170 - BSE Endusriyel Tedarik<\/title>\n<meta name=\"description\" content=\"Al\u00fcminyum ve hafif metal y\u00fczeyler i\u00e7in \u00f6zel form\u00fcle edilmi\u015f sanayi tipi bula\u015f\u0131k makinesi deterjan\u0131. Metal y\u00fczeylere zarar vermeden derin temizlik sa\u011flar. Eko...\" \/>\n<meta name=\"robots\" content=\"index, follow, max-snippet:-1, max-image-preview:large, max-video-preview:-1\" \/>\n<link rel=\"canonical\" href=\"https:\/\/bseendustriyel.com\/?product=exemat-alu-kt-170\" \/>\n<meta property=\"og:locale\" content=\"tr_TR\" \/>\n<meta property=\"og:type\" content=\"article\" \/>\n<meta property=\"og:title\" content=\"Exemat Alu KT-170\" \/>\n<meta property=\"og:description\" content=\"Al\u00fcminyum ve hafif metal y\u00fczeyler i\u00e7in \u00f6zel form\u00fcle edilmi\u015f sanayi tipi bula\u015f\u0131k makinesi deterjan\u0131. Metal y\u00fczeylere zarar vermeden derin temizlik sa\u011flar. Eko...\" \/>\n<meta property=\"og:url\" content=\"https:\/\/bseendustriyel.com\/?product=exemat-alu-kt-170\" \/>\n<meta property=\"og:site_name\" content=\"BSE Endusriyel Tedarik\" \/>\n<meta property=\"article:modified_time\" content=\"2026-03-16T19:40:57+00:00\" \/>\n<meta name=\"twitter:card\" content=\"summary_large_image\" \/>\n<script type=\"application\/ld+json\" class=\"yoast-schema-graph\">{\"@context\":\"https:\\\/\\\/schema.org\",\"@graph\":[{\"@type\":\"WebPage\",\"@id\":\"https:\\\/\\\/bseendustriyel.com\\\/?product=exemat-alu-kt-170\",\"url\":\"https:\\\/\\\/bseendustriyel.com\\\/?product=exemat-alu-kt-170\",\"name\":\"Exemat Alu KT-170 - BSE Endusriyel Tedarik\",\"isPartOf\":{\"@id\":\"https:\\\/\\\/bseendustriyel.com\\\/#website\"},\"datePublished\":\"2026-03-16T14:04:58+00:00\",\"dateModified\":\"2026-03-16T19:40:57+00:00\",\"description\":\"Al\u00fcminyum ve hafif metal y\u00fczeyler i\u00e7in \u00f6zel form\u00fcle edilmi\u015f sanayi tipi bula\u015f\u0131k makinesi deterjan\u0131. Metal y\u00fczeylere zarar vermeden derin temizlik sa\u011flar. Eko...\",\"breadcrumb\":{\"@id\":\"https:\\\/\\\/bseendustriyel.com\\\/?product=exemat-alu-kt-170#breadcrumb\"},\"inLanguage\":\"tr\",\"potentialAction\":[{\"@type\":\"ReadAction\",\"target\":[\"https:\\\/\\\/bseendustriyel.com\\\/?product=exemat-alu-kt-170\"]}]},{\"@type\":\"BreadcrumbList\",\"@id\":\"https:\\\/\\\/bseendustriyel.com\\\/?product=exemat-alu-kt-170#breadcrumb\",\"itemListElement\":[{\"@type\":\"ListItem\",\"position\":1,\"name\":\"Anasayfa\",\"item\":\"https:\\\/\\\/bseendustriyel.com\\\/\"},{\"@type\":\"ListItem\",\"position\":2,\"name\":\"Shop\",\"item\":\"https:\\\/\\\/bseendustriyel.com\\\/?page_id=24\"},{\"@type\":\"ListItem\",\"position\":3,\"name\":\"Exemat Alu KT-170\"}]},{\"@type\":\"WebSite\",\"@id\":\"https:\\\/\\\/bseendustriyel.com\\\/#website\",\"url\":\"https:\\\/\\\/bseendustriyel.com\\\/\",\"name\":\"BSE Endusriyel Tedarik\",\"description\":\"\",\"potentialAction\":[{\"@type\":\"SearchAction\",\"target\":{\"@type\":\"EntryPoint\",\"urlTemplate\":\"https:\\\/\\\/bseendustriyel.com\\\/?s={search_term_string}\"},\"query-input\":{\"@type\":\"PropertyValueSpecification\",\"valueRequired\":true,\"valueName\":\"search_term_string\"}}],\"inLanguage\":\"tr\"}]}<\/script>\n<!-- \/ Yoast SEO Premium plugin. -->","yoast_head_json":{"title":"Exemat Alu KT-170 - BSE Endusriyel Tedarik","description":"Al\u00fcminyum ve hafif metal y\u00fczeyler i\u00e7in \u00f6zel form\u00fcle edilmi\u015f sanayi tipi bula\u015f\u0131k makinesi deterjan\u0131. Metal y\u00fczeylere zarar vermeden derin temizlik sa\u011flar. Eko...","robots":{"index":"index","follow":"follow","max-snippet":"max-snippet:-1","max-image-preview":"max-image-preview:large","max-video-preview":"max-video-preview:-1"},"canonical":"https:\/\/bseendustriyel.com\/?product=exemat-alu-kt-170","og_locale":"tr_TR","og_type":"article","og_title":"Exemat Alu KT-170","og_description":"Al\u00fcminyum ve hafif metal y\u00fczeyler i\u00e7in \u00f6zel form\u00fcle edilmi\u015f sanayi tipi bula\u015f\u0131k makinesi deterjan\u0131. Metal y\u00fczeylere zarar vermeden derin temizlik sa\u011flar. Eko...","og_url":"https:\/\/bseendustriyel.com\/?product=exemat-alu-kt-170","og_site_name":"BSE Endusriyel Tedarik","article_modified_time":"2026-03-16T19:40:57+00:00","twitter_card":"summary_large_image","schema":{"@context":"https:\/\/schema.org","@graph":[{"@type":"WebPage","@id":"https:\/\/bseendustriyel.com\/?product=exemat-alu-kt-170","url":"https:\/\/bseendustriyel.com\/?product=exemat-alu-kt-170","name":"Exemat Alu KT-170 - BSE Endusriyel Tedarik","isPartOf":{"@id":"https:\/\/bseendustriyel.com\/#website"},"datePublished":"2026-03-16T14:04:58+00:00","dateModified":"2026-03-16T19:40:57+00:00","description":"Al\u00fcminyum ve hafif metal y\u00fczeyler i\u00e7in \u00f6zel form\u00fcle edilmi\u015f sanayi tipi bula\u015f\u0131k makinesi deterjan\u0131. Metal y\u00fczeylere zarar vermeden derin temizlik sa\u011flar. Eko...","breadcrumb":{"@id":"https:\/\/bseendustriyel.com\/?product=exemat-alu-kt-170#breadcrumb"},"inLanguage":"tr","potentialAction":[{"@type":"ReadAction","target":["https:\/\/bseendustriyel.com\/?product=exemat-alu-kt-170"]}]},{"@type":"BreadcrumbList","@id":"https:\/\/bseendustriyel.com\/?product=exemat-alu-kt-170#breadcrumb","itemListElement":[{"@type":"ListItem","position":1,"name":"Anasayfa","item":"https:\/\/bseendustriyel.com\/"},{"@type":"ListItem","position":2,"name":"Shop","item":"https:\/\/bseendustriyel.com\/?page_id=24"},{"@type":"ListItem","position":3,"name":"Exemat Alu KT-170"}]},{"@type":"WebSite","@id":"https:\/\/bseendustriyel.com\/#website","url":"https:\/\/bseendustriyel.com\/","name":"BSE Endusriyel Tedarik","description":"","potentialAction":[{"@type":"SearchAction","target":{"@type":"EntryPoint","urlTemplate":"https:\/\/bseendustriyel.com\/?s={search_term_string}"},"query-input":{"@type":"PropertyValueSpecification","valueRequired":true,"valueName":"search_term_string"}}],"inLanguage":"tr"}]}},"_links":{"self":[{"href":"https:\/\/bseendustriyel.com\/index.php?rest_route=\/wp\/v2\/product\/615","targetHints":{"allow":["GET"]}}],"collection":[{"href":"https:\/\/bseendustriyel.com\/index.php?rest_route=\/wp\/v2\/product"}],"about":[{"href":"https:\/\/bseendustriyel.com\/index.php?rest_route=\/wp\/v2\/types\/product"}],"replies":[{"embeddable":true,"href":"https:\/\/bseendustriyel.com\/index.php?rest_route=%2Fwp%2Fv2%2Fcomments&post=615"}],"wp:attachment":[{"href":"https:\/\/bseendustriyel.com\/index.php?rest_route=%2Fwp%2Fv2%2Fmedia&parent=615"}],"wp:term":[{"taxonomy":"product_brand","embeddable":true,"href":"https:\/\/bseendustriyel.com\/index.php?rest_route=%2Fwp%2Fv2%2Fproduct_brand&post=615"},{"taxonomy":"product_cat","embeddable":true,"href":"https:\/\/bseendustriyel.com\/index.php?rest_route=%2Fwp%2Fv2%2Fproduct_cat&post=615"},{"taxonomy":"product_tag","embeddable":true,"href":"https:\/\/bseendustriyel.com\/index.php?rest_route=%2Fwp%2Fv2%2Fproduct_tag&post=615"}],"curies":[{"name":"wp","href":"https:\/\/api.w.org\/{rel}","templated":true}]}}