{"id":628,"date":"2026-03-16T14:04:58","date_gmt":"2026-03-16T14:04:58","guid":{"rendered":"https:\/\/bseendustriyel.com\/product\/pro-fresh\/"},"modified":"2026-03-16T19:41:08","modified_gmt":"2026-03-16T19:41:08","slug":"pro-fresh","status":"publish","type":"product","link":"https:\/\/bseendustriyel.com\/?product=pro-fresh","title":{"rendered":"Pro Fresh"},"content":{"rendered":"<p>Profesyonel kullan\u0131ma y\u00f6nelik taze kokulu y\u00fczey temizleyici. Hastane, otel ve ofis gibi titiz hijyen gerektiren ortamlarda uzun s\u00fcreli tazelik ve mikrobik temizlik sa\u011flar.<\/p>\n<p>5kg, 20kg<\/p>\n","protected":false},"excerpt":{"rendered":"<p>Profesyonel kullan\u0131ma y\u00f6nelik taze kokulu y\u00fczey temizleyici. Hastane, otel ve ofis gibi titiz hijyen gerektiren ortamlarda uzun s\u00fcreli tazelik ve mikrobik temizlik sa\u011flar.<\/p>\n","protected":false},"featured_media":0,"comment_status":"closed","ping_status":"open","template":"","meta":[],"product_brand":[],"product_cat":[192,44,194],"product_tag":[],"class_list":{"0":"post-628","1":"product","2":"type-product","3":"status-publish","5":"product_cat-stox","6":"product_cat-temizlik-kimyasallari","7":"product_cat-yuzey-temizlik-bina-bakim","9":"first","10":"instock","11":"product-type-simple"},"yoast_head":"<!-- This site is optimized with the Yoast SEO Premium plugin v27.1 (Yoast SEO v27.4) - https:\/\/yoast.com\/product\/yoast-seo-premium-wordpress\/ -->\n<title>Pro Fresh - BSE Endusriyel Tedarik<\/title>\n<meta name=\"description\" content=\"Profesyonel kullan\u0131ma y\u00f6nelik taze kokulu y\u00fczey temizleyici. Hastane, otel ve ofis gibi titiz hijyen gerektiren ortamlarda uzun s\u00fcreli tazelik ve mikrobik te...\" \/>\n<meta name=\"robots\" content=\"index, follow, max-snippet:-1, max-image-preview:large, max-video-preview:-1\" \/>\n<link rel=\"canonical\" href=\"https:\/\/bseendustriyel.com\/?product=pro-fresh\" \/>\n<meta property=\"og:locale\" content=\"tr_TR\" \/>\n<meta property=\"og:type\" content=\"article\" \/>\n<meta property=\"og:title\" content=\"Pro Fresh\" \/>\n<meta property=\"og:description\" content=\"Profesyonel kullan\u0131ma y\u00f6nelik taze kokulu y\u00fczey temizleyici. Hastane, otel ve ofis gibi titiz hijyen gerektiren ortamlarda uzun s\u00fcreli tazelik ve mikrobik te...\" \/>\n<meta property=\"og:url\" content=\"https:\/\/bseendustriyel.com\/?product=pro-fresh\" \/>\n<meta property=\"og:site_name\" content=\"BSE Endusriyel Tedarik\" \/>\n<meta property=\"article:modified_time\" content=\"2026-03-16T19:41:08+00:00\" \/>\n<meta name=\"twitter:card\" content=\"summary_large_image\" \/>\n<script type=\"application\/ld+json\" class=\"yoast-schema-graph\">{\"@context\":\"https:\\\/\\\/schema.org\",\"@graph\":[{\"@type\":\"WebPage\",\"@id\":\"https:\\\/\\\/bseendustriyel.com\\\/?product=pro-fresh\",\"url\":\"https:\\\/\\\/bseendustriyel.com\\\/?product=pro-fresh\",\"name\":\"Pro Fresh - BSE Endusriyel Tedarik\",\"isPartOf\":{\"@id\":\"https:\\\/\\\/bseendustriyel.com\\\/#website\"},\"datePublished\":\"2026-03-16T14:04:58+00:00\",\"dateModified\":\"2026-03-16T19:41:08+00:00\",\"description\":\"Profesyonel kullan\u0131ma y\u00f6nelik taze kokulu y\u00fczey temizleyici. Hastane, otel ve ofis gibi titiz hijyen gerektiren ortamlarda uzun s\u00fcreli tazelik ve mikrobik te...\",\"breadcrumb\":{\"@id\":\"https:\\\/\\\/bseendustriyel.com\\\/?product=pro-fresh#breadcrumb\"},\"inLanguage\":\"tr\",\"potentialAction\":[{\"@type\":\"ReadAction\",\"target\":[\"https:\\\/\\\/bseendustriyel.com\\\/?product=pro-fresh\"]}]},{\"@type\":\"BreadcrumbList\",\"@id\":\"https:\\\/\\\/bseendustriyel.com\\\/?product=pro-fresh#breadcrumb\",\"itemListElement\":[{\"@type\":\"ListItem\",\"position\":1,\"name\":\"Anasayfa\",\"item\":\"https:\\\/\\\/bseendustriyel.com\\\/\"},{\"@type\":\"ListItem\",\"position\":2,\"name\":\"Shop\",\"item\":\"https:\\\/\\\/bseendustriyel.com\\\/?page_id=24\"},{\"@type\":\"ListItem\",\"position\":3,\"name\":\"Pro Fresh\"}]},{\"@type\":\"WebSite\",\"@id\":\"https:\\\/\\\/bseendustriyel.com\\\/#website\",\"url\":\"https:\\\/\\\/bseendustriyel.com\\\/\",\"name\":\"BSE Endusriyel Tedarik\",\"description\":\"\",\"potentialAction\":[{\"@type\":\"SearchAction\",\"target\":{\"@type\":\"EntryPoint\",\"urlTemplate\":\"https:\\\/\\\/bseendustriyel.com\\\/?s={search_term_string}\"},\"query-input\":{\"@type\":\"PropertyValueSpecification\",\"valueRequired\":true,\"valueName\":\"search_term_string\"}}],\"inLanguage\":\"tr\"}]}<\/script>\n<!-- \/ Yoast SEO Premium plugin. -->","yoast_head_json":{"title":"Pro Fresh - BSE Endusriyel Tedarik","description":"Profesyonel kullan\u0131ma y\u00f6nelik taze kokulu y\u00fczey temizleyici. Hastane, otel ve ofis gibi titiz hijyen gerektiren ortamlarda uzun s\u00fcreli tazelik ve mikrobik te...","robots":{"index":"index","follow":"follow","max-snippet":"max-snippet:-1","max-image-preview":"max-image-preview:large","max-video-preview":"max-video-preview:-1"},"canonical":"https:\/\/bseendustriyel.com\/?product=pro-fresh","og_locale":"tr_TR","og_type":"article","og_title":"Pro Fresh","og_description":"Profesyonel kullan\u0131ma y\u00f6nelik taze kokulu y\u00fczey temizleyici. Hastane, otel ve ofis gibi titiz hijyen gerektiren ortamlarda uzun s\u00fcreli tazelik ve mikrobik te...","og_url":"https:\/\/bseendustriyel.com\/?product=pro-fresh","og_site_name":"BSE Endusriyel Tedarik","article_modified_time":"2026-03-16T19:41:08+00:00","twitter_card":"summary_large_image","schema":{"@context":"https:\/\/schema.org","@graph":[{"@type":"WebPage","@id":"https:\/\/bseendustriyel.com\/?product=pro-fresh","url":"https:\/\/bseendustriyel.com\/?product=pro-fresh","name":"Pro Fresh - BSE Endusriyel Tedarik","isPartOf":{"@id":"https:\/\/bseendustriyel.com\/#website"},"datePublished":"2026-03-16T14:04:58+00:00","dateModified":"2026-03-16T19:41:08+00:00","description":"Profesyonel kullan\u0131ma y\u00f6nelik taze kokulu y\u00fczey temizleyici. Hastane, otel ve ofis gibi titiz hijyen gerektiren ortamlarda uzun s\u00fcreli tazelik ve mikrobik te...","breadcrumb":{"@id":"https:\/\/bseendustriyel.com\/?product=pro-fresh#breadcrumb"},"inLanguage":"tr","potentialAction":[{"@type":"ReadAction","target":["https:\/\/bseendustriyel.com\/?product=pro-fresh"]}]},{"@type":"BreadcrumbList","@id":"https:\/\/bseendustriyel.com\/?product=pro-fresh#breadcrumb","itemListElement":[{"@type":"ListItem","position":1,"name":"Anasayfa","item":"https:\/\/bseendustriyel.com\/"},{"@type":"ListItem","position":2,"name":"Shop","item":"https:\/\/bseendustriyel.com\/?page_id=24"},{"@type":"ListItem","position":3,"name":"Pro Fresh"}]},{"@type":"WebSite","@id":"https:\/\/bseendustriyel.com\/#website","url":"https:\/\/bseendustriyel.com\/","name":"BSE Endusriyel Tedarik","description":"","potentialAction":[{"@type":"SearchAction","target":{"@type":"EntryPoint","urlTemplate":"https:\/\/bseendustriyel.com\/?s={search_term_string}"},"query-input":{"@type":"PropertyValueSpecification","valueRequired":true,"valueName":"search_term_string"}}],"inLanguage":"tr"}]}},"_links":{"self":[{"href":"https:\/\/bseendustriyel.com\/index.php?rest_route=\/wp\/v2\/product\/628","targetHints":{"allow":["GET"]}}],"collection":[{"href":"https:\/\/bseendustriyel.com\/index.php?rest_route=\/wp\/v2\/product"}],"about":[{"href":"https:\/\/bseendustriyel.com\/index.php?rest_route=\/wp\/v2\/types\/product"}],"replies":[{"embeddable":true,"href":"https:\/\/bseendustriyel.com\/index.php?rest_route=%2Fwp%2Fv2%2Fcomments&post=628"}],"wp:attachment":[{"href":"https:\/\/bseendustriyel.com\/index.php?rest_route=%2Fwp%2Fv2%2Fmedia&parent=628"}],"wp:term":[{"taxonomy":"product_brand","embeddable":true,"href":"https:\/\/bseendustriyel.com\/index.php?rest_route=%2Fwp%2Fv2%2Fproduct_brand&post=628"},{"taxonomy":"product_cat","embeddable":true,"href":"https:\/\/bseendustriyel.com\/index.php?rest_route=%2Fwp%2Fv2%2Fproduct_cat&post=628"},{"taxonomy":"product_tag","embeddable":true,"href":"https:\/\/bseendustriyel.com\/index.php?rest_route=%2Fwp%2Fv2%2Fproduct_tag&post=628"}],"curies":[{"name":"wp","href":"https:\/\/api.w.org\/{rel}","templated":true}]}}