{"id":640,"date":"2026-03-16T14:05:19","date_gmt":"2026-03-16T14:05:19","guid":{"rendered":"https:\/\/bseendustriyel.com\/product\/wc-oil-cam\/"},"modified":"2026-03-16T19:41:21","modified_gmt":"2026-03-16T19:41:21","slug":"wc-oil-cam","status":"publish","type":"product","link":"https:\/\/bseendustriyel.com\/?product=wc-oil-cam","title":{"rendered":"WC Oil (\u00c7am)"},"content":{"rendered":"<p>WC ve tuvalet alanlar\u0131 i\u00e7in esansiyel ya\u011f i\u00e7erikli temizleyici ve koku giderici. Kire\u00e7 ve tortu birikintilerini \u00e7\u00f6zerken kal\u0131c\u0131 ferahl\u0131k sa\u011flar.<\/p>\n<p>5kg<\/p>\n","protected":false},"excerpt":{"rendered":"<p>WC ve tuvalet alanlar\u0131 i\u00e7in esansiyel ya\u011f i\u00e7erikli temizleyici ve koku giderici. Kire\u00e7 ve tortu birikintilerini \u00e7\u00f6zerken kal\u0131c\u0131 ferahl\u0131k sa\u011flar.<\/p>\n","protected":false},"featured_media":0,"comment_status":"closed","ping_status":"open","template":"","meta":[],"product_brand":[],"product_cat":[192,44,194],"product_tag":[],"class_list":{"0":"post-640","1":"product","2":"type-product","3":"status-publish","5":"product_cat-stox","6":"product_cat-temizlik-kimyasallari","7":"product_cat-yuzey-temizlik-bina-bakim","9":"first","10":"instock","11":"product-type-simple"},"yoast_head":"<!-- This site is optimized with the Yoast SEO Premium plugin v27.1 (Yoast SEO v27.4) - https:\/\/yoast.com\/product\/yoast-seo-premium-wordpress\/ -->\n<title>WC Oil (\u00c7am) - BSE Endusriyel Tedarik<\/title>\n<meta name=\"description\" content=\"WC ve tuvalet alanlar\u0131 i\u00e7in esansiyel ya\u011f i\u00e7erikli temizleyici ve koku giderici. Kire\u00e7 ve tortu birikintilerini \u00e7\u00f6zerken kal\u0131c\u0131 ferahl\u0131k sa\u011flar. Eko-Kim&#039;den ...\" \/>\n<meta name=\"robots\" content=\"index, follow, max-snippet:-1, max-image-preview:large, max-video-preview:-1\" \/>\n<link rel=\"canonical\" href=\"https:\/\/bseendustriyel.com\/?product=wc-oil-cam\" \/>\n<meta property=\"og:locale\" content=\"tr_TR\" \/>\n<meta property=\"og:type\" content=\"article\" \/>\n<meta property=\"og:title\" content=\"WC Oil (\u00c7am)\" \/>\n<meta property=\"og:description\" content=\"WC ve tuvalet alanlar\u0131 i\u00e7in esansiyel ya\u011f i\u00e7erikli temizleyici ve koku giderici. Kire\u00e7 ve tortu birikintilerini \u00e7\u00f6zerken kal\u0131c\u0131 ferahl\u0131k sa\u011flar. Eko-Kim&#039;den ...\" \/>\n<meta property=\"og:url\" content=\"https:\/\/bseendustriyel.com\/?product=wc-oil-cam\" \/>\n<meta property=\"og:site_name\" content=\"BSE Endusriyel Tedarik\" \/>\n<meta property=\"article:modified_time\" content=\"2026-03-16T19:41:21+00:00\" \/>\n<meta name=\"twitter:card\" content=\"summary_large_image\" \/>\n<script type=\"application\/ld+json\" class=\"yoast-schema-graph\">{\"@context\":\"https:\\\/\\\/schema.org\",\"@graph\":[{\"@type\":\"WebPage\",\"@id\":\"https:\\\/\\\/bseendustriyel.com\\\/?product=wc-oil-cam\",\"url\":\"https:\\\/\\\/bseendustriyel.com\\\/?product=wc-oil-cam\",\"name\":\"WC Oil (\u00c7am) - BSE Endusriyel Tedarik\",\"isPartOf\":{\"@id\":\"https:\\\/\\\/bseendustriyel.com\\\/#website\"},\"datePublished\":\"2026-03-16T14:05:19+00:00\",\"dateModified\":\"2026-03-16T19:41:21+00:00\",\"description\":\"WC ve tuvalet alanlar\u0131 i\u00e7in esansiyel ya\u011f i\u00e7erikli temizleyici ve koku giderici. Kire\u00e7 ve tortu birikintilerini \u00e7\u00f6zerken kal\u0131c\u0131 ferahl\u0131k sa\u011flar. Eko-Kim'den ...\",\"breadcrumb\":{\"@id\":\"https:\\\/\\\/bseendustriyel.com\\\/?product=wc-oil-cam#breadcrumb\"},\"inLanguage\":\"tr\",\"potentialAction\":[{\"@type\":\"ReadAction\",\"target\":[\"https:\\\/\\\/bseendustriyel.com\\\/?product=wc-oil-cam\"]}]},{\"@type\":\"BreadcrumbList\",\"@id\":\"https:\\\/\\\/bseendustriyel.com\\\/?product=wc-oil-cam#breadcrumb\",\"itemListElement\":[{\"@type\":\"ListItem\",\"position\":1,\"name\":\"Anasayfa\",\"item\":\"https:\\\/\\\/bseendustriyel.com\\\/\"},{\"@type\":\"ListItem\",\"position\":2,\"name\":\"Shop\",\"item\":\"https:\\\/\\\/bseendustriyel.com\\\/?page_id=24\"},{\"@type\":\"ListItem\",\"position\":3,\"name\":\"WC Oil (\u00c7am)\"}]},{\"@type\":\"WebSite\",\"@id\":\"https:\\\/\\\/bseendustriyel.com\\\/#website\",\"url\":\"https:\\\/\\\/bseendustriyel.com\\\/\",\"name\":\"BSE Endusriyel Tedarik\",\"description\":\"\",\"potentialAction\":[{\"@type\":\"SearchAction\",\"target\":{\"@type\":\"EntryPoint\",\"urlTemplate\":\"https:\\\/\\\/bseendustriyel.com\\\/?s={search_term_string}\"},\"query-input\":{\"@type\":\"PropertyValueSpecification\",\"valueRequired\":true,\"valueName\":\"search_term_string\"}}],\"inLanguage\":\"tr\"}]}<\/script>\n<!-- \/ Yoast SEO Premium plugin. -->","yoast_head_json":{"title":"WC Oil (\u00c7am) - BSE Endusriyel Tedarik","description":"WC ve tuvalet alanlar\u0131 i\u00e7in esansiyel ya\u011f i\u00e7erikli temizleyici ve koku giderici. Kire\u00e7 ve tortu birikintilerini \u00e7\u00f6zerken kal\u0131c\u0131 ferahl\u0131k sa\u011flar. Eko-Kim'den ...","robots":{"index":"index","follow":"follow","max-snippet":"max-snippet:-1","max-image-preview":"max-image-preview:large","max-video-preview":"max-video-preview:-1"},"canonical":"https:\/\/bseendustriyel.com\/?product=wc-oil-cam","og_locale":"tr_TR","og_type":"article","og_title":"WC Oil (\u00c7am)","og_description":"WC ve tuvalet alanlar\u0131 i\u00e7in esansiyel ya\u011f i\u00e7erikli temizleyici ve koku giderici. Kire\u00e7 ve tortu birikintilerini \u00e7\u00f6zerken kal\u0131c\u0131 ferahl\u0131k sa\u011flar. Eko-Kim'den ...","og_url":"https:\/\/bseendustriyel.com\/?product=wc-oil-cam","og_site_name":"BSE Endusriyel Tedarik","article_modified_time":"2026-03-16T19:41:21+00:00","twitter_card":"summary_large_image","schema":{"@context":"https:\/\/schema.org","@graph":[{"@type":"WebPage","@id":"https:\/\/bseendustriyel.com\/?product=wc-oil-cam","url":"https:\/\/bseendustriyel.com\/?product=wc-oil-cam","name":"WC Oil (\u00c7am) - BSE Endusriyel Tedarik","isPartOf":{"@id":"https:\/\/bseendustriyel.com\/#website"},"datePublished":"2026-03-16T14:05:19+00:00","dateModified":"2026-03-16T19:41:21+00:00","description":"WC ve tuvalet alanlar\u0131 i\u00e7in esansiyel ya\u011f i\u00e7erikli temizleyici ve koku giderici. Kire\u00e7 ve tortu birikintilerini \u00e7\u00f6zerken kal\u0131c\u0131 ferahl\u0131k sa\u011flar. Eko-Kim'den ...","breadcrumb":{"@id":"https:\/\/bseendustriyel.com\/?product=wc-oil-cam#breadcrumb"},"inLanguage":"tr","potentialAction":[{"@type":"ReadAction","target":["https:\/\/bseendustriyel.com\/?product=wc-oil-cam"]}]},{"@type":"BreadcrumbList","@id":"https:\/\/bseendustriyel.com\/?product=wc-oil-cam#breadcrumb","itemListElement":[{"@type":"ListItem","position":1,"name":"Anasayfa","item":"https:\/\/bseendustriyel.com\/"},{"@type":"ListItem","position":2,"name":"Shop","item":"https:\/\/bseendustriyel.com\/?page_id=24"},{"@type":"ListItem","position":3,"name":"WC Oil (\u00c7am)"}]},{"@type":"WebSite","@id":"https:\/\/bseendustriyel.com\/#website","url":"https:\/\/bseendustriyel.com\/","name":"BSE Endusriyel Tedarik","description":"","potentialAction":[{"@type":"SearchAction","target":{"@type":"EntryPoint","urlTemplate":"https:\/\/bseendustriyel.com\/?s={search_term_string}"},"query-input":{"@type":"PropertyValueSpecification","valueRequired":true,"valueName":"search_term_string"}}],"inLanguage":"tr"}]}},"_links":{"self":[{"href":"https:\/\/bseendustriyel.com\/index.php?rest_route=\/wp\/v2\/product\/640","targetHints":{"allow":["GET"]}}],"collection":[{"href":"https:\/\/bseendustriyel.com\/index.php?rest_route=\/wp\/v2\/product"}],"about":[{"href":"https:\/\/bseendustriyel.com\/index.php?rest_route=\/wp\/v2\/types\/product"}],"replies":[{"embeddable":true,"href":"https:\/\/bseendustriyel.com\/index.php?rest_route=%2Fwp%2Fv2%2Fcomments&post=640"}],"wp:attachment":[{"href":"https:\/\/bseendustriyel.com\/index.php?rest_route=%2Fwp%2Fv2%2Fmedia&parent=640"}],"wp:term":[{"taxonomy":"product_brand","embeddable":true,"href":"https:\/\/bseendustriyel.com\/index.php?rest_route=%2Fwp%2Fv2%2Fproduct_brand&post=640"},{"taxonomy":"product_cat","embeddable":true,"href":"https:\/\/bseendustriyel.com\/index.php?rest_route=%2Fwp%2Fv2%2Fproduct_cat&post=640"},{"taxonomy":"product_tag","embeddable":true,"href":"https:\/\/bseendustriyel.com\/index.php?rest_route=%2Fwp%2Fv2%2Fproduct_tag&post=640"}],"curies":[{"name":"wp","href":"https:\/\/api.w.org\/{rel}","templated":true}]}}