{"id":658,"date":"2026-03-16T14:05:38","date_gmt":"2026-03-16T14:05:38","guid":{"rendered":"https:\/\/bseendustriyel.com\/product\/neogen\/"},"modified":"2026-03-16T19:41:38","modified_gmt":"2026-03-16T19:41:38","slug":"neogen","status":"publish","type":"product","link":"https:\/\/bseendustriyel.com\/?product=neogen","title":{"rendered":"Neogen"},"content":{"rendered":"<p>Biyolojik koku giderici ve organik kir \u00e7\u00f6z\u00fcc\u00fc. Enzim bazl\u0131 form\u00fcl\u00fc ile organik kokular\u0131n kayna\u011f\u0131n\u0131 yok ederek kal\u0131c\u0131 tazelik sa\u011flar.<\/p>\n<p>370ml, 30kg<\/p>\n","protected":false},"excerpt":{"rendered":"<p>Biyolojik koku giderici ve organik kir \u00e7\u00f6z\u00fcc\u00fc. Enzim bazl\u0131 form\u00fcl\u00fc ile organik kokular\u0131n kayna\u011f\u0131n\u0131 yok ederek kal\u0131c\u0131 tazelik sa\u011flar.<\/p>\n","protected":false},"featured_media":124,"comment_status":"closed","ping_status":"open","template":"","meta":[],"product_brand":[],"product_cat":[195,192,44],"product_tag":[],"class_list":{"0":"post-658","1":"product","2":"type-product","3":"status-publish","4":"has-post-thumbnail","6":"product_cat-spesifik-urunler","7":"product_cat-stox","8":"product_cat-temizlik-kimyasallari","10":"first","11":"instock","12":"product-type-simple"},"yoast_head":"<!-- This site is optimized with the Yoast SEO Premium plugin v27.1 (Yoast SEO v27.4) - https:\/\/yoast.com\/product\/yoast-seo-premium-wordpress\/ -->\n<title>Neogen - BSE Endusriyel Tedarik<\/title>\n<meta name=\"description\" content=\"Biyolojik koku giderici ve organik kir \u00e7\u00f6z\u00fcc\u00fc. Enzim bazl\u0131 form\u00fcl\u00fc ile organik kokular\u0131n kayna\u011f\u0131n\u0131 yok ederek kal\u0131c\u0131 tazelik sa\u011flar. Eko-Kim&#039;den sipari\u015f verin.\" \/>\n<meta name=\"robots\" content=\"index, follow, max-snippet:-1, max-image-preview:large, max-video-preview:-1\" \/>\n<link rel=\"canonical\" href=\"https:\/\/bseendustriyel.com\/?product=neogen\" \/>\n<meta property=\"og:locale\" content=\"tr_TR\" \/>\n<meta property=\"og:type\" content=\"article\" \/>\n<meta property=\"og:title\" content=\"Neogen\" \/>\n<meta property=\"og:description\" content=\"Biyolojik koku giderici ve organik kir \u00e7\u00f6z\u00fcc\u00fc. Enzim bazl\u0131 form\u00fcl\u00fc ile organik kokular\u0131n kayna\u011f\u0131n\u0131 yok ederek kal\u0131c\u0131 tazelik sa\u011flar. Eko-Kim&#039;den sipari\u015f verin.\" \/>\n<meta property=\"og:url\" content=\"https:\/\/bseendustriyel.com\/?product=neogen\" \/>\n<meta property=\"og:site_name\" content=\"BSE Endusriyel Tedarik\" \/>\n<meta property=\"article:modified_time\" content=\"2026-03-16T19:41:38+00:00\" \/>\n<meta property=\"og:image\" content=\"https:\/\/bseendustriyel.com\/wp-content\/uploads\/2026\/03\/486-neogen-spesifik-urunler-610.jpg\" \/>\n\t<meta property=\"og:image:width\" content=\"1000\" \/>\n\t<meta property=\"og:image:height\" content=\"1000\" \/>\n\t<meta property=\"og:image:type\" content=\"image\/jpeg\" \/>\n<meta name=\"twitter:card\" content=\"summary_large_image\" \/>\n<script type=\"application\/ld+json\" class=\"yoast-schema-graph\">{\"@context\":\"https:\\\/\\\/schema.org\",\"@graph\":[{\"@type\":\"WebPage\",\"@id\":\"https:\\\/\\\/bseendustriyel.com\\\/?product=neogen\",\"url\":\"https:\\\/\\\/bseendustriyel.com\\\/?product=neogen\",\"name\":\"Neogen - BSE Endusriyel Tedarik\",\"isPartOf\":{\"@id\":\"https:\\\/\\\/bseendustriyel.com\\\/#website\"},\"primaryImageOfPage\":{\"@id\":\"https:\\\/\\\/bseendustriyel.com\\\/?product=neogen#primaryimage\"},\"image\":{\"@id\":\"https:\\\/\\\/bseendustriyel.com\\\/?product=neogen#primaryimage\"},\"thumbnailUrl\":\"https:\\\/\\\/bseendustriyel.com\\\/wp-content\\\/uploads\\\/2026\\\/03\\\/486-neogen-spesifik-urunler-610.jpg\",\"datePublished\":\"2026-03-16T14:05:38+00:00\",\"dateModified\":\"2026-03-16T19:41:38+00:00\",\"description\":\"Biyolojik koku giderici ve organik kir \u00e7\u00f6z\u00fcc\u00fc. Enzim bazl\u0131 form\u00fcl\u00fc ile organik kokular\u0131n kayna\u011f\u0131n\u0131 yok ederek kal\u0131c\u0131 tazelik sa\u011flar. Eko-Kim'den sipari\u015f verin.\",\"breadcrumb\":{\"@id\":\"https:\\\/\\\/bseendustriyel.com\\\/?product=neogen#breadcrumb\"},\"inLanguage\":\"tr\",\"potentialAction\":[{\"@type\":\"ReadAction\",\"target\":[\"https:\\\/\\\/bseendustriyel.com\\\/?product=neogen\"]}]},{\"@type\":\"ImageObject\",\"inLanguage\":\"tr\",\"@id\":\"https:\\\/\\\/bseendustriyel.com\\\/?product=neogen#primaryimage\",\"url\":\"https:\\\/\\\/bseendustriyel.com\\\/wp-content\\\/uploads\\\/2026\\\/03\\\/486-neogen-spesifik-urunler-610.jpg\",\"contentUrl\":\"https:\\\/\\\/bseendustriyel.com\\\/wp-content\\\/uploads\\\/2026\\\/03\\\/486-neogen-spesifik-urunler-610.jpg\",\"width\":1000,\"height\":1000},{\"@type\":\"BreadcrumbList\",\"@id\":\"https:\\\/\\\/bseendustriyel.com\\\/?product=neogen#breadcrumb\",\"itemListElement\":[{\"@type\":\"ListItem\",\"position\":1,\"name\":\"Anasayfa\",\"item\":\"https:\\\/\\\/bseendustriyel.com\\\/\"},{\"@type\":\"ListItem\",\"position\":2,\"name\":\"Shop\",\"item\":\"https:\\\/\\\/bseendustriyel.com\\\/?page_id=24\"},{\"@type\":\"ListItem\",\"position\":3,\"name\":\"Neogen\"}]},{\"@type\":\"WebSite\",\"@id\":\"https:\\\/\\\/bseendustriyel.com\\\/#website\",\"url\":\"https:\\\/\\\/bseendustriyel.com\\\/\",\"name\":\"BSE Endusriyel Tedarik\",\"description\":\"\",\"potentialAction\":[{\"@type\":\"SearchAction\",\"target\":{\"@type\":\"EntryPoint\",\"urlTemplate\":\"https:\\\/\\\/bseendustriyel.com\\\/?s={search_term_string}\"},\"query-input\":{\"@type\":\"PropertyValueSpecification\",\"valueRequired\":true,\"valueName\":\"search_term_string\"}}],\"inLanguage\":\"tr\"}]}<\/script>\n<!-- \/ Yoast SEO Premium plugin. -->","yoast_head_json":{"title":"Neogen - BSE Endusriyel Tedarik","description":"Biyolojik koku giderici ve organik kir \u00e7\u00f6z\u00fcc\u00fc. Enzim bazl\u0131 form\u00fcl\u00fc ile organik kokular\u0131n kayna\u011f\u0131n\u0131 yok ederek kal\u0131c\u0131 tazelik sa\u011flar. Eko-Kim'den sipari\u015f verin.","robots":{"index":"index","follow":"follow","max-snippet":"max-snippet:-1","max-image-preview":"max-image-preview:large","max-video-preview":"max-video-preview:-1"},"canonical":"https:\/\/bseendustriyel.com\/?product=neogen","og_locale":"tr_TR","og_type":"article","og_title":"Neogen","og_description":"Biyolojik koku giderici ve organik kir \u00e7\u00f6z\u00fcc\u00fc. Enzim bazl\u0131 form\u00fcl\u00fc ile organik kokular\u0131n kayna\u011f\u0131n\u0131 yok ederek kal\u0131c\u0131 tazelik sa\u011flar. Eko-Kim'den sipari\u015f verin.","og_url":"https:\/\/bseendustriyel.com\/?product=neogen","og_site_name":"BSE Endusriyel Tedarik","article_modified_time":"2026-03-16T19:41:38+00:00","og_image":[{"width":1000,"height":1000,"url":"https:\/\/bseendustriyel.com\/wp-content\/uploads\/2026\/03\/486-neogen-spesifik-urunler-610.jpg","type":"image\/jpeg"}],"twitter_card":"summary_large_image","schema":{"@context":"https:\/\/schema.org","@graph":[{"@type":"WebPage","@id":"https:\/\/bseendustriyel.com\/?product=neogen","url":"https:\/\/bseendustriyel.com\/?product=neogen","name":"Neogen - BSE Endusriyel Tedarik","isPartOf":{"@id":"https:\/\/bseendustriyel.com\/#website"},"primaryImageOfPage":{"@id":"https:\/\/bseendustriyel.com\/?product=neogen#primaryimage"},"image":{"@id":"https:\/\/bseendustriyel.com\/?product=neogen#primaryimage"},"thumbnailUrl":"https:\/\/bseendustriyel.com\/wp-content\/uploads\/2026\/03\/486-neogen-spesifik-urunler-610.jpg","datePublished":"2026-03-16T14:05:38+00:00","dateModified":"2026-03-16T19:41:38+00:00","description":"Biyolojik koku giderici ve organik kir \u00e7\u00f6z\u00fcc\u00fc. Enzim bazl\u0131 form\u00fcl\u00fc ile organik kokular\u0131n kayna\u011f\u0131n\u0131 yok ederek kal\u0131c\u0131 tazelik sa\u011flar. Eko-Kim'den sipari\u015f verin.","breadcrumb":{"@id":"https:\/\/bseendustriyel.com\/?product=neogen#breadcrumb"},"inLanguage":"tr","potentialAction":[{"@type":"ReadAction","target":["https:\/\/bseendustriyel.com\/?product=neogen"]}]},{"@type":"ImageObject","inLanguage":"tr","@id":"https:\/\/bseendustriyel.com\/?product=neogen#primaryimage","url":"https:\/\/bseendustriyel.com\/wp-content\/uploads\/2026\/03\/486-neogen-spesifik-urunler-610.jpg","contentUrl":"https:\/\/bseendustriyel.com\/wp-content\/uploads\/2026\/03\/486-neogen-spesifik-urunler-610.jpg","width":1000,"height":1000},{"@type":"BreadcrumbList","@id":"https:\/\/bseendustriyel.com\/?product=neogen#breadcrumb","itemListElement":[{"@type":"ListItem","position":1,"name":"Anasayfa","item":"https:\/\/bseendustriyel.com\/"},{"@type":"ListItem","position":2,"name":"Shop","item":"https:\/\/bseendustriyel.com\/?page_id=24"},{"@type":"ListItem","position":3,"name":"Neogen"}]},{"@type":"WebSite","@id":"https:\/\/bseendustriyel.com\/#website","url":"https:\/\/bseendustriyel.com\/","name":"BSE Endusriyel Tedarik","description":"","potentialAction":[{"@type":"SearchAction","target":{"@type":"EntryPoint","urlTemplate":"https:\/\/bseendustriyel.com\/?s={search_term_string}"},"query-input":{"@type":"PropertyValueSpecification","valueRequired":true,"valueName":"search_term_string"}}],"inLanguage":"tr"}]}},"_links":{"self":[{"href":"https:\/\/bseendustriyel.com\/index.php?rest_route=\/wp\/v2\/product\/658","targetHints":{"allow":["GET"]}}],"collection":[{"href":"https:\/\/bseendustriyel.com\/index.php?rest_route=\/wp\/v2\/product"}],"about":[{"href":"https:\/\/bseendustriyel.com\/index.php?rest_route=\/wp\/v2\/types\/product"}],"replies":[{"embeddable":true,"href":"https:\/\/bseendustriyel.com\/index.php?rest_route=%2Fwp%2Fv2%2Fcomments&post=658"}],"wp:featuredmedia":[{"embeddable":true,"href":"https:\/\/bseendustriyel.com\/index.php?rest_route=\/wp\/v2\/media\/124"}],"wp:attachment":[{"href":"https:\/\/bseendustriyel.com\/index.php?rest_route=%2Fwp%2Fv2%2Fmedia&parent=658"}],"wp:term":[{"taxonomy":"product_brand","embeddable":true,"href":"https:\/\/bseendustriyel.com\/index.php?rest_route=%2Fwp%2Fv2%2Fproduct_brand&post=658"},{"taxonomy":"product_cat","embeddable":true,"href":"https:\/\/bseendustriyel.com\/index.php?rest_route=%2Fwp%2Fv2%2Fproduct_cat&post=658"},{"taxonomy":"product_tag","embeddable":true,"href":"https:\/\/bseendustriyel.com\/index.php?rest_route=%2Fwp%2Fv2%2Fproduct_tag&post=658"}],"curies":[{"name":"wp","href":"https:\/\/api.w.org\/{rel}","templated":true}]}}