{"id":677,"date":"2026-03-16T14:06:10","date_gmt":"2026-03-16T14:06:10","guid":{"rendered":"https:\/\/bseendustriyel.com\/product\/powerfull-l-100\/"},"modified":"2026-03-16T19:41:54","modified_gmt":"2026-03-16T19:41:54","slug":"powerfull-l-100","status":"publish","type":"product","link":"https:\/\/bseendustriyel.com\/?product=powerfull-l-100","title":{"rendered":"Powerfull L-100"},"content":{"rendered":"<p>End\u00fcstriyel \u00e7ama\u015f\u0131rhaneler i\u00e7in g\u00fc\u00e7l\u00fc toz deterjan. Yo\u011fun kullan\u0131mda bile \u00fcst\u00fcn temizlik performans\u0131; otel, hastane ve end\u00fcstriyel \u00e7ama\u015f\u0131rhanelere uygundur.<\/p>\n<p>23.6kg<\/p>\n","protected":false},"excerpt":{"rendered":"<p>End\u00fcstriyel \u00e7ama\u015f\u0131rhaneler i\u00e7in g\u00fc\u00e7l\u00fc toz deterjan. Yo\u011fun kullan\u0131mda bile \u00fcst\u00fcn temizlik performans\u0131; otel, hastane ve end\u00fcstriyel \u00e7ama\u015f\u0131rhanelere uygundur.<\/p>\n","protected":false},"featured_media":161,"comment_status":"closed","ping_status":"open","template":"","meta":[],"product_brand":[],"product_cat":[197,192,44],"product_tag":[],"class_list":{"0":"post-677","1":"product","2":"type-product","3":"status-publish","4":"has-post-thumbnail","6":"product_cat-camasirhane-hijyen","7":"product_cat-stox","8":"product_cat-temizlik-kimyasallari","10":"first","11":"instock","12":"product-type-simple"},"yoast_head":"<!-- This site is optimized with the Yoast SEO Premium plugin v27.1 (Yoast SEO v27.4) - https:\/\/yoast.com\/product\/yoast-seo-premium-wordpress\/ -->\n<title>Powerfull L-100 - BSE Endusriyel Tedarik<\/title>\n<meta name=\"description\" content=\"End\u00fcstriyel \u00e7ama\u015f\u0131rhaneler i\u00e7in g\u00fc\u00e7l\u00fc toz deterjan. Yo\u011fun kullan\u0131mda bile \u00fcst\u00fcn temizlik performans\u0131; otel, hastane ve end\u00fcstriyel \u00e7ama\u015f\u0131rhanelere uygundur. ...\" \/>\n<meta name=\"robots\" content=\"index, follow, max-snippet:-1, max-image-preview:large, max-video-preview:-1\" \/>\n<link rel=\"canonical\" href=\"https:\/\/bseendustriyel.com\/?product=powerfull-l-100\" \/>\n<meta property=\"og:locale\" content=\"tr_TR\" \/>\n<meta property=\"og:type\" content=\"article\" \/>\n<meta property=\"og:title\" content=\"Powerfull L-100\" \/>\n<meta property=\"og:description\" content=\"End\u00fcstriyel \u00e7ama\u015f\u0131rhaneler i\u00e7in g\u00fc\u00e7l\u00fc toz deterjan. Yo\u011fun kullan\u0131mda bile \u00fcst\u00fcn temizlik performans\u0131; otel, hastane ve end\u00fcstriyel \u00e7ama\u015f\u0131rhanelere uygundur. ...\" \/>\n<meta property=\"og:url\" content=\"https:\/\/bseendustriyel.com\/?product=powerfull-l-100\" \/>\n<meta property=\"og:site_name\" content=\"BSE Endusriyel Tedarik\" \/>\n<meta property=\"article:modified_time\" content=\"2026-03-16T19:41:54+00:00\" \/>\n<meta property=\"og:image\" content=\"https:\/\/bseendustriyel.com\/wp-content\/uploads\/2026\/03\/stox-13-powerfull-l-100-23-6kg.jpg\" \/>\n\t<meta property=\"og:image:width\" content=\"1000\" \/>\n\t<meta property=\"og:image:height\" content=\"1000\" \/>\n\t<meta property=\"og:image:type\" content=\"image\/jpeg\" \/>\n<meta name=\"twitter:card\" content=\"summary_large_image\" \/>\n<script type=\"application\/ld+json\" class=\"yoast-schema-graph\">{\"@context\":\"https:\\\/\\\/schema.org\",\"@graph\":[{\"@type\":\"WebPage\",\"@id\":\"https:\\\/\\\/bseendustriyel.com\\\/?product=powerfull-l-100\",\"url\":\"https:\\\/\\\/bseendustriyel.com\\\/?product=powerfull-l-100\",\"name\":\"Powerfull L-100 - BSE Endusriyel Tedarik\",\"isPartOf\":{\"@id\":\"https:\\\/\\\/bseendustriyel.com\\\/#website\"},\"primaryImageOfPage\":{\"@id\":\"https:\\\/\\\/bseendustriyel.com\\\/?product=powerfull-l-100#primaryimage\"},\"image\":{\"@id\":\"https:\\\/\\\/bseendustriyel.com\\\/?product=powerfull-l-100#primaryimage\"},\"thumbnailUrl\":\"https:\\\/\\\/bseendustriyel.com\\\/wp-content\\\/uploads\\\/2026\\\/03\\\/stox-13-powerfull-l-100-23-6kg.jpg\",\"datePublished\":\"2026-03-16T14:06:10+00:00\",\"dateModified\":\"2026-03-16T19:41:54+00:00\",\"description\":\"End\u00fcstriyel \u00e7ama\u015f\u0131rhaneler i\u00e7in g\u00fc\u00e7l\u00fc toz deterjan. Yo\u011fun kullan\u0131mda bile \u00fcst\u00fcn temizlik performans\u0131; otel, hastane ve end\u00fcstriyel \u00e7ama\u015f\u0131rhanelere uygundur. ...\",\"breadcrumb\":{\"@id\":\"https:\\\/\\\/bseendustriyel.com\\\/?product=powerfull-l-100#breadcrumb\"},\"inLanguage\":\"tr\",\"potentialAction\":[{\"@type\":\"ReadAction\",\"target\":[\"https:\\\/\\\/bseendustriyel.com\\\/?product=powerfull-l-100\"]}]},{\"@type\":\"ImageObject\",\"inLanguage\":\"tr\",\"@id\":\"https:\\\/\\\/bseendustriyel.com\\\/?product=powerfull-l-100#primaryimage\",\"url\":\"https:\\\/\\\/bseendustriyel.com\\\/wp-content\\\/uploads\\\/2026\\\/03\\\/stox-13-powerfull-l-100-23-6kg.jpg\",\"contentUrl\":\"https:\\\/\\\/bseendustriyel.com\\\/wp-content\\\/uploads\\\/2026\\\/03\\\/stox-13-powerfull-l-100-23-6kg.jpg\",\"width\":1000,\"height\":1000},{\"@type\":\"BreadcrumbList\",\"@id\":\"https:\\\/\\\/bseendustriyel.com\\\/?product=powerfull-l-100#breadcrumb\",\"itemListElement\":[{\"@type\":\"ListItem\",\"position\":1,\"name\":\"Anasayfa\",\"item\":\"https:\\\/\\\/bseendustriyel.com\\\/\"},{\"@type\":\"ListItem\",\"position\":2,\"name\":\"Shop\",\"item\":\"https:\\\/\\\/bseendustriyel.com\\\/?page_id=24\"},{\"@type\":\"ListItem\",\"position\":3,\"name\":\"Powerfull L-100\"}]},{\"@type\":\"WebSite\",\"@id\":\"https:\\\/\\\/bseendustriyel.com\\\/#website\",\"url\":\"https:\\\/\\\/bseendustriyel.com\\\/\",\"name\":\"BSE Endusriyel Tedarik\",\"description\":\"\",\"potentialAction\":[{\"@type\":\"SearchAction\",\"target\":{\"@type\":\"EntryPoint\",\"urlTemplate\":\"https:\\\/\\\/bseendustriyel.com\\\/?s={search_term_string}\"},\"query-input\":{\"@type\":\"PropertyValueSpecification\",\"valueRequired\":true,\"valueName\":\"search_term_string\"}}],\"inLanguage\":\"tr\"}]}<\/script>\n<!-- \/ Yoast SEO Premium plugin. -->","yoast_head_json":{"title":"Powerfull L-100 - BSE Endusriyel Tedarik","description":"End\u00fcstriyel \u00e7ama\u015f\u0131rhaneler i\u00e7in g\u00fc\u00e7l\u00fc toz deterjan. Yo\u011fun kullan\u0131mda bile \u00fcst\u00fcn temizlik performans\u0131; otel, hastane ve end\u00fcstriyel \u00e7ama\u015f\u0131rhanelere uygundur. ...","robots":{"index":"index","follow":"follow","max-snippet":"max-snippet:-1","max-image-preview":"max-image-preview:large","max-video-preview":"max-video-preview:-1"},"canonical":"https:\/\/bseendustriyel.com\/?product=powerfull-l-100","og_locale":"tr_TR","og_type":"article","og_title":"Powerfull L-100","og_description":"End\u00fcstriyel \u00e7ama\u015f\u0131rhaneler i\u00e7in g\u00fc\u00e7l\u00fc toz deterjan. Yo\u011fun kullan\u0131mda bile \u00fcst\u00fcn temizlik performans\u0131; otel, hastane ve end\u00fcstriyel \u00e7ama\u015f\u0131rhanelere uygundur. ...","og_url":"https:\/\/bseendustriyel.com\/?product=powerfull-l-100","og_site_name":"BSE Endusriyel Tedarik","article_modified_time":"2026-03-16T19:41:54+00:00","og_image":[{"width":1000,"height":1000,"url":"https:\/\/bseendustriyel.com\/wp-content\/uploads\/2026\/03\/stox-13-powerfull-l-100-23-6kg.jpg","type":"image\/jpeg"}],"twitter_card":"summary_large_image","schema":{"@context":"https:\/\/schema.org","@graph":[{"@type":"WebPage","@id":"https:\/\/bseendustriyel.com\/?product=powerfull-l-100","url":"https:\/\/bseendustriyel.com\/?product=powerfull-l-100","name":"Powerfull L-100 - BSE Endusriyel Tedarik","isPartOf":{"@id":"https:\/\/bseendustriyel.com\/#website"},"primaryImageOfPage":{"@id":"https:\/\/bseendustriyel.com\/?product=powerfull-l-100#primaryimage"},"image":{"@id":"https:\/\/bseendustriyel.com\/?product=powerfull-l-100#primaryimage"},"thumbnailUrl":"https:\/\/bseendustriyel.com\/wp-content\/uploads\/2026\/03\/stox-13-powerfull-l-100-23-6kg.jpg","datePublished":"2026-03-16T14:06:10+00:00","dateModified":"2026-03-16T19:41:54+00:00","description":"End\u00fcstriyel \u00e7ama\u015f\u0131rhaneler i\u00e7in g\u00fc\u00e7l\u00fc toz deterjan. Yo\u011fun kullan\u0131mda bile \u00fcst\u00fcn temizlik performans\u0131; otel, hastane ve end\u00fcstriyel \u00e7ama\u015f\u0131rhanelere uygundur. ...","breadcrumb":{"@id":"https:\/\/bseendustriyel.com\/?product=powerfull-l-100#breadcrumb"},"inLanguage":"tr","potentialAction":[{"@type":"ReadAction","target":["https:\/\/bseendustriyel.com\/?product=powerfull-l-100"]}]},{"@type":"ImageObject","inLanguage":"tr","@id":"https:\/\/bseendustriyel.com\/?product=powerfull-l-100#primaryimage","url":"https:\/\/bseendustriyel.com\/wp-content\/uploads\/2026\/03\/stox-13-powerfull-l-100-23-6kg.jpg","contentUrl":"https:\/\/bseendustriyel.com\/wp-content\/uploads\/2026\/03\/stox-13-powerfull-l-100-23-6kg.jpg","width":1000,"height":1000},{"@type":"BreadcrumbList","@id":"https:\/\/bseendustriyel.com\/?product=powerfull-l-100#breadcrumb","itemListElement":[{"@type":"ListItem","position":1,"name":"Anasayfa","item":"https:\/\/bseendustriyel.com\/"},{"@type":"ListItem","position":2,"name":"Shop","item":"https:\/\/bseendustriyel.com\/?page_id=24"},{"@type":"ListItem","position":3,"name":"Powerfull L-100"}]},{"@type":"WebSite","@id":"https:\/\/bseendustriyel.com\/#website","url":"https:\/\/bseendustriyel.com\/","name":"BSE Endusriyel Tedarik","description":"","potentialAction":[{"@type":"SearchAction","target":{"@type":"EntryPoint","urlTemplate":"https:\/\/bseendustriyel.com\/?s={search_term_string}"},"query-input":{"@type":"PropertyValueSpecification","valueRequired":true,"valueName":"search_term_string"}}],"inLanguage":"tr"}]}},"_links":{"self":[{"href":"https:\/\/bseendustriyel.com\/index.php?rest_route=\/wp\/v2\/product\/677","targetHints":{"allow":["GET"]}}],"collection":[{"href":"https:\/\/bseendustriyel.com\/index.php?rest_route=\/wp\/v2\/product"}],"about":[{"href":"https:\/\/bseendustriyel.com\/index.php?rest_route=\/wp\/v2\/types\/product"}],"replies":[{"embeddable":true,"href":"https:\/\/bseendustriyel.com\/index.php?rest_route=%2Fwp%2Fv2%2Fcomments&post=677"}],"wp:featuredmedia":[{"embeddable":true,"href":"https:\/\/bseendustriyel.com\/index.php?rest_route=\/wp\/v2\/media\/161"}],"wp:attachment":[{"href":"https:\/\/bseendustriyel.com\/index.php?rest_route=%2Fwp%2Fv2%2Fmedia&parent=677"}],"wp:term":[{"taxonomy":"product_brand","embeddable":true,"href":"https:\/\/bseendustriyel.com\/index.php?rest_route=%2Fwp%2Fv2%2Fproduct_brand&post=677"},{"taxonomy":"product_cat","embeddable":true,"href":"https:\/\/bseendustriyel.com\/index.php?rest_route=%2Fwp%2Fv2%2Fproduct_cat&post=677"},{"taxonomy":"product_tag","embeddable":true,"href":"https:\/\/bseendustriyel.com\/index.php?rest_route=%2Fwp%2Fv2%2Fproduct_tag&post=677"}],"curies":[{"name":"wp","href":"https:\/\/api.w.org\/{rel}","templated":true}]}}