{"id":682,"date":"2026-03-16T14:06:10","date_gmt":"2026-03-16T14:06:10","guid":{"rendered":"https:\/\/bseendustriyel.com\/product\/rinsy-l-102\/"},"modified":"2026-03-16T19:41:57","modified_gmt":"2026-03-16T19:41:57","slug":"rinsy-l-102","status":"publish","type":"product","link":"https:\/\/bseendustriyel.com\/?product=rinsy-l-102","title":{"rendered":"Rinsy L-102"},"content":{"rendered":"<p>End\u00fcstriyel \u00e7ama\u015f\u0131rhaneler i\u00e7in asidik durulama katk\u0131s\u0131. Y\u0131kama sonras\u0131 tekstildeki alkali kal\u0131nt\u0131lar\u0131 n\u00f6tralize ederek kuma\u015f\u0131 nazikle\u015ftirir ve statik elektri\u011fi azalt\u0131r.<\/p>\n<p>20.4kg<\/p>\n","protected":false},"excerpt":{"rendered":"<p>End\u00fcstriyel \u00e7ama\u015f\u0131rhaneler i\u00e7in asidik durulama katk\u0131s\u0131. Y\u0131kama sonras\u0131 tekstildeki alkali kal\u0131nt\u0131lar\u0131 n\u00f6tralize ederek kuma\u015f\u0131 nazikle\u015ftirir ve statik elektri\u011fi azalt\u0131r.<\/p>\n","protected":false},"featured_media":170,"comment_status":"closed","ping_status":"open","template":"","meta":[],"product_brand":[],"product_cat":[197,192,44],"product_tag":[],"class_list":{"0":"post-682","1":"product","2":"type-product","3":"status-publish","4":"has-post-thumbnail","6":"product_cat-camasirhane-hijyen","7":"product_cat-stox","8":"product_cat-temizlik-kimyasallari","10":"first","11":"instock","12":"product-type-simple"},"yoast_head":"<!-- This site is optimized with the Yoast SEO Premium plugin v27.1 (Yoast SEO v27.4) - https:\/\/yoast.com\/product\/yoast-seo-premium-wordpress\/ -->\n<title>Rinsy L-102 - BSE Endusriyel Tedarik<\/title>\n<meta name=\"description\" content=\"End\u00fcstriyel \u00e7ama\u015f\u0131rhaneler i\u00e7in asidik durulama katk\u0131s\u0131. Y\u0131kama sonras\u0131 tekstildeki alkali kal\u0131nt\u0131lar\u0131 n\u00f6tralize ederek kuma\u015f\u0131 nazikle\u015ftirir ve statik elektr...\" \/>\n<meta name=\"robots\" content=\"index, follow, max-snippet:-1, max-image-preview:large, max-video-preview:-1\" \/>\n<link rel=\"canonical\" href=\"https:\/\/bseendustriyel.com\/?product=rinsy-l-102\" \/>\n<meta property=\"og:locale\" content=\"tr_TR\" \/>\n<meta property=\"og:type\" content=\"article\" \/>\n<meta property=\"og:title\" content=\"Rinsy L-102\" \/>\n<meta property=\"og:description\" content=\"End\u00fcstriyel \u00e7ama\u015f\u0131rhaneler i\u00e7in asidik durulama katk\u0131s\u0131. Y\u0131kama sonras\u0131 tekstildeki alkali kal\u0131nt\u0131lar\u0131 n\u00f6tralize ederek kuma\u015f\u0131 nazikle\u015ftirir ve statik elektr...\" \/>\n<meta property=\"og:url\" content=\"https:\/\/bseendustriyel.com\/?product=rinsy-l-102\" \/>\n<meta property=\"og:site_name\" content=\"BSE Endusriyel Tedarik\" \/>\n<meta property=\"article:modified_time\" content=\"2026-03-16T19:41:57+00:00\" \/>\n<meta property=\"og:image\" content=\"https:\/\/bseendustriyel.com\/wp-content\/uploads\/2026\/03\/stox-15-rinsy-l-102-20-4kg.jpg\" \/>\n\t<meta property=\"og:image:width\" content=\"1000\" \/>\n\t<meta property=\"og:image:height\" content=\"1000\" \/>\n\t<meta property=\"og:image:type\" content=\"image\/jpeg\" \/>\n<meta name=\"twitter:card\" content=\"summary_large_image\" \/>\n<script type=\"application\/ld+json\" class=\"yoast-schema-graph\">{\"@context\":\"https:\\\/\\\/schema.org\",\"@graph\":[{\"@type\":\"WebPage\",\"@id\":\"https:\\\/\\\/bseendustriyel.com\\\/?product=rinsy-l-102\",\"url\":\"https:\\\/\\\/bseendustriyel.com\\\/?product=rinsy-l-102\",\"name\":\"Rinsy L-102 - BSE Endusriyel Tedarik\",\"isPartOf\":{\"@id\":\"https:\\\/\\\/bseendustriyel.com\\\/#website\"},\"primaryImageOfPage\":{\"@id\":\"https:\\\/\\\/bseendustriyel.com\\\/?product=rinsy-l-102#primaryimage\"},\"image\":{\"@id\":\"https:\\\/\\\/bseendustriyel.com\\\/?product=rinsy-l-102#primaryimage\"},\"thumbnailUrl\":\"https:\\\/\\\/bseendustriyel.com\\\/wp-content\\\/uploads\\\/2026\\\/03\\\/stox-15-rinsy-l-102-20-4kg.jpg\",\"datePublished\":\"2026-03-16T14:06:10+00:00\",\"dateModified\":\"2026-03-16T19:41:57+00:00\",\"description\":\"End\u00fcstriyel \u00e7ama\u015f\u0131rhaneler i\u00e7in asidik durulama katk\u0131s\u0131. Y\u0131kama sonras\u0131 tekstildeki alkali kal\u0131nt\u0131lar\u0131 n\u00f6tralize ederek kuma\u015f\u0131 nazikle\u015ftirir ve statik elektr...\",\"breadcrumb\":{\"@id\":\"https:\\\/\\\/bseendustriyel.com\\\/?product=rinsy-l-102#breadcrumb\"},\"inLanguage\":\"tr\",\"potentialAction\":[{\"@type\":\"ReadAction\",\"target\":[\"https:\\\/\\\/bseendustriyel.com\\\/?product=rinsy-l-102\"]}]},{\"@type\":\"ImageObject\",\"inLanguage\":\"tr\",\"@id\":\"https:\\\/\\\/bseendustriyel.com\\\/?product=rinsy-l-102#primaryimage\",\"url\":\"https:\\\/\\\/bseendustriyel.com\\\/wp-content\\\/uploads\\\/2026\\\/03\\\/stox-15-rinsy-l-102-20-4kg.jpg\",\"contentUrl\":\"https:\\\/\\\/bseendustriyel.com\\\/wp-content\\\/uploads\\\/2026\\\/03\\\/stox-15-rinsy-l-102-20-4kg.jpg\",\"width\":1000,\"height\":1000},{\"@type\":\"BreadcrumbList\",\"@id\":\"https:\\\/\\\/bseendustriyel.com\\\/?product=rinsy-l-102#breadcrumb\",\"itemListElement\":[{\"@type\":\"ListItem\",\"position\":1,\"name\":\"Anasayfa\",\"item\":\"https:\\\/\\\/bseendustriyel.com\\\/\"},{\"@type\":\"ListItem\",\"position\":2,\"name\":\"Shop\",\"item\":\"https:\\\/\\\/bseendustriyel.com\\\/?page_id=24\"},{\"@type\":\"ListItem\",\"position\":3,\"name\":\"Rinsy L-102\"}]},{\"@type\":\"WebSite\",\"@id\":\"https:\\\/\\\/bseendustriyel.com\\\/#website\",\"url\":\"https:\\\/\\\/bseendustriyel.com\\\/\",\"name\":\"BSE Endusriyel Tedarik\",\"description\":\"\",\"potentialAction\":[{\"@type\":\"SearchAction\",\"target\":{\"@type\":\"EntryPoint\",\"urlTemplate\":\"https:\\\/\\\/bseendustriyel.com\\\/?s={search_term_string}\"},\"query-input\":{\"@type\":\"PropertyValueSpecification\",\"valueRequired\":true,\"valueName\":\"search_term_string\"}}],\"inLanguage\":\"tr\"}]}<\/script>\n<!-- \/ Yoast SEO Premium plugin. -->","yoast_head_json":{"title":"Rinsy L-102 - BSE Endusriyel Tedarik","description":"End\u00fcstriyel \u00e7ama\u015f\u0131rhaneler i\u00e7in asidik durulama katk\u0131s\u0131. Y\u0131kama sonras\u0131 tekstildeki alkali kal\u0131nt\u0131lar\u0131 n\u00f6tralize ederek kuma\u015f\u0131 nazikle\u015ftirir ve statik elektr...","robots":{"index":"index","follow":"follow","max-snippet":"max-snippet:-1","max-image-preview":"max-image-preview:large","max-video-preview":"max-video-preview:-1"},"canonical":"https:\/\/bseendustriyel.com\/?product=rinsy-l-102","og_locale":"tr_TR","og_type":"article","og_title":"Rinsy L-102","og_description":"End\u00fcstriyel \u00e7ama\u015f\u0131rhaneler i\u00e7in asidik durulama katk\u0131s\u0131. Y\u0131kama sonras\u0131 tekstildeki alkali kal\u0131nt\u0131lar\u0131 n\u00f6tralize ederek kuma\u015f\u0131 nazikle\u015ftirir ve statik elektr...","og_url":"https:\/\/bseendustriyel.com\/?product=rinsy-l-102","og_site_name":"BSE Endusriyel Tedarik","article_modified_time":"2026-03-16T19:41:57+00:00","og_image":[{"width":1000,"height":1000,"url":"https:\/\/bseendustriyel.com\/wp-content\/uploads\/2026\/03\/stox-15-rinsy-l-102-20-4kg.jpg","type":"image\/jpeg"}],"twitter_card":"summary_large_image","schema":{"@context":"https:\/\/schema.org","@graph":[{"@type":"WebPage","@id":"https:\/\/bseendustriyel.com\/?product=rinsy-l-102","url":"https:\/\/bseendustriyel.com\/?product=rinsy-l-102","name":"Rinsy L-102 - BSE Endusriyel Tedarik","isPartOf":{"@id":"https:\/\/bseendustriyel.com\/#website"},"primaryImageOfPage":{"@id":"https:\/\/bseendustriyel.com\/?product=rinsy-l-102#primaryimage"},"image":{"@id":"https:\/\/bseendustriyel.com\/?product=rinsy-l-102#primaryimage"},"thumbnailUrl":"https:\/\/bseendustriyel.com\/wp-content\/uploads\/2026\/03\/stox-15-rinsy-l-102-20-4kg.jpg","datePublished":"2026-03-16T14:06:10+00:00","dateModified":"2026-03-16T19:41:57+00:00","description":"End\u00fcstriyel \u00e7ama\u015f\u0131rhaneler i\u00e7in asidik durulama katk\u0131s\u0131. Y\u0131kama sonras\u0131 tekstildeki alkali kal\u0131nt\u0131lar\u0131 n\u00f6tralize ederek kuma\u015f\u0131 nazikle\u015ftirir ve statik elektr...","breadcrumb":{"@id":"https:\/\/bseendustriyel.com\/?product=rinsy-l-102#breadcrumb"},"inLanguage":"tr","potentialAction":[{"@type":"ReadAction","target":["https:\/\/bseendustriyel.com\/?product=rinsy-l-102"]}]},{"@type":"ImageObject","inLanguage":"tr","@id":"https:\/\/bseendustriyel.com\/?product=rinsy-l-102#primaryimage","url":"https:\/\/bseendustriyel.com\/wp-content\/uploads\/2026\/03\/stox-15-rinsy-l-102-20-4kg.jpg","contentUrl":"https:\/\/bseendustriyel.com\/wp-content\/uploads\/2026\/03\/stox-15-rinsy-l-102-20-4kg.jpg","width":1000,"height":1000},{"@type":"BreadcrumbList","@id":"https:\/\/bseendustriyel.com\/?product=rinsy-l-102#breadcrumb","itemListElement":[{"@type":"ListItem","position":1,"name":"Anasayfa","item":"https:\/\/bseendustriyel.com\/"},{"@type":"ListItem","position":2,"name":"Shop","item":"https:\/\/bseendustriyel.com\/?page_id=24"},{"@type":"ListItem","position":3,"name":"Rinsy L-102"}]},{"@type":"WebSite","@id":"https:\/\/bseendustriyel.com\/#website","url":"https:\/\/bseendustriyel.com\/","name":"BSE Endusriyel Tedarik","description":"","potentialAction":[{"@type":"SearchAction","target":{"@type":"EntryPoint","urlTemplate":"https:\/\/bseendustriyel.com\/?s={search_term_string}"},"query-input":{"@type":"PropertyValueSpecification","valueRequired":true,"valueName":"search_term_string"}}],"inLanguage":"tr"}]}},"_links":{"self":[{"href":"https:\/\/bseendustriyel.com\/index.php?rest_route=\/wp\/v2\/product\/682","targetHints":{"allow":["GET"]}}],"collection":[{"href":"https:\/\/bseendustriyel.com\/index.php?rest_route=\/wp\/v2\/product"}],"about":[{"href":"https:\/\/bseendustriyel.com\/index.php?rest_route=\/wp\/v2\/types\/product"}],"replies":[{"embeddable":true,"href":"https:\/\/bseendustriyel.com\/index.php?rest_route=%2Fwp%2Fv2%2Fcomments&post=682"}],"wp:featuredmedia":[{"embeddable":true,"href":"https:\/\/bseendustriyel.com\/index.php?rest_route=\/wp\/v2\/media\/170"}],"wp:attachment":[{"href":"https:\/\/bseendustriyel.com\/index.php?rest_route=%2Fwp%2Fv2%2Fmedia&parent=682"}],"wp:term":[{"taxonomy":"product_brand","embeddable":true,"href":"https:\/\/bseendustriyel.com\/index.php?rest_route=%2Fwp%2Fv2%2Fproduct_brand&post=682"},{"taxonomy":"product_cat","embeddable":true,"href":"https:\/\/bseendustriyel.com\/index.php?rest_route=%2Fwp%2Fv2%2Fproduct_cat&post=682"},{"taxonomy":"product_tag","embeddable":true,"href":"https:\/\/bseendustriyel.com\/index.php?rest_route=%2Fwp%2Fv2%2Fproduct_tag&post=682"}],"curies":[{"name":"wp","href":"https:\/\/api.w.org\/{rel}","templated":true}]}}