{"id":685,"date":"2026-03-16T14:06:10","date_gmt":"2026-03-16T14:06:10","guid":{"rendered":"https:\/\/bseendustriyel.com\/product\/spring-l-014\/"},"modified":"2026-03-16T19:45:12","modified_gmt":"2026-03-16T19:45:12","slug":"spring-l-014","status":"publish","type":"product","link":"https:\/\/bseendustriyel.com\/?product=spring-l-014","title":{"rendered":"Spring L-014"},"content":{"rendered":"<p>\u00c7ama\u015f\u0131r yumu\u015fat\u0131c\u0131 ve koku vericisi. \u0130pek yumu\u015fakl\u0131\u011f\u0131 ve bahar tazeli\u011fi sunan form\u00fcl\u00fc ile t\u00fcm kuma\u015f t\u00fcrlerine uygulanabilir.<\/p>\n<p>600gr, 4.5kg<\/p>\n","protected":false},"excerpt":{"rendered":"<p>\u00c7ama\u015f\u0131r yumu\u015fat\u0131c\u0131 ve koku vericisi. \u0130pek yumu\u015fakl\u0131\u011f\u0131 ve bahar tazeli\u011fi sunan form\u00fcl\u00fc ile t\u00fcm kuma\u015f t\u00fcrlerine uygulanabilir.<\/p>\n","protected":false},"featured_media":0,"comment_status":"closed","ping_status":"open","template":"","meta":[],"product_brand":[],"product_cat":[224,225,44],"product_tag":[],"class_list":{"0":"post-685","1":"product","2":"type-product","3":"status-publish","5":"product_cat-konsantre-urunler","6":"product_cat-seyreltme-sistem","7":"product_cat-temizlik-kimyasallari","9":"first","10":"instock","11":"product-type-simple"},"yoast_head":"<!-- This site is optimized with the Yoast SEO Premium plugin v27.1 (Yoast SEO v27.4) - https:\/\/yoast.com\/product\/yoast-seo-premium-wordpress\/ -->\n<title>Spring L-014 - BSE Endusriyel Tedarik<\/title>\n<meta name=\"description\" content=\"Spring L-014 \u2014 profesyonel seyreltme sistemi i\u00e7in konsantre form\u00fcl. Otomatik dozajlama ve seyreltme ekipmanlar\u0131yla kullan\u0131lmak \u00fczere tasarlanm\u0131\u015f; y\u00fcksek kons...\" \/>\n<meta name=\"robots\" content=\"index, follow, max-snippet:-1, max-image-preview:large, max-video-preview:-1\" \/>\n<link rel=\"canonical\" href=\"https:\/\/bseendustriyel.com\/?product=spring-l-014\" \/>\n<meta property=\"og:locale\" content=\"tr_TR\" \/>\n<meta property=\"og:type\" content=\"article\" \/>\n<meta property=\"og:title\" content=\"Spring L-014\" \/>\n<meta property=\"og:description\" content=\"Spring L-014 \u2014 profesyonel seyreltme sistemi i\u00e7in konsantre form\u00fcl. Otomatik dozajlama ve seyreltme ekipmanlar\u0131yla kullan\u0131lmak \u00fczere tasarlanm\u0131\u015f; y\u00fcksek kons...\" \/>\n<meta property=\"og:url\" content=\"https:\/\/bseendustriyel.com\/?product=spring-l-014\" \/>\n<meta property=\"og:site_name\" content=\"BSE Endusriyel Tedarik\" \/>\n<meta property=\"article:modified_time\" content=\"2026-03-16T19:45:12+00:00\" \/>\n<meta name=\"twitter:card\" content=\"summary_large_image\" \/>\n<script type=\"application\/ld+json\" class=\"yoast-schema-graph\">{\"@context\":\"https:\\\/\\\/schema.org\",\"@graph\":[{\"@type\":\"WebPage\",\"@id\":\"https:\\\/\\\/bseendustriyel.com\\\/?product=spring-l-014\",\"url\":\"https:\\\/\\\/bseendustriyel.com\\\/?product=spring-l-014\",\"name\":\"Spring L-014 - BSE Endusriyel Tedarik\",\"isPartOf\":{\"@id\":\"https:\\\/\\\/bseendustriyel.com\\\/#website\"},\"datePublished\":\"2026-03-16T14:06:10+00:00\",\"dateModified\":\"2026-03-16T19:45:12+00:00\",\"description\":\"Spring L-014 \u2014 profesyonel seyreltme sistemi i\u00e7in konsantre form\u00fcl. Otomatik dozajlama ve seyreltme ekipmanlar\u0131yla kullan\u0131lmak \u00fczere tasarlanm\u0131\u015f; y\u00fcksek kons...\",\"breadcrumb\":{\"@id\":\"https:\\\/\\\/bseendustriyel.com\\\/?product=spring-l-014#breadcrumb\"},\"inLanguage\":\"tr\",\"potentialAction\":[{\"@type\":\"ReadAction\",\"target\":[\"https:\\\/\\\/bseendustriyel.com\\\/?product=spring-l-014\"]}]},{\"@type\":\"BreadcrumbList\",\"@id\":\"https:\\\/\\\/bseendustriyel.com\\\/?product=spring-l-014#breadcrumb\",\"itemListElement\":[{\"@type\":\"ListItem\",\"position\":1,\"name\":\"Anasayfa\",\"item\":\"https:\\\/\\\/bseendustriyel.com\\\/\"},{\"@type\":\"ListItem\",\"position\":2,\"name\":\"Shop\",\"item\":\"https:\\\/\\\/bseendustriyel.com\\\/?page_id=24\"},{\"@type\":\"ListItem\",\"position\":3,\"name\":\"Spring L-014\"}]},{\"@type\":\"WebSite\",\"@id\":\"https:\\\/\\\/bseendustriyel.com\\\/#website\",\"url\":\"https:\\\/\\\/bseendustriyel.com\\\/\",\"name\":\"BSE Endusriyel Tedarik\",\"description\":\"\",\"potentialAction\":[{\"@type\":\"SearchAction\",\"target\":{\"@type\":\"EntryPoint\",\"urlTemplate\":\"https:\\\/\\\/bseendustriyel.com\\\/?s={search_term_string}\"},\"query-input\":{\"@type\":\"PropertyValueSpecification\",\"valueRequired\":true,\"valueName\":\"search_term_string\"}}],\"inLanguage\":\"tr\"}]}<\/script>\n<!-- \/ Yoast SEO Premium plugin. -->","yoast_head_json":{"title":"Spring L-014 - BSE Endusriyel Tedarik","description":"Spring L-014 \u2014 profesyonel seyreltme sistemi i\u00e7in konsantre form\u00fcl. Otomatik dozajlama ve seyreltme ekipmanlar\u0131yla kullan\u0131lmak \u00fczere tasarlanm\u0131\u015f; y\u00fcksek kons...","robots":{"index":"index","follow":"follow","max-snippet":"max-snippet:-1","max-image-preview":"max-image-preview:large","max-video-preview":"max-video-preview:-1"},"canonical":"https:\/\/bseendustriyel.com\/?product=spring-l-014","og_locale":"tr_TR","og_type":"article","og_title":"Spring L-014","og_description":"Spring L-014 \u2014 profesyonel seyreltme sistemi i\u00e7in konsantre form\u00fcl. Otomatik dozajlama ve seyreltme ekipmanlar\u0131yla kullan\u0131lmak \u00fczere tasarlanm\u0131\u015f; y\u00fcksek kons...","og_url":"https:\/\/bseendustriyel.com\/?product=spring-l-014","og_site_name":"BSE Endusriyel Tedarik","article_modified_time":"2026-03-16T19:45:12+00:00","twitter_card":"summary_large_image","schema":{"@context":"https:\/\/schema.org","@graph":[{"@type":"WebPage","@id":"https:\/\/bseendustriyel.com\/?product=spring-l-014","url":"https:\/\/bseendustriyel.com\/?product=spring-l-014","name":"Spring L-014 - BSE Endusriyel Tedarik","isPartOf":{"@id":"https:\/\/bseendustriyel.com\/#website"},"datePublished":"2026-03-16T14:06:10+00:00","dateModified":"2026-03-16T19:45:12+00:00","description":"Spring L-014 \u2014 profesyonel seyreltme sistemi i\u00e7in konsantre form\u00fcl. Otomatik dozajlama ve seyreltme ekipmanlar\u0131yla kullan\u0131lmak \u00fczere tasarlanm\u0131\u015f; y\u00fcksek kons...","breadcrumb":{"@id":"https:\/\/bseendustriyel.com\/?product=spring-l-014#breadcrumb"},"inLanguage":"tr","potentialAction":[{"@type":"ReadAction","target":["https:\/\/bseendustriyel.com\/?product=spring-l-014"]}]},{"@type":"BreadcrumbList","@id":"https:\/\/bseendustriyel.com\/?product=spring-l-014#breadcrumb","itemListElement":[{"@type":"ListItem","position":1,"name":"Anasayfa","item":"https:\/\/bseendustriyel.com\/"},{"@type":"ListItem","position":2,"name":"Shop","item":"https:\/\/bseendustriyel.com\/?page_id=24"},{"@type":"ListItem","position":3,"name":"Spring L-014"}]},{"@type":"WebSite","@id":"https:\/\/bseendustriyel.com\/#website","url":"https:\/\/bseendustriyel.com\/","name":"BSE Endusriyel Tedarik","description":"","potentialAction":[{"@type":"SearchAction","target":{"@type":"EntryPoint","urlTemplate":"https:\/\/bseendustriyel.com\/?s={search_term_string}"},"query-input":{"@type":"PropertyValueSpecification","valueRequired":true,"valueName":"search_term_string"}}],"inLanguage":"tr"}]}},"_links":{"self":[{"href":"https:\/\/bseendustriyel.com\/index.php?rest_route=\/wp\/v2\/product\/685","targetHints":{"allow":["GET"]}}],"collection":[{"href":"https:\/\/bseendustriyel.com\/index.php?rest_route=\/wp\/v2\/product"}],"about":[{"href":"https:\/\/bseendustriyel.com\/index.php?rest_route=\/wp\/v2\/types\/product"}],"replies":[{"embeddable":true,"href":"https:\/\/bseendustriyel.com\/index.php?rest_route=%2Fwp%2Fv2%2Fcomments&post=685"}],"wp:attachment":[{"href":"https:\/\/bseendustriyel.com\/index.php?rest_route=%2Fwp%2Fv2%2Fmedia&parent=685"}],"wp:term":[{"taxonomy":"product_brand","embeddable":true,"href":"https:\/\/bseendustriyel.com\/index.php?rest_route=%2Fwp%2Fv2%2Fproduct_brand&post=685"},{"taxonomy":"product_cat","embeddable":true,"href":"https:\/\/bseendustriyel.com\/index.php?rest_route=%2Fwp%2Fv2%2Fproduct_cat&post=685"},{"taxonomy":"product_tag","embeddable":true,"href":"https:\/\/bseendustriyel.com\/index.php?rest_route=%2Fwp%2Fv2%2Fproduct_tag&post=685"}],"curies":[{"name":"wp","href":"https:\/\/api.w.org\/{rel}","templated":true}]}}