{"id":692,"date":"2026-03-16T14:06:10","date_gmt":"2026-03-16T14:06:10","guid":{"rendered":"https:\/\/bseendustriyel.com\/product\/soft-hands\/"},"modified":"2026-03-16T19:42:10","modified_gmt":"2026-03-16T19:42:10","slug":"soft-hands","status":"publish","type":"product","link":"https:\/\/bseendustriyel.com\/?product=soft-hands","title":{"rendered":"Soft Hands"},"content":{"rendered":"<p>S\u0131v\u0131 el temizleyici; kremsiz, k\u00f6p\u00fckl\u00fc form\u00fcl\u00fcyle cildi kurutmadan temizler. Otel, restoran ve ofis gibi s\u0131k el y\u0131kama gerektiren ortamlarda kullan\u0131ma uygundur.<\/p>\n<p>5kg, 20kg<\/p>\n","protected":false},"excerpt":{"rendered":"<p>S\u0131v\u0131 el temizleyici; kremsiz, k\u00f6p\u00fckl\u00fc form\u00fcl\u00fcyle cildi kurutmadan temizler. Otel, restoran ve ofis gibi s\u0131k el y\u0131kama gerektiren ortamlarda kullan\u0131ma uygundur.<\/p>\n","protected":false},"featured_media":0,"comment_status":"closed","ping_status":"open","template":"","meta":[],"product_brand":[],"product_cat":[198,192,44],"product_tag":[],"class_list":{"0":"post-692","1":"product","2":"type-product","3":"status-publish","5":"product_cat-kisisel-hijyen","6":"product_cat-stox","7":"product_cat-temizlik-kimyasallari","9":"first","10":"instock","11":"product-type-simple"},"yoast_head":"<!-- This site is optimized with the Yoast SEO Premium plugin v27.1 (Yoast SEO v27.4) - https:\/\/yoast.com\/product\/yoast-seo-premium-wordpress\/ -->\n<title>Soft Hands - BSE Endusriyel Tedarik<\/title>\n<meta name=\"description\" content=\"S\u0131v\u0131 el temizleyici; kremsiz, k\u00f6p\u00fckl\u00fc form\u00fcl\u00fcyle cildi kurutmadan temizler. Otel, restoran ve ofis gibi s\u0131k el y\u0131kama gerektiren ortamlarda kullan\u0131ma uygundu...\" \/>\n<meta name=\"robots\" content=\"index, follow, max-snippet:-1, max-image-preview:large, max-video-preview:-1\" \/>\n<link rel=\"canonical\" href=\"https:\/\/bseendustriyel.com\/?product=soft-hands\" \/>\n<meta property=\"og:locale\" content=\"tr_TR\" \/>\n<meta property=\"og:type\" content=\"article\" \/>\n<meta property=\"og:title\" content=\"Soft Hands\" \/>\n<meta property=\"og:description\" content=\"S\u0131v\u0131 el temizleyici; kremsiz, k\u00f6p\u00fckl\u00fc form\u00fcl\u00fcyle cildi kurutmadan temizler. Otel, restoran ve ofis gibi s\u0131k el y\u0131kama gerektiren ortamlarda kullan\u0131ma uygundu...\" \/>\n<meta property=\"og:url\" content=\"https:\/\/bseendustriyel.com\/?product=soft-hands\" \/>\n<meta property=\"og:site_name\" content=\"BSE Endusriyel Tedarik\" \/>\n<meta property=\"article:modified_time\" content=\"2026-03-16T19:42:10+00:00\" \/>\n<meta name=\"twitter:card\" content=\"summary_large_image\" \/>\n<script type=\"application\/ld+json\" class=\"yoast-schema-graph\">{\"@context\":\"https:\\\/\\\/schema.org\",\"@graph\":[{\"@type\":\"WebPage\",\"@id\":\"https:\\\/\\\/bseendustriyel.com\\\/?product=soft-hands\",\"url\":\"https:\\\/\\\/bseendustriyel.com\\\/?product=soft-hands\",\"name\":\"Soft Hands - BSE Endusriyel Tedarik\",\"isPartOf\":{\"@id\":\"https:\\\/\\\/bseendustriyel.com\\\/#website\"},\"datePublished\":\"2026-03-16T14:06:10+00:00\",\"dateModified\":\"2026-03-16T19:42:10+00:00\",\"description\":\"S\u0131v\u0131 el temizleyici; kremsiz, k\u00f6p\u00fckl\u00fc form\u00fcl\u00fcyle cildi kurutmadan temizler. Otel, restoran ve ofis gibi s\u0131k el y\u0131kama gerektiren ortamlarda kullan\u0131ma uygundu...\",\"breadcrumb\":{\"@id\":\"https:\\\/\\\/bseendustriyel.com\\\/?product=soft-hands#breadcrumb\"},\"inLanguage\":\"tr\",\"potentialAction\":[{\"@type\":\"ReadAction\",\"target\":[\"https:\\\/\\\/bseendustriyel.com\\\/?product=soft-hands\"]}]},{\"@type\":\"BreadcrumbList\",\"@id\":\"https:\\\/\\\/bseendustriyel.com\\\/?product=soft-hands#breadcrumb\",\"itemListElement\":[{\"@type\":\"ListItem\",\"position\":1,\"name\":\"Anasayfa\",\"item\":\"https:\\\/\\\/bseendustriyel.com\\\/\"},{\"@type\":\"ListItem\",\"position\":2,\"name\":\"Shop\",\"item\":\"https:\\\/\\\/bseendustriyel.com\\\/?page_id=24\"},{\"@type\":\"ListItem\",\"position\":3,\"name\":\"Soft Hands\"}]},{\"@type\":\"WebSite\",\"@id\":\"https:\\\/\\\/bseendustriyel.com\\\/#website\",\"url\":\"https:\\\/\\\/bseendustriyel.com\\\/\",\"name\":\"BSE Endusriyel Tedarik\",\"description\":\"\",\"potentialAction\":[{\"@type\":\"SearchAction\",\"target\":{\"@type\":\"EntryPoint\",\"urlTemplate\":\"https:\\\/\\\/bseendustriyel.com\\\/?s={search_term_string}\"},\"query-input\":{\"@type\":\"PropertyValueSpecification\",\"valueRequired\":true,\"valueName\":\"search_term_string\"}}],\"inLanguage\":\"tr\"}]}<\/script>\n<!-- \/ Yoast SEO Premium plugin. -->","yoast_head_json":{"title":"Soft Hands - BSE Endusriyel Tedarik","description":"S\u0131v\u0131 el temizleyici; kremsiz, k\u00f6p\u00fckl\u00fc form\u00fcl\u00fcyle cildi kurutmadan temizler. Otel, restoran ve ofis gibi s\u0131k el y\u0131kama gerektiren ortamlarda kullan\u0131ma uygundu...","robots":{"index":"index","follow":"follow","max-snippet":"max-snippet:-1","max-image-preview":"max-image-preview:large","max-video-preview":"max-video-preview:-1"},"canonical":"https:\/\/bseendustriyel.com\/?product=soft-hands","og_locale":"tr_TR","og_type":"article","og_title":"Soft Hands","og_description":"S\u0131v\u0131 el temizleyici; kremsiz, k\u00f6p\u00fckl\u00fc form\u00fcl\u00fcyle cildi kurutmadan temizler. Otel, restoran ve ofis gibi s\u0131k el y\u0131kama gerektiren ortamlarda kullan\u0131ma uygundu...","og_url":"https:\/\/bseendustriyel.com\/?product=soft-hands","og_site_name":"BSE Endusriyel Tedarik","article_modified_time":"2026-03-16T19:42:10+00:00","twitter_card":"summary_large_image","schema":{"@context":"https:\/\/schema.org","@graph":[{"@type":"WebPage","@id":"https:\/\/bseendustriyel.com\/?product=soft-hands","url":"https:\/\/bseendustriyel.com\/?product=soft-hands","name":"Soft Hands - BSE Endusriyel Tedarik","isPartOf":{"@id":"https:\/\/bseendustriyel.com\/#website"},"datePublished":"2026-03-16T14:06:10+00:00","dateModified":"2026-03-16T19:42:10+00:00","description":"S\u0131v\u0131 el temizleyici; kremsiz, k\u00f6p\u00fckl\u00fc form\u00fcl\u00fcyle cildi kurutmadan temizler. Otel, restoran ve ofis gibi s\u0131k el y\u0131kama gerektiren ortamlarda kullan\u0131ma uygundu...","breadcrumb":{"@id":"https:\/\/bseendustriyel.com\/?product=soft-hands#breadcrumb"},"inLanguage":"tr","potentialAction":[{"@type":"ReadAction","target":["https:\/\/bseendustriyel.com\/?product=soft-hands"]}]},{"@type":"BreadcrumbList","@id":"https:\/\/bseendustriyel.com\/?product=soft-hands#breadcrumb","itemListElement":[{"@type":"ListItem","position":1,"name":"Anasayfa","item":"https:\/\/bseendustriyel.com\/"},{"@type":"ListItem","position":2,"name":"Shop","item":"https:\/\/bseendustriyel.com\/?page_id=24"},{"@type":"ListItem","position":3,"name":"Soft Hands"}]},{"@type":"WebSite","@id":"https:\/\/bseendustriyel.com\/#website","url":"https:\/\/bseendustriyel.com\/","name":"BSE Endusriyel Tedarik","description":"","potentialAction":[{"@type":"SearchAction","target":{"@type":"EntryPoint","urlTemplate":"https:\/\/bseendustriyel.com\/?s={search_term_string}"},"query-input":{"@type":"PropertyValueSpecification","valueRequired":true,"valueName":"search_term_string"}}],"inLanguage":"tr"}]}},"_links":{"self":[{"href":"https:\/\/bseendustriyel.com\/index.php?rest_route=\/wp\/v2\/product\/692","targetHints":{"allow":["GET"]}}],"collection":[{"href":"https:\/\/bseendustriyel.com\/index.php?rest_route=\/wp\/v2\/product"}],"about":[{"href":"https:\/\/bseendustriyel.com\/index.php?rest_route=\/wp\/v2\/types\/product"}],"replies":[{"embeddable":true,"href":"https:\/\/bseendustriyel.com\/index.php?rest_route=%2Fwp%2Fv2%2Fcomments&post=692"}],"wp:attachment":[{"href":"https:\/\/bseendustriyel.com\/index.php?rest_route=%2Fwp%2Fv2%2Fmedia&parent=692"}],"wp:term":[{"taxonomy":"product_brand","embeddable":true,"href":"https:\/\/bseendustriyel.com\/index.php?rest_route=%2Fwp%2Fv2%2Fproduct_brand&post=692"},{"taxonomy":"product_cat","embeddable":true,"href":"https:\/\/bseendustriyel.com\/index.php?rest_route=%2Fwp%2Fv2%2Fproduct_cat&post=692"},{"taxonomy":"product_tag","embeddable":true,"href":"https:\/\/bseendustriyel.com\/index.php?rest_route=%2Fwp%2Fv2%2Fproduct_tag&post=692"}],"curies":[{"name":"wp","href":"https:\/\/api.w.org\/{rel}","templated":true}]}}