{"id":697,"date":"2026-03-16T14:06:28","date_gmt":"2026-03-16T14:06:28","guid":{"rendered":"https:\/\/bseendustriyel.com\/product\/elle-bulasik\/"},"modified":"2026-03-16T19:42:16","modified_gmt":"2026-03-16T19:42:16","slug":"elle-bulasik","status":"publish","type":"product","link":"https:\/\/bseendustriyel.com\/?product=elle-bulasik","title":{"rendered":"Elle Bula\u015f\u0131k"},"content":{"rendered":"<p>B\u00fcy\u00fck hacimli elde bula\u015f\u0131k y\u0131kama s\u0131v\u0131s\u0131. Ev ve k\u00fc\u00e7\u00fck i\u015fletmeler i\u00e7in ekonomik ambalajda sunulan, ya\u011f ve kirleri etkili bi\u00e7imde temizleyen s\u0131v\u0131 deterjan.<\/p>\n<p>20kg<\/p>\n","protected":false},"excerpt":{"rendered":"<p>B\u00fcy\u00fck hacimli elde bula\u015f\u0131k y\u0131kama s\u0131v\u0131s\u0131. Ev ve k\u00fc\u00e7\u00fck i\u015fletmeler i\u00e7in ekonomik ambalajda sunulan, ya\u011f ve kirleri etkili bi\u00e7imde temizleyen s\u0131v\u0131 deterjan.<\/p>\n","protected":false},"featured_media":0,"comment_status":"closed","ping_status":"open","template":"","meta":[],"product_brand":[],"product_cat":[199,192,44],"product_tag":[],"class_list":{"0":"post-697","1":"product","2":"type-product","3":"status-publish","5":"product_cat-maxi-grubu","6":"product_cat-stox","7":"product_cat-temizlik-kimyasallari","9":"first","10":"instock","11":"product-type-simple"},"yoast_head":"<!-- This site is optimized with the Yoast SEO Premium plugin v27.1 (Yoast SEO v27.4) - https:\/\/yoast.com\/product\/yoast-seo-premium-wordpress\/ -->\n<title>Elle Bula\u015f\u0131k - BSE Endusriyel Tedarik<\/title>\n<meta name=\"description\" content=\"B\u00fcy\u00fck hacimli elde bula\u015f\u0131k y\u0131kama s\u0131v\u0131s\u0131. Ev ve k\u00fc\u00e7\u00fck i\u015fletmeler i\u00e7in ekonomik ambalajda sunulan, ya\u011f ve kirleri etkili bi\u00e7imde temizleyen s\u0131v\u0131 deterjan. Eko...\" \/>\n<meta name=\"robots\" content=\"index, follow, max-snippet:-1, max-image-preview:large, max-video-preview:-1\" \/>\n<link rel=\"canonical\" href=\"https:\/\/bseendustriyel.com\/?product=elle-bulasik\" \/>\n<meta property=\"og:locale\" content=\"tr_TR\" \/>\n<meta property=\"og:type\" content=\"article\" \/>\n<meta property=\"og:title\" content=\"Elle Bula\u015f\u0131k\" \/>\n<meta property=\"og:description\" content=\"B\u00fcy\u00fck hacimli elde bula\u015f\u0131k y\u0131kama s\u0131v\u0131s\u0131. Ev ve k\u00fc\u00e7\u00fck i\u015fletmeler i\u00e7in ekonomik ambalajda sunulan, ya\u011f ve kirleri etkili bi\u00e7imde temizleyen s\u0131v\u0131 deterjan. Eko...\" \/>\n<meta property=\"og:url\" content=\"https:\/\/bseendustriyel.com\/?product=elle-bulasik\" \/>\n<meta property=\"og:site_name\" content=\"BSE Endusriyel Tedarik\" \/>\n<meta property=\"article:modified_time\" content=\"2026-03-16T19:42:16+00:00\" \/>\n<meta name=\"twitter:card\" content=\"summary_large_image\" \/>\n<script type=\"application\/ld+json\" class=\"yoast-schema-graph\">{\"@context\":\"https:\\\/\\\/schema.org\",\"@graph\":[{\"@type\":\"WebPage\",\"@id\":\"https:\\\/\\\/bseendustriyel.com\\\/?product=elle-bulasik\",\"url\":\"https:\\\/\\\/bseendustriyel.com\\\/?product=elle-bulasik\",\"name\":\"Elle Bula\u015f\u0131k - BSE Endusriyel Tedarik\",\"isPartOf\":{\"@id\":\"https:\\\/\\\/bseendustriyel.com\\\/#website\"},\"datePublished\":\"2026-03-16T14:06:28+00:00\",\"dateModified\":\"2026-03-16T19:42:16+00:00\",\"description\":\"B\u00fcy\u00fck hacimli elde bula\u015f\u0131k y\u0131kama s\u0131v\u0131s\u0131. Ev ve k\u00fc\u00e7\u00fck i\u015fletmeler i\u00e7in ekonomik ambalajda sunulan, ya\u011f ve kirleri etkili bi\u00e7imde temizleyen s\u0131v\u0131 deterjan. Eko...\",\"breadcrumb\":{\"@id\":\"https:\\\/\\\/bseendustriyel.com\\\/?product=elle-bulasik#breadcrumb\"},\"inLanguage\":\"tr\",\"potentialAction\":[{\"@type\":\"ReadAction\",\"target\":[\"https:\\\/\\\/bseendustriyel.com\\\/?product=elle-bulasik\"]}]},{\"@type\":\"BreadcrumbList\",\"@id\":\"https:\\\/\\\/bseendustriyel.com\\\/?product=elle-bulasik#breadcrumb\",\"itemListElement\":[{\"@type\":\"ListItem\",\"position\":1,\"name\":\"Anasayfa\",\"item\":\"https:\\\/\\\/bseendustriyel.com\\\/\"},{\"@type\":\"ListItem\",\"position\":2,\"name\":\"Shop\",\"item\":\"https:\\\/\\\/bseendustriyel.com\\\/?page_id=24\"},{\"@type\":\"ListItem\",\"position\":3,\"name\":\"Elle Bula\u015f\u0131k\"}]},{\"@type\":\"WebSite\",\"@id\":\"https:\\\/\\\/bseendustriyel.com\\\/#website\",\"url\":\"https:\\\/\\\/bseendustriyel.com\\\/\",\"name\":\"BSE Endusriyel Tedarik\",\"description\":\"\",\"potentialAction\":[{\"@type\":\"SearchAction\",\"target\":{\"@type\":\"EntryPoint\",\"urlTemplate\":\"https:\\\/\\\/bseendustriyel.com\\\/?s={search_term_string}\"},\"query-input\":{\"@type\":\"PropertyValueSpecification\",\"valueRequired\":true,\"valueName\":\"search_term_string\"}}],\"inLanguage\":\"tr\"}]}<\/script>\n<!-- \/ Yoast SEO Premium plugin. -->","yoast_head_json":{"title":"Elle Bula\u015f\u0131k - BSE Endusriyel Tedarik","description":"B\u00fcy\u00fck hacimli elde bula\u015f\u0131k y\u0131kama s\u0131v\u0131s\u0131. Ev ve k\u00fc\u00e7\u00fck i\u015fletmeler i\u00e7in ekonomik ambalajda sunulan, ya\u011f ve kirleri etkili bi\u00e7imde temizleyen s\u0131v\u0131 deterjan. Eko...","robots":{"index":"index","follow":"follow","max-snippet":"max-snippet:-1","max-image-preview":"max-image-preview:large","max-video-preview":"max-video-preview:-1"},"canonical":"https:\/\/bseendustriyel.com\/?product=elle-bulasik","og_locale":"tr_TR","og_type":"article","og_title":"Elle Bula\u015f\u0131k","og_description":"B\u00fcy\u00fck hacimli elde bula\u015f\u0131k y\u0131kama s\u0131v\u0131s\u0131. Ev ve k\u00fc\u00e7\u00fck i\u015fletmeler i\u00e7in ekonomik ambalajda sunulan, ya\u011f ve kirleri etkili bi\u00e7imde temizleyen s\u0131v\u0131 deterjan. Eko...","og_url":"https:\/\/bseendustriyel.com\/?product=elle-bulasik","og_site_name":"BSE Endusriyel Tedarik","article_modified_time":"2026-03-16T19:42:16+00:00","twitter_card":"summary_large_image","schema":{"@context":"https:\/\/schema.org","@graph":[{"@type":"WebPage","@id":"https:\/\/bseendustriyel.com\/?product=elle-bulasik","url":"https:\/\/bseendustriyel.com\/?product=elle-bulasik","name":"Elle Bula\u015f\u0131k - BSE Endusriyel Tedarik","isPartOf":{"@id":"https:\/\/bseendustriyel.com\/#website"},"datePublished":"2026-03-16T14:06:28+00:00","dateModified":"2026-03-16T19:42:16+00:00","description":"B\u00fcy\u00fck hacimli elde bula\u015f\u0131k y\u0131kama s\u0131v\u0131s\u0131. Ev ve k\u00fc\u00e7\u00fck i\u015fletmeler i\u00e7in ekonomik ambalajda sunulan, ya\u011f ve kirleri etkili bi\u00e7imde temizleyen s\u0131v\u0131 deterjan. Eko...","breadcrumb":{"@id":"https:\/\/bseendustriyel.com\/?product=elle-bulasik#breadcrumb"},"inLanguage":"tr","potentialAction":[{"@type":"ReadAction","target":["https:\/\/bseendustriyel.com\/?product=elle-bulasik"]}]},{"@type":"BreadcrumbList","@id":"https:\/\/bseendustriyel.com\/?product=elle-bulasik#breadcrumb","itemListElement":[{"@type":"ListItem","position":1,"name":"Anasayfa","item":"https:\/\/bseendustriyel.com\/"},{"@type":"ListItem","position":2,"name":"Shop","item":"https:\/\/bseendustriyel.com\/?page_id=24"},{"@type":"ListItem","position":3,"name":"Elle Bula\u015f\u0131k"}]},{"@type":"WebSite","@id":"https:\/\/bseendustriyel.com\/#website","url":"https:\/\/bseendustriyel.com\/","name":"BSE Endusriyel Tedarik","description":"","potentialAction":[{"@type":"SearchAction","target":{"@type":"EntryPoint","urlTemplate":"https:\/\/bseendustriyel.com\/?s={search_term_string}"},"query-input":{"@type":"PropertyValueSpecification","valueRequired":true,"valueName":"search_term_string"}}],"inLanguage":"tr"}]}},"_links":{"self":[{"href":"https:\/\/bseendustriyel.com\/index.php?rest_route=\/wp\/v2\/product\/697","targetHints":{"allow":["GET"]}}],"collection":[{"href":"https:\/\/bseendustriyel.com\/index.php?rest_route=\/wp\/v2\/product"}],"about":[{"href":"https:\/\/bseendustriyel.com\/index.php?rest_route=\/wp\/v2\/types\/product"}],"replies":[{"embeddable":true,"href":"https:\/\/bseendustriyel.com\/index.php?rest_route=%2Fwp%2Fv2%2Fcomments&post=697"}],"wp:attachment":[{"href":"https:\/\/bseendustriyel.com\/index.php?rest_route=%2Fwp%2Fv2%2Fmedia&parent=697"}],"wp:term":[{"taxonomy":"product_brand","embeddable":true,"href":"https:\/\/bseendustriyel.com\/index.php?rest_route=%2Fwp%2Fv2%2Fproduct_brand&post=697"},{"taxonomy":"product_cat","embeddable":true,"href":"https:\/\/bseendustriyel.com\/index.php?rest_route=%2Fwp%2Fv2%2Fproduct_cat&post=697"},{"taxonomy":"product_tag","embeddable":true,"href":"https:\/\/bseendustriyel.com\/index.php?rest_route=%2Fwp%2Fv2%2Fproduct_tag&post=697"}],"curies":[{"name":"wp","href":"https:\/\/api.w.org\/{rel}","templated":true}]}}