{"id":702,"date":"2026-03-16T14:06:28","date_gmt":"2026-03-16T14:06:28","guid":{"rendered":"https:\/\/bseendustriyel.com\/product\/yumusatici\/"},"modified":"2026-03-16T19:42:20","modified_gmt":"2026-03-16T19:42:20","slug":"yumusatici","status":"publish","type":"product","link":"https:\/\/bseendustriyel.com\/?product=yumusatici","title":{"rendered":"Yumu\u015fat\u0131c\u0131"},"content":{"rendered":"<p>\u00c7ama\u015f\u0131r yumu\u015fat\u0131c\u0131. Kuma\u015flara yumu\u015fakl\u0131k ve ho\u015f koku katarak statik elektri\u011fi azalt\u0131r ve \u00fct\u00fclemeyi kolayla\u015ft\u0131r\u0131r.<\/p>\n<p>20kg<\/p>\n","protected":false},"excerpt":{"rendered":"<p>\u00c7ama\u015f\u0131r yumu\u015fat\u0131c\u0131. Kuma\u015flara yumu\u015fakl\u0131k ve ho\u015f koku katarak statik elektri\u011fi azalt\u0131r ve \u00fct\u00fclemeyi kolayla\u015ft\u0131r\u0131r.<\/p>\n","protected":false},"featured_media":0,"comment_status":"closed","ping_status":"open","template":"","meta":[],"product_brand":[],"product_cat":[199,192,44],"product_tag":[],"class_list":{"0":"post-702","1":"product","2":"type-product","3":"status-publish","5":"product_cat-maxi-grubu","6":"product_cat-stox","7":"product_cat-temizlik-kimyasallari","9":"first","10":"instock","11":"product-type-simple"},"yoast_head":"<!-- This site is optimized with the Yoast SEO Premium plugin v27.1 (Yoast SEO v27.4) - https:\/\/yoast.com\/product\/yoast-seo-premium-wordpress\/ -->\n<title>Yumu\u015fat\u0131c\u0131 - BSE Endusriyel Tedarik<\/title>\n<meta name=\"description\" content=\"\u00c7ama\u015f\u0131r yumu\u015fat\u0131c\u0131. Kuma\u015flara yumu\u015fakl\u0131k ve ho\u015f koku katarak statik elektri\u011fi azalt\u0131r ve \u00fct\u00fclemeyi kolayla\u015ft\u0131r\u0131r. Eko-Kim&#039;den sipari\u015f verin.\" \/>\n<meta name=\"robots\" content=\"index, follow, max-snippet:-1, max-image-preview:large, max-video-preview:-1\" \/>\n<link rel=\"canonical\" href=\"https:\/\/bseendustriyel.com\/?product=yumusatici\" \/>\n<meta property=\"og:locale\" content=\"tr_TR\" \/>\n<meta property=\"og:type\" content=\"article\" \/>\n<meta property=\"og:title\" content=\"Yumu\u015fat\u0131c\u0131\" \/>\n<meta property=\"og:description\" content=\"\u00c7ama\u015f\u0131r yumu\u015fat\u0131c\u0131. Kuma\u015flara yumu\u015fakl\u0131k ve ho\u015f koku katarak statik elektri\u011fi azalt\u0131r ve \u00fct\u00fclemeyi kolayla\u015ft\u0131r\u0131r. Eko-Kim&#039;den sipari\u015f verin.\" \/>\n<meta property=\"og:url\" content=\"https:\/\/bseendustriyel.com\/?product=yumusatici\" \/>\n<meta property=\"og:site_name\" content=\"BSE Endusriyel Tedarik\" \/>\n<meta property=\"article:modified_time\" content=\"2026-03-16T19:42:20+00:00\" \/>\n<meta name=\"twitter:card\" content=\"summary_large_image\" \/>\n<script type=\"application\/ld+json\" class=\"yoast-schema-graph\">{\"@context\":\"https:\\\/\\\/schema.org\",\"@graph\":[{\"@type\":\"WebPage\",\"@id\":\"https:\\\/\\\/bseendustriyel.com\\\/?product=yumusatici\",\"url\":\"https:\\\/\\\/bseendustriyel.com\\\/?product=yumusatici\",\"name\":\"Yumu\u015fat\u0131c\u0131 - BSE Endusriyel Tedarik\",\"isPartOf\":{\"@id\":\"https:\\\/\\\/bseendustriyel.com\\\/#website\"},\"datePublished\":\"2026-03-16T14:06:28+00:00\",\"dateModified\":\"2026-03-16T19:42:20+00:00\",\"description\":\"\u00c7ama\u015f\u0131r yumu\u015fat\u0131c\u0131. Kuma\u015flara yumu\u015fakl\u0131k ve ho\u015f koku katarak statik elektri\u011fi azalt\u0131r ve \u00fct\u00fclemeyi kolayla\u015ft\u0131r\u0131r. Eko-Kim'den sipari\u015f verin.\",\"breadcrumb\":{\"@id\":\"https:\\\/\\\/bseendustriyel.com\\\/?product=yumusatici#breadcrumb\"},\"inLanguage\":\"tr\",\"potentialAction\":[{\"@type\":\"ReadAction\",\"target\":[\"https:\\\/\\\/bseendustriyel.com\\\/?product=yumusatici\"]}]},{\"@type\":\"BreadcrumbList\",\"@id\":\"https:\\\/\\\/bseendustriyel.com\\\/?product=yumusatici#breadcrumb\",\"itemListElement\":[{\"@type\":\"ListItem\",\"position\":1,\"name\":\"Anasayfa\",\"item\":\"https:\\\/\\\/bseendustriyel.com\\\/\"},{\"@type\":\"ListItem\",\"position\":2,\"name\":\"Shop\",\"item\":\"https:\\\/\\\/bseendustriyel.com\\\/?page_id=24\"},{\"@type\":\"ListItem\",\"position\":3,\"name\":\"Yumu\u015fat\u0131c\u0131\"}]},{\"@type\":\"WebSite\",\"@id\":\"https:\\\/\\\/bseendustriyel.com\\\/#website\",\"url\":\"https:\\\/\\\/bseendustriyel.com\\\/\",\"name\":\"BSE Endusriyel Tedarik\",\"description\":\"\",\"potentialAction\":[{\"@type\":\"SearchAction\",\"target\":{\"@type\":\"EntryPoint\",\"urlTemplate\":\"https:\\\/\\\/bseendustriyel.com\\\/?s={search_term_string}\"},\"query-input\":{\"@type\":\"PropertyValueSpecification\",\"valueRequired\":true,\"valueName\":\"search_term_string\"}}],\"inLanguage\":\"tr\"}]}<\/script>\n<!-- \/ Yoast SEO Premium plugin. -->","yoast_head_json":{"title":"Yumu\u015fat\u0131c\u0131 - BSE Endusriyel Tedarik","description":"\u00c7ama\u015f\u0131r yumu\u015fat\u0131c\u0131. Kuma\u015flara yumu\u015fakl\u0131k ve ho\u015f koku katarak statik elektri\u011fi azalt\u0131r ve \u00fct\u00fclemeyi kolayla\u015ft\u0131r\u0131r. Eko-Kim'den sipari\u015f verin.","robots":{"index":"index","follow":"follow","max-snippet":"max-snippet:-1","max-image-preview":"max-image-preview:large","max-video-preview":"max-video-preview:-1"},"canonical":"https:\/\/bseendustriyel.com\/?product=yumusatici","og_locale":"tr_TR","og_type":"article","og_title":"Yumu\u015fat\u0131c\u0131","og_description":"\u00c7ama\u015f\u0131r yumu\u015fat\u0131c\u0131. Kuma\u015flara yumu\u015fakl\u0131k ve ho\u015f koku katarak statik elektri\u011fi azalt\u0131r ve \u00fct\u00fclemeyi kolayla\u015ft\u0131r\u0131r. Eko-Kim'den sipari\u015f verin.","og_url":"https:\/\/bseendustriyel.com\/?product=yumusatici","og_site_name":"BSE Endusriyel Tedarik","article_modified_time":"2026-03-16T19:42:20+00:00","twitter_card":"summary_large_image","schema":{"@context":"https:\/\/schema.org","@graph":[{"@type":"WebPage","@id":"https:\/\/bseendustriyel.com\/?product=yumusatici","url":"https:\/\/bseendustriyel.com\/?product=yumusatici","name":"Yumu\u015fat\u0131c\u0131 - BSE Endusriyel Tedarik","isPartOf":{"@id":"https:\/\/bseendustriyel.com\/#website"},"datePublished":"2026-03-16T14:06:28+00:00","dateModified":"2026-03-16T19:42:20+00:00","description":"\u00c7ama\u015f\u0131r yumu\u015fat\u0131c\u0131. Kuma\u015flara yumu\u015fakl\u0131k ve ho\u015f koku katarak statik elektri\u011fi azalt\u0131r ve \u00fct\u00fclemeyi kolayla\u015ft\u0131r\u0131r. Eko-Kim'den sipari\u015f verin.","breadcrumb":{"@id":"https:\/\/bseendustriyel.com\/?product=yumusatici#breadcrumb"},"inLanguage":"tr","potentialAction":[{"@type":"ReadAction","target":["https:\/\/bseendustriyel.com\/?product=yumusatici"]}]},{"@type":"BreadcrumbList","@id":"https:\/\/bseendustriyel.com\/?product=yumusatici#breadcrumb","itemListElement":[{"@type":"ListItem","position":1,"name":"Anasayfa","item":"https:\/\/bseendustriyel.com\/"},{"@type":"ListItem","position":2,"name":"Shop","item":"https:\/\/bseendustriyel.com\/?page_id=24"},{"@type":"ListItem","position":3,"name":"Yumu\u015fat\u0131c\u0131"}]},{"@type":"WebSite","@id":"https:\/\/bseendustriyel.com\/#website","url":"https:\/\/bseendustriyel.com\/","name":"BSE Endusriyel Tedarik","description":"","potentialAction":[{"@type":"SearchAction","target":{"@type":"EntryPoint","urlTemplate":"https:\/\/bseendustriyel.com\/?s={search_term_string}"},"query-input":{"@type":"PropertyValueSpecification","valueRequired":true,"valueName":"search_term_string"}}],"inLanguage":"tr"}]}},"_links":{"self":[{"href":"https:\/\/bseendustriyel.com\/index.php?rest_route=\/wp\/v2\/product\/702","targetHints":{"allow":["GET"]}}],"collection":[{"href":"https:\/\/bseendustriyel.com\/index.php?rest_route=\/wp\/v2\/product"}],"about":[{"href":"https:\/\/bseendustriyel.com\/index.php?rest_route=\/wp\/v2\/types\/product"}],"replies":[{"embeddable":true,"href":"https:\/\/bseendustriyel.com\/index.php?rest_route=%2Fwp%2Fv2%2Fcomments&post=702"}],"wp:attachment":[{"href":"https:\/\/bseendustriyel.com\/index.php?rest_route=%2Fwp%2Fv2%2Fmedia&parent=702"}],"wp:term":[{"taxonomy":"product_brand","embeddable":true,"href":"https:\/\/bseendustriyel.com\/index.php?rest_route=%2Fwp%2Fv2%2Fproduct_brand&post=702"},{"taxonomy":"product_cat","embeddable":true,"href":"https:\/\/bseendustriyel.com\/index.php?rest_route=%2Fwp%2Fv2%2Fproduct_cat&post=702"},{"taxonomy":"product_tag","embeddable":true,"href":"https:\/\/bseendustriyel.com\/index.php?rest_route=%2Fwp%2Fv2%2Fproduct_tag&post=702"}],"curies":[{"name":"wp","href":"https:\/\/api.w.org\/{rel}","templated":true}]}}