{"id":712,"date":"2026-03-16T14:06:28","date_gmt":"2026-03-16T14:06:28","guid":{"rendered":"https:\/\/bseendustriyel.com\/product\/l-3000-dozajlama-sistemi\/"},"modified":"2026-03-16T19:42:29","modified_gmt":"2026-03-16T19:42:29","slug":"l-3000-dozajlama-sistemi","status":"publish","type":"product","link":"https:\/\/bseendustriyel.com\/?product=l-3000-dozajlama-sistemi","title":{"rendered":"L-3000 Dozajlama Sistemi"},"content":{"rendered":"<p>\u00c7ok kanall\u0131 kimyasal dozajlama sistemi. Birden fazla kimyasal \u00fcr\u00fcn\u00fc e\u015f zamanl\u0131 dozajlayabilen profesyonel sistem; b\u00fcy\u00fck \u00f6l\u00e7ekli end\u00fcstriyel kullan\u0131m i\u00e7in tasarlanm\u0131\u015ft\u0131r.<\/p>\n","protected":false},"excerpt":{"rendered":"<p>\u00c7ok kanall\u0131 kimyasal dozajlama sistemi. Birden fazla kimyasal \u00fcr\u00fcn\u00fc e\u015f zamanl\u0131 dozajlayabilen profesyonel sistem; b\u00fcy\u00fck \u00f6l\u00e7ekli end\u00fcstriyel kullan\u0131m i\u00e7in tasarlanm\u0131\u015ft\u0131r.<\/p>\n","protected":false},"featured_media":220,"comment_status":"closed","ping_status":"open","template":"","meta":[],"product_brand":[],"product_cat":[200,192,44],"product_tag":[],"class_list":{"0":"post-712","1":"product","2":"type-product","3":"status-publish","4":"has-post-thumbnail","6":"product_cat-seyreltme-dozaj-sistemleri","7":"product_cat-stox","8":"product_cat-temizlik-kimyasallari","10":"first","11":"instock","12":"product-type-simple"},"yoast_head":"<!-- This site is optimized with the Yoast SEO Premium plugin v27.1 (Yoast SEO v27.4) - https:\/\/yoast.com\/product\/yoast-seo-premium-wordpress\/ -->\n<title>L-3000 Dozajlama Sistemi - BSE Endusriyel Tedarik<\/title>\n<meta name=\"description\" content=\"\u00c7ok kanall\u0131 kimyasal dozajlama sistemi. Birden fazla kimyasal \u00fcr\u00fcn\u00fc e\u015f zamanl\u0131 dozajlayabilen profesyonel sistem; b\u00fcy\u00fck \u00f6l\u00e7ekli end\u00fcstriyel kullan\u0131m i\u00e7in tas...\" \/>\n<meta name=\"robots\" content=\"index, follow, max-snippet:-1, max-image-preview:large, max-video-preview:-1\" \/>\n<link rel=\"canonical\" href=\"https:\/\/bseendustriyel.com\/?product=l-3000-dozajlama-sistemi\" \/>\n<meta property=\"og:locale\" content=\"tr_TR\" \/>\n<meta property=\"og:type\" content=\"article\" \/>\n<meta property=\"og:title\" content=\"L-3000 Dozajlama Sistemi\" \/>\n<meta property=\"og:description\" content=\"\u00c7ok kanall\u0131 kimyasal dozajlama sistemi. Birden fazla kimyasal \u00fcr\u00fcn\u00fc e\u015f zamanl\u0131 dozajlayabilen profesyonel sistem; b\u00fcy\u00fck \u00f6l\u00e7ekli end\u00fcstriyel kullan\u0131m i\u00e7in tas...\" \/>\n<meta property=\"og:url\" content=\"https:\/\/bseendustriyel.com\/?product=l-3000-dozajlama-sistemi\" \/>\n<meta property=\"og:site_name\" content=\"BSE Endusriyel Tedarik\" \/>\n<meta property=\"article:modified_time\" content=\"2026-03-16T19:42:29+00:00\" \/>\n<meta property=\"og:image\" content=\"https:\/\/bseendustriyel.com\/wp-content\/uploads\/2026\/03\/stox-385-l-3000-dozajlama-sistemi.jpg\" \/>\n\t<meta property=\"og:image:width\" content=\"450\" \/>\n\t<meta property=\"og:image:height\" content=\"450\" \/>\n\t<meta property=\"og:image:type\" content=\"image\/jpeg\" \/>\n<meta name=\"twitter:card\" content=\"summary_large_image\" \/>\n<script type=\"application\/ld+json\" class=\"yoast-schema-graph\">{\"@context\":\"https:\\\/\\\/schema.org\",\"@graph\":[{\"@type\":\"WebPage\",\"@id\":\"https:\\\/\\\/bseendustriyel.com\\\/?product=l-3000-dozajlama-sistemi\",\"url\":\"https:\\\/\\\/bseendustriyel.com\\\/?product=l-3000-dozajlama-sistemi\",\"name\":\"L-3000 Dozajlama Sistemi - BSE Endusriyel Tedarik\",\"isPartOf\":{\"@id\":\"https:\\\/\\\/bseendustriyel.com\\\/#website\"},\"primaryImageOfPage\":{\"@id\":\"https:\\\/\\\/bseendustriyel.com\\\/?product=l-3000-dozajlama-sistemi#primaryimage\"},\"image\":{\"@id\":\"https:\\\/\\\/bseendustriyel.com\\\/?product=l-3000-dozajlama-sistemi#primaryimage\"},\"thumbnailUrl\":\"https:\\\/\\\/bseendustriyel.com\\\/wp-content\\\/uploads\\\/2026\\\/03\\\/stox-385-l-3000-dozajlama-sistemi.jpg\",\"datePublished\":\"2026-03-16T14:06:28+00:00\",\"dateModified\":\"2026-03-16T19:42:29+00:00\",\"description\":\"\u00c7ok kanall\u0131 kimyasal dozajlama sistemi. Birden fazla kimyasal \u00fcr\u00fcn\u00fc e\u015f zamanl\u0131 dozajlayabilen profesyonel sistem; b\u00fcy\u00fck \u00f6l\u00e7ekli end\u00fcstriyel kullan\u0131m i\u00e7in tas...\",\"breadcrumb\":{\"@id\":\"https:\\\/\\\/bseendustriyel.com\\\/?product=l-3000-dozajlama-sistemi#breadcrumb\"},\"inLanguage\":\"tr\",\"potentialAction\":[{\"@type\":\"ReadAction\",\"target\":[\"https:\\\/\\\/bseendustriyel.com\\\/?product=l-3000-dozajlama-sistemi\"]}]},{\"@type\":\"ImageObject\",\"inLanguage\":\"tr\",\"@id\":\"https:\\\/\\\/bseendustriyel.com\\\/?product=l-3000-dozajlama-sistemi#primaryimage\",\"url\":\"https:\\\/\\\/bseendustriyel.com\\\/wp-content\\\/uploads\\\/2026\\\/03\\\/stox-385-l-3000-dozajlama-sistemi.jpg\",\"contentUrl\":\"https:\\\/\\\/bseendustriyel.com\\\/wp-content\\\/uploads\\\/2026\\\/03\\\/stox-385-l-3000-dozajlama-sistemi.jpg\",\"width\":450,\"height\":450},{\"@type\":\"BreadcrumbList\",\"@id\":\"https:\\\/\\\/bseendustriyel.com\\\/?product=l-3000-dozajlama-sistemi#breadcrumb\",\"itemListElement\":[{\"@type\":\"ListItem\",\"position\":1,\"name\":\"Anasayfa\",\"item\":\"https:\\\/\\\/bseendustriyel.com\\\/\"},{\"@type\":\"ListItem\",\"position\":2,\"name\":\"Shop\",\"item\":\"https:\\\/\\\/bseendustriyel.com\\\/?page_id=24\"},{\"@type\":\"ListItem\",\"position\":3,\"name\":\"L-3000 Dozajlama Sistemi\"}]},{\"@type\":\"WebSite\",\"@id\":\"https:\\\/\\\/bseendustriyel.com\\\/#website\",\"url\":\"https:\\\/\\\/bseendustriyel.com\\\/\",\"name\":\"BSE Endusriyel Tedarik\",\"description\":\"\",\"potentialAction\":[{\"@type\":\"SearchAction\",\"target\":{\"@type\":\"EntryPoint\",\"urlTemplate\":\"https:\\\/\\\/bseendustriyel.com\\\/?s={search_term_string}\"},\"query-input\":{\"@type\":\"PropertyValueSpecification\",\"valueRequired\":true,\"valueName\":\"search_term_string\"}}],\"inLanguage\":\"tr\"}]}<\/script>\n<!-- \/ Yoast SEO Premium plugin. -->","yoast_head_json":{"title":"L-3000 Dozajlama Sistemi - BSE Endusriyel Tedarik","description":"\u00c7ok kanall\u0131 kimyasal dozajlama sistemi. Birden fazla kimyasal \u00fcr\u00fcn\u00fc e\u015f zamanl\u0131 dozajlayabilen profesyonel sistem; b\u00fcy\u00fck \u00f6l\u00e7ekli end\u00fcstriyel kullan\u0131m i\u00e7in tas...","robots":{"index":"index","follow":"follow","max-snippet":"max-snippet:-1","max-image-preview":"max-image-preview:large","max-video-preview":"max-video-preview:-1"},"canonical":"https:\/\/bseendustriyel.com\/?product=l-3000-dozajlama-sistemi","og_locale":"tr_TR","og_type":"article","og_title":"L-3000 Dozajlama Sistemi","og_description":"\u00c7ok kanall\u0131 kimyasal dozajlama sistemi. Birden fazla kimyasal \u00fcr\u00fcn\u00fc e\u015f zamanl\u0131 dozajlayabilen profesyonel sistem; b\u00fcy\u00fck \u00f6l\u00e7ekli end\u00fcstriyel kullan\u0131m i\u00e7in tas...","og_url":"https:\/\/bseendustriyel.com\/?product=l-3000-dozajlama-sistemi","og_site_name":"BSE Endusriyel Tedarik","article_modified_time":"2026-03-16T19:42:29+00:00","og_image":[{"width":450,"height":450,"url":"https:\/\/bseendustriyel.com\/wp-content\/uploads\/2026\/03\/stox-385-l-3000-dozajlama-sistemi.jpg","type":"image\/jpeg"}],"twitter_card":"summary_large_image","schema":{"@context":"https:\/\/schema.org","@graph":[{"@type":"WebPage","@id":"https:\/\/bseendustriyel.com\/?product=l-3000-dozajlama-sistemi","url":"https:\/\/bseendustriyel.com\/?product=l-3000-dozajlama-sistemi","name":"L-3000 Dozajlama Sistemi - BSE Endusriyel Tedarik","isPartOf":{"@id":"https:\/\/bseendustriyel.com\/#website"},"primaryImageOfPage":{"@id":"https:\/\/bseendustriyel.com\/?product=l-3000-dozajlama-sistemi#primaryimage"},"image":{"@id":"https:\/\/bseendustriyel.com\/?product=l-3000-dozajlama-sistemi#primaryimage"},"thumbnailUrl":"https:\/\/bseendustriyel.com\/wp-content\/uploads\/2026\/03\/stox-385-l-3000-dozajlama-sistemi.jpg","datePublished":"2026-03-16T14:06:28+00:00","dateModified":"2026-03-16T19:42:29+00:00","description":"\u00c7ok kanall\u0131 kimyasal dozajlama sistemi. Birden fazla kimyasal \u00fcr\u00fcn\u00fc e\u015f zamanl\u0131 dozajlayabilen profesyonel sistem; b\u00fcy\u00fck \u00f6l\u00e7ekli end\u00fcstriyel kullan\u0131m i\u00e7in tas...","breadcrumb":{"@id":"https:\/\/bseendustriyel.com\/?product=l-3000-dozajlama-sistemi#breadcrumb"},"inLanguage":"tr","potentialAction":[{"@type":"ReadAction","target":["https:\/\/bseendustriyel.com\/?product=l-3000-dozajlama-sistemi"]}]},{"@type":"ImageObject","inLanguage":"tr","@id":"https:\/\/bseendustriyel.com\/?product=l-3000-dozajlama-sistemi#primaryimage","url":"https:\/\/bseendustriyel.com\/wp-content\/uploads\/2026\/03\/stox-385-l-3000-dozajlama-sistemi.jpg","contentUrl":"https:\/\/bseendustriyel.com\/wp-content\/uploads\/2026\/03\/stox-385-l-3000-dozajlama-sistemi.jpg","width":450,"height":450},{"@type":"BreadcrumbList","@id":"https:\/\/bseendustriyel.com\/?product=l-3000-dozajlama-sistemi#breadcrumb","itemListElement":[{"@type":"ListItem","position":1,"name":"Anasayfa","item":"https:\/\/bseendustriyel.com\/"},{"@type":"ListItem","position":2,"name":"Shop","item":"https:\/\/bseendustriyel.com\/?page_id=24"},{"@type":"ListItem","position":3,"name":"L-3000 Dozajlama Sistemi"}]},{"@type":"WebSite","@id":"https:\/\/bseendustriyel.com\/#website","url":"https:\/\/bseendustriyel.com\/","name":"BSE Endusriyel Tedarik","description":"","potentialAction":[{"@type":"SearchAction","target":{"@type":"EntryPoint","urlTemplate":"https:\/\/bseendustriyel.com\/?s={search_term_string}"},"query-input":{"@type":"PropertyValueSpecification","valueRequired":true,"valueName":"search_term_string"}}],"inLanguage":"tr"}]}},"_links":{"self":[{"href":"https:\/\/bseendustriyel.com\/index.php?rest_route=\/wp\/v2\/product\/712","targetHints":{"allow":["GET"]}}],"collection":[{"href":"https:\/\/bseendustriyel.com\/index.php?rest_route=\/wp\/v2\/product"}],"about":[{"href":"https:\/\/bseendustriyel.com\/index.php?rest_route=\/wp\/v2\/types\/product"}],"replies":[{"embeddable":true,"href":"https:\/\/bseendustriyel.com\/index.php?rest_route=%2Fwp%2Fv2%2Fcomments&post=712"}],"wp:featuredmedia":[{"embeddable":true,"href":"https:\/\/bseendustriyel.com\/index.php?rest_route=\/wp\/v2\/media\/220"}],"wp:attachment":[{"href":"https:\/\/bseendustriyel.com\/index.php?rest_route=%2Fwp%2Fv2%2Fmedia&parent=712"}],"wp:term":[{"taxonomy":"product_brand","embeddable":true,"href":"https:\/\/bseendustriyel.com\/index.php?rest_route=%2Fwp%2Fv2%2Fproduct_brand&post=712"},{"taxonomy":"product_cat","embeddable":true,"href":"https:\/\/bseendustriyel.com\/index.php?rest_route=%2Fwp%2Fv2%2Fproduct_cat&post=712"},{"taxonomy":"product_tag","embeddable":true,"href":"https:\/\/bseendustriyel.com\/index.php?rest_route=%2Fwp%2Fv2%2Fproduct_tag&post=712"}],"curies":[{"name":"wp","href":"https:\/\/api.w.org\/{rel}","templated":true}]}}