{"id":730,"date":"2026-03-16T14:06:49","date_gmt":"2026-03-16T14:06:49","guid":{"rendered":"https:\/\/bseendustriyel.com\/product\/bemol-fresh\/"},"modified":"2026-03-16T19:42:48","modified_gmt":"2026-03-16T19:42:48","slug":"bemol-fresh","status":"publish","type":"product","link":"https:\/\/bseendustriyel.com\/?product=bemol-fresh","title":{"rendered":"Bemol Fresh"},"content":{"rendered":"<p>Taze ve serin koku profilli genel temizleyici. G\u00fcnl\u00fck kullan\u0131ma uygun hafif form\u00fcl\u00fc ile her t\u00fcrl\u00fc sert y\u00fczeyi temizler; ferah koku b\u0131rak\u0131r.<\/p>\n<p>30kg, 5kg<\/p>\n","protected":false},"excerpt":{"rendered":"<p>Taze ve serin koku profilli genel temizleyici. G\u00fcnl\u00fck kullan\u0131ma uygun hafif form\u00fcl\u00fc ile her t\u00fcrl\u00fc sert y\u00fczeyi temizler; ferah koku b\u0131rak\u0131r.<\/p>\n","protected":false},"featured_media":254,"comment_status":"closed","ping_status":"open","template":"","meta":[],"product_brand":[],"product_cat":[201,203,44],"product_tag":[],"class_list":{"0":"post-730","1":"product","2":"type-product","3":"status-publish","4":"has-post-thumbnail","6":"product_cat-bemol-balins-cortex-end","7":"product_cat-genel-temizlik","8":"product_cat-temizlik-kimyasallari","10":"first","11":"instock","12":"product-type-simple"},"yoast_head":"<!-- This site is optimized with the Yoast SEO Premium plugin v27.1 (Yoast SEO v27.4) - https:\/\/yoast.com\/product\/yoast-seo-premium-wordpress\/ -->\n<title>Bemol Fresh - BSE Endusriyel Tedarik<\/title>\n<meta name=\"description\" content=\"Taze ve serin koku profilli genel temizleyici. G\u00fcnl\u00fck kullan\u0131ma uygun hafif form\u00fcl\u00fc ile her t\u00fcrl\u00fc sert y\u00fczeyi temizler; ferah koku b\u0131rak\u0131r. Eko-Kim&#039;den sipar...\" \/>\n<meta name=\"robots\" content=\"index, follow, max-snippet:-1, max-image-preview:large, max-video-preview:-1\" \/>\n<link rel=\"canonical\" href=\"https:\/\/bseendustriyel.com\/?product=bemol-fresh\" \/>\n<meta property=\"og:locale\" content=\"tr_TR\" \/>\n<meta property=\"og:type\" content=\"article\" \/>\n<meta property=\"og:title\" content=\"Bemol Fresh\" \/>\n<meta property=\"og:description\" content=\"Taze ve serin koku profilli genel temizleyici. G\u00fcnl\u00fck kullan\u0131ma uygun hafif form\u00fcl\u00fc ile her t\u00fcrl\u00fc sert y\u00fczeyi temizler; ferah koku b\u0131rak\u0131r. Eko-Kim&#039;den sipar...\" \/>\n<meta property=\"og:url\" content=\"https:\/\/bseendustriyel.com\/?product=bemol-fresh\" \/>\n<meta property=\"og:site_name\" content=\"BSE Endusriyel Tedarik\" \/>\n<meta property=\"article:modified_time\" content=\"2026-03-16T19:42:48+00:00\" \/>\n<meta property=\"og:image\" content=\"https:\/\/bseendustriyel.com\/wp-content\/uploads\/2026\/03\/354-bemol-fresh-genel-temizlik-771.jpg\" \/>\n\t<meta property=\"og:image:width\" content=\"748\" \/>\n\t<meta property=\"og:image:height\" content=\"748\" \/>\n\t<meta property=\"og:image:type\" content=\"image\/jpeg\" \/>\n<meta name=\"twitter:card\" content=\"summary_large_image\" \/>\n<script type=\"application\/ld+json\" class=\"yoast-schema-graph\">{\"@context\":\"https:\\\/\\\/schema.org\",\"@graph\":[{\"@type\":\"WebPage\",\"@id\":\"https:\\\/\\\/bseendustriyel.com\\\/?product=bemol-fresh\",\"url\":\"https:\\\/\\\/bseendustriyel.com\\\/?product=bemol-fresh\",\"name\":\"Bemol Fresh - BSE Endusriyel Tedarik\",\"isPartOf\":{\"@id\":\"https:\\\/\\\/bseendustriyel.com\\\/#website\"},\"primaryImageOfPage\":{\"@id\":\"https:\\\/\\\/bseendustriyel.com\\\/?product=bemol-fresh#primaryimage\"},\"image\":{\"@id\":\"https:\\\/\\\/bseendustriyel.com\\\/?product=bemol-fresh#primaryimage\"},\"thumbnailUrl\":\"https:\\\/\\\/bseendustriyel.com\\\/wp-content\\\/uploads\\\/2026\\\/03\\\/354-bemol-fresh-genel-temizlik-771.jpg\",\"datePublished\":\"2026-03-16T14:06:49+00:00\",\"dateModified\":\"2026-03-16T19:42:48+00:00\",\"description\":\"Taze ve serin koku profilli genel temizleyici. G\u00fcnl\u00fck kullan\u0131ma uygun hafif form\u00fcl\u00fc ile her t\u00fcrl\u00fc sert y\u00fczeyi temizler; ferah koku b\u0131rak\u0131r. Eko-Kim'den sipar...\",\"breadcrumb\":{\"@id\":\"https:\\\/\\\/bseendustriyel.com\\\/?product=bemol-fresh#breadcrumb\"},\"inLanguage\":\"tr\",\"potentialAction\":[{\"@type\":\"ReadAction\",\"target\":[\"https:\\\/\\\/bseendustriyel.com\\\/?product=bemol-fresh\"]}]},{\"@type\":\"ImageObject\",\"inLanguage\":\"tr\",\"@id\":\"https:\\\/\\\/bseendustriyel.com\\\/?product=bemol-fresh#primaryimage\",\"url\":\"https:\\\/\\\/bseendustriyel.com\\\/wp-content\\\/uploads\\\/2026\\\/03\\\/354-bemol-fresh-genel-temizlik-771.jpg\",\"contentUrl\":\"https:\\\/\\\/bseendustriyel.com\\\/wp-content\\\/uploads\\\/2026\\\/03\\\/354-bemol-fresh-genel-temizlik-771.jpg\",\"width\":748,\"height\":748},{\"@type\":\"BreadcrumbList\",\"@id\":\"https:\\\/\\\/bseendustriyel.com\\\/?product=bemol-fresh#breadcrumb\",\"itemListElement\":[{\"@type\":\"ListItem\",\"position\":1,\"name\":\"Anasayfa\",\"item\":\"https:\\\/\\\/bseendustriyel.com\\\/\"},{\"@type\":\"ListItem\",\"position\":2,\"name\":\"Shop\",\"item\":\"https:\\\/\\\/bseendustriyel.com\\\/?page_id=24\"},{\"@type\":\"ListItem\",\"position\":3,\"name\":\"Bemol Fresh\"}]},{\"@type\":\"WebSite\",\"@id\":\"https:\\\/\\\/bseendustriyel.com\\\/#website\",\"url\":\"https:\\\/\\\/bseendustriyel.com\\\/\",\"name\":\"BSE Endusriyel Tedarik\",\"description\":\"\",\"potentialAction\":[{\"@type\":\"SearchAction\",\"target\":{\"@type\":\"EntryPoint\",\"urlTemplate\":\"https:\\\/\\\/bseendustriyel.com\\\/?s={search_term_string}\"},\"query-input\":{\"@type\":\"PropertyValueSpecification\",\"valueRequired\":true,\"valueName\":\"search_term_string\"}}],\"inLanguage\":\"tr\"}]}<\/script>\n<!-- \/ Yoast SEO Premium plugin. -->","yoast_head_json":{"title":"Bemol Fresh - BSE Endusriyel Tedarik","description":"Taze ve serin koku profilli genel temizleyici. G\u00fcnl\u00fck kullan\u0131ma uygun hafif form\u00fcl\u00fc ile her t\u00fcrl\u00fc sert y\u00fczeyi temizler; ferah koku b\u0131rak\u0131r. Eko-Kim'den sipar...","robots":{"index":"index","follow":"follow","max-snippet":"max-snippet:-1","max-image-preview":"max-image-preview:large","max-video-preview":"max-video-preview:-1"},"canonical":"https:\/\/bseendustriyel.com\/?product=bemol-fresh","og_locale":"tr_TR","og_type":"article","og_title":"Bemol Fresh","og_description":"Taze ve serin koku profilli genel temizleyici. G\u00fcnl\u00fck kullan\u0131ma uygun hafif form\u00fcl\u00fc ile her t\u00fcrl\u00fc sert y\u00fczeyi temizler; ferah koku b\u0131rak\u0131r. Eko-Kim'den sipar...","og_url":"https:\/\/bseendustriyel.com\/?product=bemol-fresh","og_site_name":"BSE Endusriyel Tedarik","article_modified_time":"2026-03-16T19:42:48+00:00","og_image":[{"width":748,"height":748,"url":"https:\/\/bseendustriyel.com\/wp-content\/uploads\/2026\/03\/354-bemol-fresh-genel-temizlik-771.jpg","type":"image\/jpeg"}],"twitter_card":"summary_large_image","schema":{"@context":"https:\/\/schema.org","@graph":[{"@type":"WebPage","@id":"https:\/\/bseendustriyel.com\/?product=bemol-fresh","url":"https:\/\/bseendustriyel.com\/?product=bemol-fresh","name":"Bemol Fresh - BSE Endusriyel Tedarik","isPartOf":{"@id":"https:\/\/bseendustriyel.com\/#website"},"primaryImageOfPage":{"@id":"https:\/\/bseendustriyel.com\/?product=bemol-fresh#primaryimage"},"image":{"@id":"https:\/\/bseendustriyel.com\/?product=bemol-fresh#primaryimage"},"thumbnailUrl":"https:\/\/bseendustriyel.com\/wp-content\/uploads\/2026\/03\/354-bemol-fresh-genel-temizlik-771.jpg","datePublished":"2026-03-16T14:06:49+00:00","dateModified":"2026-03-16T19:42:48+00:00","description":"Taze ve serin koku profilli genel temizleyici. G\u00fcnl\u00fck kullan\u0131ma uygun hafif form\u00fcl\u00fc ile her t\u00fcrl\u00fc sert y\u00fczeyi temizler; ferah koku b\u0131rak\u0131r. Eko-Kim'den sipar...","breadcrumb":{"@id":"https:\/\/bseendustriyel.com\/?product=bemol-fresh#breadcrumb"},"inLanguage":"tr","potentialAction":[{"@type":"ReadAction","target":["https:\/\/bseendustriyel.com\/?product=bemol-fresh"]}]},{"@type":"ImageObject","inLanguage":"tr","@id":"https:\/\/bseendustriyel.com\/?product=bemol-fresh#primaryimage","url":"https:\/\/bseendustriyel.com\/wp-content\/uploads\/2026\/03\/354-bemol-fresh-genel-temizlik-771.jpg","contentUrl":"https:\/\/bseendustriyel.com\/wp-content\/uploads\/2026\/03\/354-bemol-fresh-genel-temizlik-771.jpg","width":748,"height":748},{"@type":"BreadcrumbList","@id":"https:\/\/bseendustriyel.com\/?product=bemol-fresh#breadcrumb","itemListElement":[{"@type":"ListItem","position":1,"name":"Anasayfa","item":"https:\/\/bseendustriyel.com\/"},{"@type":"ListItem","position":2,"name":"Shop","item":"https:\/\/bseendustriyel.com\/?page_id=24"},{"@type":"ListItem","position":3,"name":"Bemol Fresh"}]},{"@type":"WebSite","@id":"https:\/\/bseendustriyel.com\/#website","url":"https:\/\/bseendustriyel.com\/","name":"BSE Endusriyel Tedarik","description":"","potentialAction":[{"@type":"SearchAction","target":{"@type":"EntryPoint","urlTemplate":"https:\/\/bseendustriyel.com\/?s={search_term_string}"},"query-input":{"@type":"PropertyValueSpecification","valueRequired":true,"valueName":"search_term_string"}}],"inLanguage":"tr"}]}},"_links":{"self":[{"href":"https:\/\/bseendustriyel.com\/index.php?rest_route=\/wp\/v2\/product\/730","targetHints":{"allow":["GET"]}}],"collection":[{"href":"https:\/\/bseendustriyel.com\/index.php?rest_route=\/wp\/v2\/product"}],"about":[{"href":"https:\/\/bseendustriyel.com\/index.php?rest_route=\/wp\/v2\/types\/product"}],"replies":[{"embeddable":true,"href":"https:\/\/bseendustriyel.com\/index.php?rest_route=%2Fwp%2Fv2%2Fcomments&post=730"}],"wp:featuredmedia":[{"embeddable":true,"href":"https:\/\/bseendustriyel.com\/index.php?rest_route=\/wp\/v2\/media\/254"}],"wp:attachment":[{"href":"https:\/\/bseendustriyel.com\/index.php?rest_route=%2Fwp%2Fv2%2Fmedia&parent=730"}],"wp:term":[{"taxonomy":"product_brand","embeddable":true,"href":"https:\/\/bseendustriyel.com\/index.php?rest_route=%2Fwp%2Fv2%2Fproduct_brand&post=730"},{"taxonomy":"product_cat","embeddable":true,"href":"https:\/\/bseendustriyel.com\/index.php?rest_route=%2Fwp%2Fv2%2Fproduct_cat&post=730"},{"taxonomy":"product_tag","embeddable":true,"href":"https:\/\/bseendustriyel.com\/index.php?rest_route=%2Fwp%2Fv2%2Fproduct_tag&post=730"}],"curies":[{"name":"wp","href":"https:\/\/api.w.org\/{rel}","templated":true}]}}