{"id":743,"date":"2026-03-16T14:07:12","date_gmt":"2026-03-16T14:07:12","guid":{"rendered":"https:\/\/bseendustriyel.com\/product\/balins-polimer\/"},"modified":"2026-03-16T19:43:00","modified_gmt":"2026-03-16T19:43:00","slug":"balins-polimer","status":"publish","type":"product","link":"https:\/\/bseendustriyel.com\/?product=balins-polimer","title":{"rendered":"Balins Polimer"},"content":{"rendered":"<p>Su bazl\u0131 polimer zemin cilas\u0131. Vinyl, linoleum ve parke y\u00fczeylere ince \u015feffaf polimer tabaka uygulayarak uzun \u00f6m\u00fcrl\u00fc parlakl\u0131k ve y\u00fczey koruma sa\u011flar.<\/p>\n<p>5kg<\/p>\n","protected":false},"excerpt":{"rendered":"<p>Su bazl\u0131 polimer zemin cilas\u0131. Vinyl, linoleum ve parke y\u00fczeylere ince \u015feffaf polimer tabaka uygulayarak uzun \u00f6m\u00fcrl\u00fc parlakl\u0131k ve y\u00fczey koruma sa\u011flar.<\/p>\n","protected":false},"featured_media":278,"comment_status":"closed","ping_status":"open","template":"","meta":[],"product_brand":[],"product_cat":[201,204,44],"product_tag":[],"class_list":{"0":"post-743","1":"product","2":"type-product","3":"status-publish","4":"has-post-thumbnail","6":"product_cat-bemol-balins-cortex-end","7":"product_cat-bina-bakim-cila","8":"product_cat-temizlik-kimyasallari","10":"first","11":"instock","12":"product-type-simple"},"yoast_head":"<!-- This site is optimized with the Yoast SEO Premium plugin v27.1 (Yoast SEO v27.4) - https:\/\/yoast.com\/product\/yoast-seo-premium-wordpress\/ -->\n<title>Balins Polimer - BSE Endusriyel Tedarik<\/title>\n<meta name=\"description\" content=\"Su bazl\u0131 polimer zemin cilas\u0131. Vinyl, linoleum ve parke y\u00fczeylere ince \u015feffaf polimer tabaka uygulayarak uzun \u00f6m\u00fcrl\u00fc parlakl\u0131k ve y\u00fczey koruma sa\u011flar. Eko-Ki...\" \/>\n<meta name=\"robots\" content=\"index, follow, max-snippet:-1, max-image-preview:large, max-video-preview:-1\" \/>\n<link rel=\"canonical\" href=\"https:\/\/bseendustriyel.com\/?product=balins-polimer\" \/>\n<meta property=\"og:locale\" content=\"tr_TR\" \/>\n<meta property=\"og:type\" content=\"article\" \/>\n<meta property=\"og:title\" content=\"Balins Polimer\" \/>\n<meta property=\"og:description\" content=\"Su bazl\u0131 polimer zemin cilas\u0131. Vinyl, linoleum ve parke y\u00fczeylere ince \u015feffaf polimer tabaka uygulayarak uzun \u00f6m\u00fcrl\u00fc parlakl\u0131k ve y\u00fczey koruma sa\u011flar. Eko-Ki...\" \/>\n<meta property=\"og:url\" content=\"https:\/\/bseendustriyel.com\/?product=balins-polimer\" \/>\n<meta property=\"og:site_name\" content=\"BSE Endusriyel Tedarik\" \/>\n<meta property=\"article:modified_time\" content=\"2026-03-16T19:43:00+00:00\" \/>\n<meta property=\"og:image\" content=\"https:\/\/bseendustriyel.com\/wp-content\/uploads\/2026\/03\/373-balins-polimer-bina-bakim-cila-300.jpg\" \/>\n\t<meta property=\"og:image:width\" content=\"783\" \/>\n\t<meta property=\"og:image:height\" content=\"783\" \/>\n\t<meta property=\"og:image:type\" content=\"image\/jpeg\" \/>\n<meta name=\"twitter:card\" content=\"summary_large_image\" \/>\n<script type=\"application\/ld+json\" class=\"yoast-schema-graph\">{\"@context\":\"https:\\\/\\\/schema.org\",\"@graph\":[{\"@type\":\"WebPage\",\"@id\":\"https:\\\/\\\/bseendustriyel.com\\\/?product=balins-polimer\",\"url\":\"https:\\\/\\\/bseendustriyel.com\\\/?product=balins-polimer\",\"name\":\"Balins Polimer - BSE Endusriyel Tedarik\",\"isPartOf\":{\"@id\":\"https:\\\/\\\/bseendustriyel.com\\\/#website\"},\"primaryImageOfPage\":{\"@id\":\"https:\\\/\\\/bseendustriyel.com\\\/?product=balins-polimer#primaryimage\"},\"image\":{\"@id\":\"https:\\\/\\\/bseendustriyel.com\\\/?product=balins-polimer#primaryimage\"},\"thumbnailUrl\":\"https:\\\/\\\/bseendustriyel.com\\\/wp-content\\\/uploads\\\/2026\\\/03\\\/373-balins-polimer-bina-bakim-cila-300.jpg\",\"datePublished\":\"2026-03-16T14:07:12+00:00\",\"dateModified\":\"2026-03-16T19:43:00+00:00\",\"description\":\"Su bazl\u0131 polimer zemin cilas\u0131. Vinyl, linoleum ve parke y\u00fczeylere ince \u015feffaf polimer tabaka uygulayarak uzun \u00f6m\u00fcrl\u00fc parlakl\u0131k ve y\u00fczey koruma sa\u011flar. Eko-Ki...\",\"breadcrumb\":{\"@id\":\"https:\\\/\\\/bseendustriyel.com\\\/?product=balins-polimer#breadcrumb\"},\"inLanguage\":\"tr\",\"potentialAction\":[{\"@type\":\"ReadAction\",\"target\":[\"https:\\\/\\\/bseendustriyel.com\\\/?product=balins-polimer\"]}]},{\"@type\":\"ImageObject\",\"inLanguage\":\"tr\",\"@id\":\"https:\\\/\\\/bseendustriyel.com\\\/?product=balins-polimer#primaryimage\",\"url\":\"https:\\\/\\\/bseendustriyel.com\\\/wp-content\\\/uploads\\\/2026\\\/03\\\/373-balins-polimer-bina-bakim-cila-300.jpg\",\"contentUrl\":\"https:\\\/\\\/bseendustriyel.com\\\/wp-content\\\/uploads\\\/2026\\\/03\\\/373-balins-polimer-bina-bakim-cila-300.jpg\",\"width\":783,\"height\":783},{\"@type\":\"BreadcrumbList\",\"@id\":\"https:\\\/\\\/bseendustriyel.com\\\/?product=balins-polimer#breadcrumb\",\"itemListElement\":[{\"@type\":\"ListItem\",\"position\":1,\"name\":\"Anasayfa\",\"item\":\"https:\\\/\\\/bseendustriyel.com\\\/\"},{\"@type\":\"ListItem\",\"position\":2,\"name\":\"Shop\",\"item\":\"https:\\\/\\\/bseendustriyel.com\\\/?page_id=24\"},{\"@type\":\"ListItem\",\"position\":3,\"name\":\"Balins Polimer\"}]},{\"@type\":\"WebSite\",\"@id\":\"https:\\\/\\\/bseendustriyel.com\\\/#website\",\"url\":\"https:\\\/\\\/bseendustriyel.com\\\/\",\"name\":\"BSE Endusriyel Tedarik\",\"description\":\"\",\"potentialAction\":[{\"@type\":\"SearchAction\",\"target\":{\"@type\":\"EntryPoint\",\"urlTemplate\":\"https:\\\/\\\/bseendustriyel.com\\\/?s={search_term_string}\"},\"query-input\":{\"@type\":\"PropertyValueSpecification\",\"valueRequired\":true,\"valueName\":\"search_term_string\"}}],\"inLanguage\":\"tr\"}]}<\/script>\n<!-- \/ Yoast SEO Premium plugin. -->","yoast_head_json":{"title":"Balins Polimer - BSE Endusriyel Tedarik","description":"Su bazl\u0131 polimer zemin cilas\u0131. Vinyl, linoleum ve parke y\u00fczeylere ince \u015feffaf polimer tabaka uygulayarak uzun \u00f6m\u00fcrl\u00fc parlakl\u0131k ve y\u00fczey koruma sa\u011flar. Eko-Ki...","robots":{"index":"index","follow":"follow","max-snippet":"max-snippet:-1","max-image-preview":"max-image-preview:large","max-video-preview":"max-video-preview:-1"},"canonical":"https:\/\/bseendustriyel.com\/?product=balins-polimer","og_locale":"tr_TR","og_type":"article","og_title":"Balins Polimer","og_description":"Su bazl\u0131 polimer zemin cilas\u0131. Vinyl, linoleum ve parke y\u00fczeylere ince \u015feffaf polimer tabaka uygulayarak uzun \u00f6m\u00fcrl\u00fc parlakl\u0131k ve y\u00fczey koruma sa\u011flar. Eko-Ki...","og_url":"https:\/\/bseendustriyel.com\/?product=balins-polimer","og_site_name":"BSE Endusriyel Tedarik","article_modified_time":"2026-03-16T19:43:00+00:00","og_image":[{"width":783,"height":783,"url":"https:\/\/bseendustriyel.com\/wp-content\/uploads\/2026\/03\/373-balins-polimer-bina-bakim-cila-300.jpg","type":"image\/jpeg"}],"twitter_card":"summary_large_image","schema":{"@context":"https:\/\/schema.org","@graph":[{"@type":"WebPage","@id":"https:\/\/bseendustriyel.com\/?product=balins-polimer","url":"https:\/\/bseendustriyel.com\/?product=balins-polimer","name":"Balins Polimer - BSE Endusriyel Tedarik","isPartOf":{"@id":"https:\/\/bseendustriyel.com\/#website"},"primaryImageOfPage":{"@id":"https:\/\/bseendustriyel.com\/?product=balins-polimer#primaryimage"},"image":{"@id":"https:\/\/bseendustriyel.com\/?product=balins-polimer#primaryimage"},"thumbnailUrl":"https:\/\/bseendustriyel.com\/wp-content\/uploads\/2026\/03\/373-balins-polimer-bina-bakim-cila-300.jpg","datePublished":"2026-03-16T14:07:12+00:00","dateModified":"2026-03-16T19:43:00+00:00","description":"Su bazl\u0131 polimer zemin cilas\u0131. Vinyl, linoleum ve parke y\u00fczeylere ince \u015feffaf polimer tabaka uygulayarak uzun \u00f6m\u00fcrl\u00fc parlakl\u0131k ve y\u00fczey koruma sa\u011flar. Eko-Ki...","breadcrumb":{"@id":"https:\/\/bseendustriyel.com\/?product=balins-polimer#breadcrumb"},"inLanguage":"tr","potentialAction":[{"@type":"ReadAction","target":["https:\/\/bseendustriyel.com\/?product=balins-polimer"]}]},{"@type":"ImageObject","inLanguage":"tr","@id":"https:\/\/bseendustriyel.com\/?product=balins-polimer#primaryimage","url":"https:\/\/bseendustriyel.com\/wp-content\/uploads\/2026\/03\/373-balins-polimer-bina-bakim-cila-300.jpg","contentUrl":"https:\/\/bseendustriyel.com\/wp-content\/uploads\/2026\/03\/373-balins-polimer-bina-bakim-cila-300.jpg","width":783,"height":783},{"@type":"BreadcrumbList","@id":"https:\/\/bseendustriyel.com\/?product=balins-polimer#breadcrumb","itemListElement":[{"@type":"ListItem","position":1,"name":"Anasayfa","item":"https:\/\/bseendustriyel.com\/"},{"@type":"ListItem","position":2,"name":"Shop","item":"https:\/\/bseendustriyel.com\/?page_id=24"},{"@type":"ListItem","position":3,"name":"Balins Polimer"}]},{"@type":"WebSite","@id":"https:\/\/bseendustriyel.com\/#website","url":"https:\/\/bseendustriyel.com\/","name":"BSE Endusriyel Tedarik","description":"","potentialAction":[{"@type":"SearchAction","target":{"@type":"EntryPoint","urlTemplate":"https:\/\/bseendustriyel.com\/?s={search_term_string}"},"query-input":{"@type":"PropertyValueSpecification","valueRequired":true,"valueName":"search_term_string"}}],"inLanguage":"tr"}]}},"_links":{"self":[{"href":"https:\/\/bseendustriyel.com\/index.php?rest_route=\/wp\/v2\/product\/743","targetHints":{"allow":["GET"]}}],"collection":[{"href":"https:\/\/bseendustriyel.com\/index.php?rest_route=\/wp\/v2\/product"}],"about":[{"href":"https:\/\/bseendustriyel.com\/index.php?rest_route=\/wp\/v2\/types\/product"}],"replies":[{"embeddable":true,"href":"https:\/\/bseendustriyel.com\/index.php?rest_route=%2Fwp%2Fv2%2Fcomments&post=743"}],"wp:featuredmedia":[{"embeddable":true,"href":"https:\/\/bseendustriyel.com\/index.php?rest_route=\/wp\/v2\/media\/278"}],"wp:attachment":[{"href":"https:\/\/bseendustriyel.com\/index.php?rest_route=%2Fwp%2Fv2%2Fmedia&parent=743"}],"wp:term":[{"taxonomy":"product_brand","embeddable":true,"href":"https:\/\/bseendustriyel.com\/index.php?rest_route=%2Fwp%2Fv2%2Fproduct_brand&post=743"},{"taxonomy":"product_cat","embeddable":true,"href":"https:\/\/bseendustriyel.com\/index.php?rest_route=%2Fwp%2Fv2%2Fproduct_cat&post=743"},{"taxonomy":"product_tag","embeddable":true,"href":"https:\/\/bseendustriyel.com\/index.php?rest_route=%2Fwp%2Fv2%2Fproduct_tag&post=743"}],"curies":[{"name":"wp","href":"https:\/\/api.w.org\/{rel}","templated":true}]}}