{"id":751,"date":"2026-03-16T14:07:12","date_gmt":"2026-03-16T14:07:12","guid":{"rendered":"https:\/\/bseendustriyel.com\/product\/bemol-master\/"},"modified":"2026-03-16T19:43:07","modified_gmt":"2026-03-16T19:43:07","slug":"bemol-master","status":"publish","type":"product","link":"https:\/\/bseendustriyel.com\/?product=bemol-master","title":{"rendered":"Bemol Master"},"content":{"rendered":"<p>\u00c7ok ama\u00e7l\u0131 cila s\u0131y\u0131r\u0131c\u0131 ve zemin haz\u0131rl\u0131k kimyasal\u0131. Eski cila ve polimer tabakalar\u0131n\u0131 zeminden tam olarak uzakla\u015ft\u0131rarak yeniden cila uygulamas\u0131na haz\u0131rlar.<\/p>\n<p>30kg<\/p>\n","protected":false},"excerpt":{"rendered":"<p>\u00c7ok ama\u00e7l\u0131 cila s\u0131y\u0131r\u0131c\u0131 ve zemin haz\u0131rl\u0131k kimyasal\u0131. Eski cila ve polimer tabakalar\u0131n\u0131 zeminden tam olarak uzakla\u015ft\u0131rarak yeniden cila uygulamas\u0131na haz\u0131rlar.<\/p>\n","protected":false},"featured_media":294,"comment_status":"closed","ping_status":"open","template":"","meta":[],"product_brand":[],"product_cat":[201,204,44],"product_tag":[],"class_list":{"0":"post-751","1":"product","2":"type-product","3":"status-publish","4":"has-post-thumbnail","6":"product_cat-bemol-balins-cortex-end","7":"product_cat-bina-bakim-cila","8":"product_cat-temizlik-kimyasallari","10":"first","11":"instock","12":"product-type-simple"},"yoast_head":"<!-- This site is optimized with the Yoast SEO Premium plugin v27.1 (Yoast SEO v27.4) - https:\/\/yoast.com\/product\/yoast-seo-premium-wordpress\/ -->\n<title>Bemol Master - BSE Endusriyel Tedarik<\/title>\n<meta name=\"description\" content=\"\u00c7ok ama\u00e7l\u0131 cila s\u0131y\u0131r\u0131c\u0131 ve zemin haz\u0131rl\u0131k kimyasal\u0131. Eski cila ve polimer tabakalar\u0131n\u0131 zeminden tam olarak uzakla\u015ft\u0131rarak yeniden cila uygulamas\u0131na haz\u0131rlar...\" \/>\n<meta name=\"robots\" content=\"index, follow, max-snippet:-1, max-image-preview:large, max-video-preview:-1\" \/>\n<link rel=\"canonical\" href=\"https:\/\/bseendustriyel.com\/?product=bemol-master\" \/>\n<meta property=\"og:locale\" content=\"tr_TR\" \/>\n<meta property=\"og:type\" content=\"article\" \/>\n<meta property=\"og:title\" content=\"Bemol Master\" \/>\n<meta property=\"og:description\" content=\"\u00c7ok ama\u00e7l\u0131 cila s\u0131y\u0131r\u0131c\u0131 ve zemin haz\u0131rl\u0131k kimyasal\u0131. Eski cila ve polimer tabakalar\u0131n\u0131 zeminden tam olarak uzakla\u015ft\u0131rarak yeniden cila uygulamas\u0131na haz\u0131rlar...\" \/>\n<meta property=\"og:url\" content=\"https:\/\/bseendustriyel.com\/?product=bemol-master\" \/>\n<meta property=\"og:site_name\" content=\"BSE Endusriyel Tedarik\" \/>\n<meta property=\"article:modified_time\" content=\"2026-03-16T19:43:07+00:00\" \/>\n<meta property=\"og:image\" content=\"https:\/\/bseendustriyel.com\/wp-content\/uploads\/2026\/03\/388-bemol-master-bina-bakim-cila-30.jpg\" \/>\n\t<meta property=\"og:image:width\" content=\"748\" \/>\n\t<meta property=\"og:image:height\" content=\"748\" \/>\n\t<meta property=\"og:image:type\" content=\"image\/jpeg\" \/>\n<meta name=\"twitter:card\" content=\"summary_large_image\" \/>\n<script type=\"application\/ld+json\" class=\"yoast-schema-graph\">{\"@context\":\"https:\\\/\\\/schema.org\",\"@graph\":[{\"@type\":\"WebPage\",\"@id\":\"https:\\\/\\\/bseendustriyel.com\\\/?product=bemol-master\",\"url\":\"https:\\\/\\\/bseendustriyel.com\\\/?product=bemol-master\",\"name\":\"Bemol Master - BSE Endusriyel Tedarik\",\"isPartOf\":{\"@id\":\"https:\\\/\\\/bseendustriyel.com\\\/#website\"},\"primaryImageOfPage\":{\"@id\":\"https:\\\/\\\/bseendustriyel.com\\\/?product=bemol-master#primaryimage\"},\"image\":{\"@id\":\"https:\\\/\\\/bseendustriyel.com\\\/?product=bemol-master#primaryimage\"},\"thumbnailUrl\":\"https:\\\/\\\/bseendustriyel.com\\\/wp-content\\\/uploads\\\/2026\\\/03\\\/388-bemol-master-bina-bakim-cila-30.jpg\",\"datePublished\":\"2026-03-16T14:07:12+00:00\",\"dateModified\":\"2026-03-16T19:43:07+00:00\",\"description\":\"\u00c7ok ama\u00e7l\u0131 cila s\u0131y\u0131r\u0131c\u0131 ve zemin haz\u0131rl\u0131k kimyasal\u0131. Eski cila ve polimer tabakalar\u0131n\u0131 zeminden tam olarak uzakla\u015ft\u0131rarak yeniden cila uygulamas\u0131na haz\u0131rlar...\",\"breadcrumb\":{\"@id\":\"https:\\\/\\\/bseendustriyel.com\\\/?product=bemol-master#breadcrumb\"},\"inLanguage\":\"tr\",\"potentialAction\":[{\"@type\":\"ReadAction\",\"target\":[\"https:\\\/\\\/bseendustriyel.com\\\/?product=bemol-master\"]}]},{\"@type\":\"ImageObject\",\"inLanguage\":\"tr\",\"@id\":\"https:\\\/\\\/bseendustriyel.com\\\/?product=bemol-master#primaryimage\",\"url\":\"https:\\\/\\\/bseendustriyel.com\\\/wp-content\\\/uploads\\\/2026\\\/03\\\/388-bemol-master-bina-bakim-cila-30.jpg\",\"contentUrl\":\"https:\\\/\\\/bseendustriyel.com\\\/wp-content\\\/uploads\\\/2026\\\/03\\\/388-bemol-master-bina-bakim-cila-30.jpg\",\"width\":748,\"height\":748},{\"@type\":\"BreadcrumbList\",\"@id\":\"https:\\\/\\\/bseendustriyel.com\\\/?product=bemol-master#breadcrumb\",\"itemListElement\":[{\"@type\":\"ListItem\",\"position\":1,\"name\":\"Anasayfa\",\"item\":\"https:\\\/\\\/bseendustriyel.com\\\/\"},{\"@type\":\"ListItem\",\"position\":2,\"name\":\"Shop\",\"item\":\"https:\\\/\\\/bseendustriyel.com\\\/?page_id=24\"},{\"@type\":\"ListItem\",\"position\":3,\"name\":\"Bemol Master\"}]},{\"@type\":\"WebSite\",\"@id\":\"https:\\\/\\\/bseendustriyel.com\\\/#website\",\"url\":\"https:\\\/\\\/bseendustriyel.com\\\/\",\"name\":\"BSE Endusriyel Tedarik\",\"description\":\"\",\"potentialAction\":[{\"@type\":\"SearchAction\",\"target\":{\"@type\":\"EntryPoint\",\"urlTemplate\":\"https:\\\/\\\/bseendustriyel.com\\\/?s={search_term_string}\"},\"query-input\":{\"@type\":\"PropertyValueSpecification\",\"valueRequired\":true,\"valueName\":\"search_term_string\"}}],\"inLanguage\":\"tr\"}]}<\/script>\n<!-- \/ Yoast SEO Premium plugin. -->","yoast_head_json":{"title":"Bemol Master - BSE Endusriyel Tedarik","description":"\u00c7ok ama\u00e7l\u0131 cila s\u0131y\u0131r\u0131c\u0131 ve zemin haz\u0131rl\u0131k kimyasal\u0131. Eski cila ve polimer tabakalar\u0131n\u0131 zeminden tam olarak uzakla\u015ft\u0131rarak yeniden cila uygulamas\u0131na haz\u0131rlar...","robots":{"index":"index","follow":"follow","max-snippet":"max-snippet:-1","max-image-preview":"max-image-preview:large","max-video-preview":"max-video-preview:-1"},"canonical":"https:\/\/bseendustriyel.com\/?product=bemol-master","og_locale":"tr_TR","og_type":"article","og_title":"Bemol Master","og_description":"\u00c7ok ama\u00e7l\u0131 cila s\u0131y\u0131r\u0131c\u0131 ve zemin haz\u0131rl\u0131k kimyasal\u0131. Eski cila ve polimer tabakalar\u0131n\u0131 zeminden tam olarak uzakla\u015ft\u0131rarak yeniden cila uygulamas\u0131na haz\u0131rlar...","og_url":"https:\/\/bseendustriyel.com\/?product=bemol-master","og_site_name":"BSE Endusriyel Tedarik","article_modified_time":"2026-03-16T19:43:07+00:00","og_image":[{"width":748,"height":748,"url":"https:\/\/bseendustriyel.com\/wp-content\/uploads\/2026\/03\/388-bemol-master-bina-bakim-cila-30.jpg","type":"image\/jpeg"}],"twitter_card":"summary_large_image","schema":{"@context":"https:\/\/schema.org","@graph":[{"@type":"WebPage","@id":"https:\/\/bseendustriyel.com\/?product=bemol-master","url":"https:\/\/bseendustriyel.com\/?product=bemol-master","name":"Bemol Master - BSE Endusriyel Tedarik","isPartOf":{"@id":"https:\/\/bseendustriyel.com\/#website"},"primaryImageOfPage":{"@id":"https:\/\/bseendustriyel.com\/?product=bemol-master#primaryimage"},"image":{"@id":"https:\/\/bseendustriyel.com\/?product=bemol-master#primaryimage"},"thumbnailUrl":"https:\/\/bseendustriyel.com\/wp-content\/uploads\/2026\/03\/388-bemol-master-bina-bakim-cila-30.jpg","datePublished":"2026-03-16T14:07:12+00:00","dateModified":"2026-03-16T19:43:07+00:00","description":"\u00c7ok ama\u00e7l\u0131 cila s\u0131y\u0131r\u0131c\u0131 ve zemin haz\u0131rl\u0131k kimyasal\u0131. Eski cila ve polimer tabakalar\u0131n\u0131 zeminden tam olarak uzakla\u015ft\u0131rarak yeniden cila uygulamas\u0131na haz\u0131rlar...","breadcrumb":{"@id":"https:\/\/bseendustriyel.com\/?product=bemol-master#breadcrumb"},"inLanguage":"tr","potentialAction":[{"@type":"ReadAction","target":["https:\/\/bseendustriyel.com\/?product=bemol-master"]}]},{"@type":"ImageObject","inLanguage":"tr","@id":"https:\/\/bseendustriyel.com\/?product=bemol-master#primaryimage","url":"https:\/\/bseendustriyel.com\/wp-content\/uploads\/2026\/03\/388-bemol-master-bina-bakim-cila-30.jpg","contentUrl":"https:\/\/bseendustriyel.com\/wp-content\/uploads\/2026\/03\/388-bemol-master-bina-bakim-cila-30.jpg","width":748,"height":748},{"@type":"BreadcrumbList","@id":"https:\/\/bseendustriyel.com\/?product=bemol-master#breadcrumb","itemListElement":[{"@type":"ListItem","position":1,"name":"Anasayfa","item":"https:\/\/bseendustriyel.com\/"},{"@type":"ListItem","position":2,"name":"Shop","item":"https:\/\/bseendustriyel.com\/?page_id=24"},{"@type":"ListItem","position":3,"name":"Bemol Master"}]},{"@type":"WebSite","@id":"https:\/\/bseendustriyel.com\/#website","url":"https:\/\/bseendustriyel.com\/","name":"BSE Endusriyel Tedarik","description":"","potentialAction":[{"@type":"SearchAction","target":{"@type":"EntryPoint","urlTemplate":"https:\/\/bseendustriyel.com\/?s={search_term_string}"},"query-input":{"@type":"PropertyValueSpecification","valueRequired":true,"valueName":"search_term_string"}}],"inLanguage":"tr"}]}},"_links":{"self":[{"href":"https:\/\/bseendustriyel.com\/index.php?rest_route=\/wp\/v2\/product\/751","targetHints":{"allow":["GET"]}}],"collection":[{"href":"https:\/\/bseendustriyel.com\/index.php?rest_route=\/wp\/v2\/product"}],"about":[{"href":"https:\/\/bseendustriyel.com\/index.php?rest_route=\/wp\/v2\/types\/product"}],"replies":[{"embeddable":true,"href":"https:\/\/bseendustriyel.com\/index.php?rest_route=%2Fwp%2Fv2%2Fcomments&post=751"}],"wp:featuredmedia":[{"embeddable":true,"href":"https:\/\/bseendustriyel.com\/index.php?rest_route=\/wp\/v2\/media\/294"}],"wp:attachment":[{"href":"https:\/\/bseendustriyel.com\/index.php?rest_route=%2Fwp%2Fv2%2Fmedia&parent=751"}],"wp:term":[{"taxonomy":"product_brand","embeddable":true,"href":"https:\/\/bseendustriyel.com\/index.php?rest_route=%2Fwp%2Fv2%2Fproduct_brand&post=751"},{"taxonomy":"product_cat","embeddable":true,"href":"https:\/\/bseendustriyel.com\/index.php?rest_route=%2Fwp%2Fv2%2Fproduct_cat&post=751"},{"taxonomy":"product_tag","embeddable":true,"href":"https:\/\/bseendustriyel.com\/index.php?rest_route=%2Fwp%2Fv2%2Fproduct_tag&post=751"}],"curies":[{"name":"wp","href":"https:\/\/api.w.org\/{rel}","templated":true}]}}