{"id":768,"date":"2026-03-16T14:07:33","date_gmt":"2026-03-16T14:07:33","guid":{"rendered":"https:\/\/bseendustriyel.com\/product\/balins-sx-640\/"},"modified":"2026-03-16T19:43:24","modified_gmt":"2026-03-16T19:43:24","slug":"balins-sx-640","status":"publish","type":"product","link":"https:\/\/bseendustriyel.com\/?product=balins-sx-640","title":{"rendered":"Balins SX-640"},"content":{"rendered":"<p>El ve cilt bak\u0131m\u0131 i\u00e7in profesyonel s\u0131v\u0131 el sabunu ve bak\u0131m serisi. Nemlendiriciler ve cilt koruyucu katk\u0131lar i\u00e7erir; otel ve kurumsal kullan\u0131ma uygundur.<\/p>\n<p>30kg<\/p>\n","protected":false},"excerpt":{"rendered":"<p>El ve cilt bak\u0131m\u0131 i\u00e7in profesyonel s\u0131v\u0131 el sabunu ve bak\u0131m serisi. Nemlendiriciler ve cilt koruyucu katk\u0131lar i\u00e7erir; otel ve kurumsal kullan\u0131ma uygundur.<\/p>\n","protected":false},"featured_media":0,"comment_status":"closed","ping_status":"open","template":"","meta":[],"product_brand":[],"product_cat":[201,205,44],"product_tag":[],"class_list":{"0":"post-768","1":"product","2":"type-product","3":"status-publish","5":"product_cat-bemol-balins-cortex-end","6":"product_cat-kisisel-hijyen-bakim","7":"product_cat-temizlik-kimyasallari","9":"first","10":"instock","11":"product-type-simple"},"yoast_head":"<!-- This site is optimized with the Yoast SEO Premium plugin v27.1 (Yoast SEO v27.4) - https:\/\/yoast.com\/product\/yoast-seo-premium-wordpress\/ -->\n<title>Balins SX-640 - BSE Endusriyel Tedarik<\/title>\n<meta name=\"description\" content=\"El ve cilt bak\u0131m\u0131 i\u00e7in profesyonel s\u0131v\u0131 el sabunu ve bak\u0131m serisi. Nemlendiriciler ve cilt koruyucu katk\u0131lar i\u00e7erir; otel ve kurumsal kullan\u0131ma uygundur. Eko...\" \/>\n<meta name=\"robots\" content=\"index, follow, max-snippet:-1, max-image-preview:large, max-video-preview:-1\" \/>\n<link rel=\"canonical\" href=\"https:\/\/bseendustriyel.com\/?product=balins-sx-640\" \/>\n<meta property=\"og:locale\" content=\"tr_TR\" \/>\n<meta property=\"og:type\" content=\"article\" \/>\n<meta property=\"og:title\" content=\"Balins SX-640\" \/>\n<meta property=\"og:description\" content=\"El ve cilt bak\u0131m\u0131 i\u00e7in profesyonel s\u0131v\u0131 el sabunu ve bak\u0131m serisi. Nemlendiriciler ve cilt koruyucu katk\u0131lar i\u00e7erir; otel ve kurumsal kullan\u0131ma uygundur. Eko...\" \/>\n<meta property=\"og:url\" content=\"https:\/\/bseendustriyel.com\/?product=balins-sx-640\" \/>\n<meta property=\"og:site_name\" content=\"BSE Endusriyel Tedarik\" \/>\n<meta property=\"article:modified_time\" content=\"2026-03-16T19:43:24+00:00\" \/>\n<meta name=\"twitter:card\" content=\"summary_large_image\" \/>\n<script type=\"application\/ld+json\" class=\"yoast-schema-graph\">{\"@context\":\"https:\\\/\\\/schema.org\",\"@graph\":[{\"@type\":\"WebPage\",\"@id\":\"https:\\\/\\\/bseendustriyel.com\\\/?product=balins-sx-640\",\"url\":\"https:\\\/\\\/bseendustriyel.com\\\/?product=balins-sx-640\",\"name\":\"Balins SX-640 - BSE Endusriyel Tedarik\",\"isPartOf\":{\"@id\":\"https:\\\/\\\/bseendustriyel.com\\\/#website\"},\"datePublished\":\"2026-03-16T14:07:33+00:00\",\"dateModified\":\"2026-03-16T19:43:24+00:00\",\"description\":\"El ve cilt bak\u0131m\u0131 i\u00e7in profesyonel s\u0131v\u0131 el sabunu ve bak\u0131m serisi. Nemlendiriciler ve cilt koruyucu katk\u0131lar i\u00e7erir; otel ve kurumsal kullan\u0131ma uygundur. Eko...\",\"breadcrumb\":{\"@id\":\"https:\\\/\\\/bseendustriyel.com\\\/?product=balins-sx-640#breadcrumb\"},\"inLanguage\":\"tr\",\"potentialAction\":[{\"@type\":\"ReadAction\",\"target\":[\"https:\\\/\\\/bseendustriyel.com\\\/?product=balins-sx-640\"]}]},{\"@type\":\"BreadcrumbList\",\"@id\":\"https:\\\/\\\/bseendustriyel.com\\\/?product=balins-sx-640#breadcrumb\",\"itemListElement\":[{\"@type\":\"ListItem\",\"position\":1,\"name\":\"Anasayfa\",\"item\":\"https:\\\/\\\/bseendustriyel.com\\\/\"},{\"@type\":\"ListItem\",\"position\":2,\"name\":\"Shop\",\"item\":\"https:\\\/\\\/bseendustriyel.com\\\/?page_id=24\"},{\"@type\":\"ListItem\",\"position\":3,\"name\":\"Balins SX-640\"}]},{\"@type\":\"WebSite\",\"@id\":\"https:\\\/\\\/bseendustriyel.com\\\/#website\",\"url\":\"https:\\\/\\\/bseendustriyel.com\\\/\",\"name\":\"BSE Endusriyel Tedarik\",\"description\":\"\",\"potentialAction\":[{\"@type\":\"SearchAction\",\"target\":{\"@type\":\"EntryPoint\",\"urlTemplate\":\"https:\\\/\\\/bseendustriyel.com\\\/?s={search_term_string}\"},\"query-input\":{\"@type\":\"PropertyValueSpecification\",\"valueRequired\":true,\"valueName\":\"search_term_string\"}}],\"inLanguage\":\"tr\"}]}<\/script>\n<!-- \/ Yoast SEO Premium plugin. -->","yoast_head_json":{"title":"Balins SX-640 - BSE Endusriyel Tedarik","description":"El ve cilt bak\u0131m\u0131 i\u00e7in profesyonel s\u0131v\u0131 el sabunu ve bak\u0131m serisi. Nemlendiriciler ve cilt koruyucu katk\u0131lar i\u00e7erir; otel ve kurumsal kullan\u0131ma uygundur. Eko...","robots":{"index":"index","follow":"follow","max-snippet":"max-snippet:-1","max-image-preview":"max-image-preview:large","max-video-preview":"max-video-preview:-1"},"canonical":"https:\/\/bseendustriyel.com\/?product=balins-sx-640","og_locale":"tr_TR","og_type":"article","og_title":"Balins SX-640","og_description":"El ve cilt bak\u0131m\u0131 i\u00e7in profesyonel s\u0131v\u0131 el sabunu ve bak\u0131m serisi. Nemlendiriciler ve cilt koruyucu katk\u0131lar i\u00e7erir; otel ve kurumsal kullan\u0131ma uygundur. Eko...","og_url":"https:\/\/bseendustriyel.com\/?product=balins-sx-640","og_site_name":"BSE Endusriyel Tedarik","article_modified_time":"2026-03-16T19:43:24+00:00","twitter_card":"summary_large_image","schema":{"@context":"https:\/\/schema.org","@graph":[{"@type":"WebPage","@id":"https:\/\/bseendustriyel.com\/?product=balins-sx-640","url":"https:\/\/bseendustriyel.com\/?product=balins-sx-640","name":"Balins SX-640 - BSE Endusriyel Tedarik","isPartOf":{"@id":"https:\/\/bseendustriyel.com\/#website"},"datePublished":"2026-03-16T14:07:33+00:00","dateModified":"2026-03-16T19:43:24+00:00","description":"El ve cilt bak\u0131m\u0131 i\u00e7in profesyonel s\u0131v\u0131 el sabunu ve bak\u0131m serisi. Nemlendiriciler ve cilt koruyucu katk\u0131lar i\u00e7erir; otel ve kurumsal kullan\u0131ma uygundur. Eko...","breadcrumb":{"@id":"https:\/\/bseendustriyel.com\/?product=balins-sx-640#breadcrumb"},"inLanguage":"tr","potentialAction":[{"@type":"ReadAction","target":["https:\/\/bseendustriyel.com\/?product=balins-sx-640"]}]},{"@type":"BreadcrumbList","@id":"https:\/\/bseendustriyel.com\/?product=balins-sx-640#breadcrumb","itemListElement":[{"@type":"ListItem","position":1,"name":"Anasayfa","item":"https:\/\/bseendustriyel.com\/"},{"@type":"ListItem","position":2,"name":"Shop","item":"https:\/\/bseendustriyel.com\/?page_id=24"},{"@type":"ListItem","position":3,"name":"Balins SX-640"}]},{"@type":"WebSite","@id":"https:\/\/bseendustriyel.com\/#website","url":"https:\/\/bseendustriyel.com\/","name":"BSE Endusriyel Tedarik","description":"","potentialAction":[{"@type":"SearchAction","target":{"@type":"EntryPoint","urlTemplate":"https:\/\/bseendustriyel.com\/?s={search_term_string}"},"query-input":{"@type":"PropertyValueSpecification","valueRequired":true,"valueName":"search_term_string"}}],"inLanguage":"tr"}]}},"_links":{"self":[{"href":"https:\/\/bseendustriyel.com\/index.php?rest_route=\/wp\/v2\/product\/768","targetHints":{"allow":["GET"]}}],"collection":[{"href":"https:\/\/bseendustriyel.com\/index.php?rest_route=\/wp\/v2\/product"}],"about":[{"href":"https:\/\/bseendustriyel.com\/index.php?rest_route=\/wp\/v2\/types\/product"}],"replies":[{"embeddable":true,"href":"https:\/\/bseendustriyel.com\/index.php?rest_route=%2Fwp%2Fv2%2Fcomments&post=768"}],"wp:attachment":[{"href":"https:\/\/bseendustriyel.com\/index.php?rest_route=%2Fwp%2Fv2%2Fmedia&parent=768"}],"wp:term":[{"taxonomy":"product_brand","embeddable":true,"href":"https:\/\/bseendustriyel.com\/index.php?rest_route=%2Fwp%2Fv2%2Fproduct_brand&post=768"},{"taxonomy":"product_cat","embeddable":true,"href":"https:\/\/bseendustriyel.com\/index.php?rest_route=%2Fwp%2Fv2%2Fproduct_cat&post=768"},{"taxonomy":"product_tag","embeddable":true,"href":"https:\/\/bseendustriyel.com\/index.php?rest_route=%2Fwp%2Fv2%2Fproduct_tag&post=768"}],"curies":[{"name":"wp","href":"https:\/\/api.w.org\/{rel}","templated":true}]}}