{"id":772,"date":"2026-03-16T14:07:33","date_gmt":"2026-03-16T14:07:33","guid":{"rendered":"https:\/\/bseendustriyel.com\/product\/bemol-matik-extra\/"},"modified":"2026-03-16T19:43:27","modified_gmt":"2026-03-16T19:43:27","slug":"bemol-matik-extra","status":"publish","type":"product","link":"https:\/\/bseendustriyel.com\/?product=bemol-matik-extra","title":{"rendered":"Bemol Matik Extra"},"content":{"rendered":"<p>Otomatik \u00e7ama\u015f\u0131r makineleri i\u00e7in s\u0131v\u0131 deterjan. Hem renkli hem beyaz \u00e7ama\u015f\u0131rlarda etkili temizlik; d\u00fc\u015f\u00fck s\u0131cakl\u0131klarda da y\u00fcksek performans sunar.<\/p>\n<p>20kg<\/p>\n","protected":false},"excerpt":{"rendered":"<p>Otomatik \u00e7ama\u015f\u0131r makineleri i\u00e7in s\u0131v\u0131 deterjan. Hem renkli hem beyaz \u00e7ama\u015f\u0131rlarda etkili temizlik; d\u00fc\u015f\u00fck s\u0131cakl\u0131klarda da y\u00fcksek performans sunar.<\/p>\n","protected":false},"featured_media":0,"comment_status":"closed","ping_status":"open","template":"","meta":[],"product_brand":[],"product_cat":[201,206,44],"product_tag":[],"class_list":{"0":"post-772","1":"product","2":"type-product","3":"status-publish","5":"product_cat-bemol-balins-cortex-end","6":"product_cat-camasirhane-urunleri","7":"product_cat-temizlik-kimyasallari","9":"first","10":"instock","11":"product-type-simple"},"yoast_head":"<!-- This site is optimized with the Yoast SEO Premium plugin v27.1 (Yoast SEO v27.4) - https:\/\/yoast.com\/product\/yoast-seo-premium-wordpress\/ -->\n<title>Bemol Matik Extra - BSE Endusriyel Tedarik<\/title>\n<meta name=\"description\" content=\"Otomatik \u00e7ama\u015f\u0131r makineleri i\u00e7in s\u0131v\u0131 deterjan. Hem renkli hem beyaz \u00e7ama\u015f\u0131rlarda etkili temizlik; d\u00fc\u015f\u00fck s\u0131cakl\u0131klarda da y\u00fcksek performans sunar. Eko-Kim&#039;de...\" \/>\n<meta name=\"robots\" content=\"index, follow, max-snippet:-1, max-image-preview:large, max-video-preview:-1\" \/>\n<link rel=\"canonical\" href=\"https:\/\/bseendustriyel.com\/?product=bemol-matik-extra\" \/>\n<meta property=\"og:locale\" content=\"tr_TR\" \/>\n<meta property=\"og:type\" content=\"article\" \/>\n<meta property=\"og:title\" content=\"Bemol Matik Extra\" \/>\n<meta property=\"og:description\" content=\"Otomatik \u00e7ama\u015f\u0131r makineleri i\u00e7in s\u0131v\u0131 deterjan. Hem renkli hem beyaz \u00e7ama\u015f\u0131rlarda etkili temizlik; d\u00fc\u015f\u00fck s\u0131cakl\u0131klarda da y\u00fcksek performans sunar. Eko-Kim&#039;de...\" \/>\n<meta property=\"og:url\" content=\"https:\/\/bseendustriyel.com\/?product=bemol-matik-extra\" \/>\n<meta property=\"og:site_name\" content=\"BSE Endusriyel Tedarik\" \/>\n<meta property=\"article:modified_time\" content=\"2026-03-16T19:43:27+00:00\" \/>\n<meta name=\"twitter:card\" content=\"summary_large_image\" \/>\n<script type=\"application\/ld+json\" class=\"yoast-schema-graph\">{\"@context\":\"https:\\\/\\\/schema.org\",\"@graph\":[{\"@type\":\"WebPage\",\"@id\":\"https:\\\/\\\/bseendustriyel.com\\\/?product=bemol-matik-extra\",\"url\":\"https:\\\/\\\/bseendustriyel.com\\\/?product=bemol-matik-extra\",\"name\":\"Bemol Matik Extra - BSE Endusriyel Tedarik\",\"isPartOf\":{\"@id\":\"https:\\\/\\\/bseendustriyel.com\\\/#website\"},\"datePublished\":\"2026-03-16T14:07:33+00:00\",\"dateModified\":\"2026-03-16T19:43:27+00:00\",\"description\":\"Otomatik \u00e7ama\u015f\u0131r makineleri i\u00e7in s\u0131v\u0131 deterjan. Hem renkli hem beyaz \u00e7ama\u015f\u0131rlarda etkili temizlik; d\u00fc\u015f\u00fck s\u0131cakl\u0131klarda da y\u00fcksek performans sunar. Eko-Kim'de...\",\"breadcrumb\":{\"@id\":\"https:\\\/\\\/bseendustriyel.com\\\/?product=bemol-matik-extra#breadcrumb\"},\"inLanguage\":\"tr\",\"potentialAction\":[{\"@type\":\"ReadAction\",\"target\":[\"https:\\\/\\\/bseendustriyel.com\\\/?product=bemol-matik-extra\"]}]},{\"@type\":\"BreadcrumbList\",\"@id\":\"https:\\\/\\\/bseendustriyel.com\\\/?product=bemol-matik-extra#breadcrumb\",\"itemListElement\":[{\"@type\":\"ListItem\",\"position\":1,\"name\":\"Anasayfa\",\"item\":\"https:\\\/\\\/bseendustriyel.com\\\/\"},{\"@type\":\"ListItem\",\"position\":2,\"name\":\"Shop\",\"item\":\"https:\\\/\\\/bseendustriyel.com\\\/?page_id=24\"},{\"@type\":\"ListItem\",\"position\":3,\"name\":\"Bemol Matik Extra\"}]},{\"@type\":\"WebSite\",\"@id\":\"https:\\\/\\\/bseendustriyel.com\\\/#website\",\"url\":\"https:\\\/\\\/bseendustriyel.com\\\/\",\"name\":\"BSE Endusriyel Tedarik\",\"description\":\"\",\"potentialAction\":[{\"@type\":\"SearchAction\",\"target\":{\"@type\":\"EntryPoint\",\"urlTemplate\":\"https:\\\/\\\/bseendustriyel.com\\\/?s={search_term_string}\"},\"query-input\":{\"@type\":\"PropertyValueSpecification\",\"valueRequired\":true,\"valueName\":\"search_term_string\"}}],\"inLanguage\":\"tr\"}]}<\/script>\n<!-- \/ Yoast SEO Premium plugin. -->","yoast_head_json":{"title":"Bemol Matik Extra - BSE Endusriyel Tedarik","description":"Otomatik \u00e7ama\u015f\u0131r makineleri i\u00e7in s\u0131v\u0131 deterjan. Hem renkli hem beyaz \u00e7ama\u015f\u0131rlarda etkili temizlik; d\u00fc\u015f\u00fck s\u0131cakl\u0131klarda da y\u00fcksek performans sunar. Eko-Kim'de...","robots":{"index":"index","follow":"follow","max-snippet":"max-snippet:-1","max-image-preview":"max-image-preview:large","max-video-preview":"max-video-preview:-1"},"canonical":"https:\/\/bseendustriyel.com\/?product=bemol-matik-extra","og_locale":"tr_TR","og_type":"article","og_title":"Bemol Matik Extra","og_description":"Otomatik \u00e7ama\u015f\u0131r makineleri i\u00e7in s\u0131v\u0131 deterjan. Hem renkli hem beyaz \u00e7ama\u015f\u0131rlarda etkili temizlik; d\u00fc\u015f\u00fck s\u0131cakl\u0131klarda da y\u00fcksek performans sunar. Eko-Kim'de...","og_url":"https:\/\/bseendustriyel.com\/?product=bemol-matik-extra","og_site_name":"BSE Endusriyel Tedarik","article_modified_time":"2026-03-16T19:43:27+00:00","twitter_card":"summary_large_image","schema":{"@context":"https:\/\/schema.org","@graph":[{"@type":"WebPage","@id":"https:\/\/bseendustriyel.com\/?product=bemol-matik-extra","url":"https:\/\/bseendustriyel.com\/?product=bemol-matik-extra","name":"Bemol Matik Extra - BSE Endusriyel Tedarik","isPartOf":{"@id":"https:\/\/bseendustriyel.com\/#website"},"datePublished":"2026-03-16T14:07:33+00:00","dateModified":"2026-03-16T19:43:27+00:00","description":"Otomatik \u00e7ama\u015f\u0131r makineleri i\u00e7in s\u0131v\u0131 deterjan. Hem renkli hem beyaz \u00e7ama\u015f\u0131rlarda etkili temizlik; d\u00fc\u015f\u00fck s\u0131cakl\u0131klarda da y\u00fcksek performans sunar. Eko-Kim'de...","breadcrumb":{"@id":"https:\/\/bseendustriyel.com\/?product=bemol-matik-extra#breadcrumb"},"inLanguage":"tr","potentialAction":[{"@type":"ReadAction","target":["https:\/\/bseendustriyel.com\/?product=bemol-matik-extra"]}]},{"@type":"BreadcrumbList","@id":"https:\/\/bseendustriyel.com\/?product=bemol-matik-extra#breadcrumb","itemListElement":[{"@type":"ListItem","position":1,"name":"Anasayfa","item":"https:\/\/bseendustriyel.com\/"},{"@type":"ListItem","position":2,"name":"Shop","item":"https:\/\/bseendustriyel.com\/?page_id=24"},{"@type":"ListItem","position":3,"name":"Bemol Matik Extra"}]},{"@type":"WebSite","@id":"https:\/\/bseendustriyel.com\/#website","url":"https:\/\/bseendustriyel.com\/","name":"BSE Endusriyel Tedarik","description":"","potentialAction":[{"@type":"SearchAction","target":{"@type":"EntryPoint","urlTemplate":"https:\/\/bseendustriyel.com\/?s={search_term_string}"},"query-input":{"@type":"PropertyValueSpecification","valueRequired":true,"valueName":"search_term_string"}}],"inLanguage":"tr"}]}},"_links":{"self":[{"href":"https:\/\/bseendustriyel.com\/index.php?rest_route=\/wp\/v2\/product\/772","targetHints":{"allow":["GET"]}}],"collection":[{"href":"https:\/\/bseendustriyel.com\/index.php?rest_route=\/wp\/v2\/product"}],"about":[{"href":"https:\/\/bseendustriyel.com\/index.php?rest_route=\/wp\/v2\/types\/product"}],"replies":[{"embeddable":true,"href":"https:\/\/bseendustriyel.com\/index.php?rest_route=%2Fwp%2Fv2%2Fcomments&post=772"}],"wp:attachment":[{"href":"https:\/\/bseendustriyel.com\/index.php?rest_route=%2Fwp%2Fv2%2Fmedia&parent=772"}],"wp:term":[{"taxonomy":"product_brand","embeddable":true,"href":"https:\/\/bseendustriyel.com\/index.php?rest_route=%2Fwp%2Fv2%2Fproduct_brand&post=772"},{"taxonomy":"product_cat","embeddable":true,"href":"https:\/\/bseendustriyel.com\/index.php?rest_route=%2Fwp%2Fv2%2Fproduct_cat&post=772"},{"taxonomy":"product_tag","embeddable":true,"href":"https:\/\/bseendustriyel.com\/index.php?rest_route=%2Fwp%2Fv2%2Fproduct_tag&post=772"}],"curies":[{"name":"wp","href":"https:\/\/api.w.org\/{rel}","templated":true}]}}