{"id":782,"date":"2026-03-16T14:07:56","date_gmt":"2026-03-16T14:07:56","guid":{"rendered":"https:\/\/bseendustriyel.com\/product\/cortex-kir-cicegi\/"},"modified":"2026-03-16T19:43:35","modified_gmt":"2026-03-16T19:43:35","slug":"cortex-kir-cicegi","status":"publish","type":"product","link":"https:\/\/bseendustriyel.com\/?product=cortex-kir-cicegi","title":{"rendered":"Cortex K\u0131r \u00c7i\u00e7e\u011fi"},"content":{"rendered":"<p>K\u0131r \u00e7i\u00e7e\u011fi aromal\u0131 \u00e7ama\u015f\u0131r yumu\u015fat\u0131c\u0131. \u00c7ama\u015f\u0131rlara nazik bir yumu\u015fakl\u0131k ve do\u011fal \u00e7i\u00e7ek kokusu katarken statik elektri\u011fi azalt\u0131r.<\/p>\n<p>30kg<\/p>\n","protected":false},"excerpt":{"rendered":"<p>K\u0131r \u00e7i\u00e7e\u011fi aromal\u0131 \u00e7ama\u015f\u0131r yumu\u015fat\u0131c\u0131. \u00c7ama\u015f\u0131rlara nazik bir yumu\u015fakl\u0131k ve do\u011fal \u00e7i\u00e7ek kokusu katarken statik elektri\u011fi azalt\u0131r.<\/p>\n","protected":false},"featured_media":351,"comment_status":"closed","ping_status":"open","template":"","meta":[],"product_brand":[],"product_cat":[201,206,44],"product_tag":[],"class_list":{"0":"post-782","1":"product","2":"type-product","3":"status-publish","4":"has-post-thumbnail","6":"product_cat-bemol-balins-cortex-end","7":"product_cat-camasirhane-urunleri","8":"product_cat-temizlik-kimyasallari","10":"first","11":"instock","12":"product-type-simple"},"yoast_head":"<!-- This site is optimized with the Yoast SEO Premium plugin v27.1 (Yoast SEO v27.4) - https:\/\/yoast.com\/product\/yoast-seo-premium-wordpress\/ -->\n<title>Cortex K\u0131r \u00c7i\u00e7e\u011fi - BSE Endusriyel Tedarik<\/title>\n<meta name=\"description\" content=\"K\u0131r \u00e7i\u00e7e\u011fi aromal\u0131 \u00e7ama\u015f\u0131r yumu\u015fat\u0131c\u0131. \u00c7ama\u015f\u0131rlara nazik bir yumu\u015fakl\u0131k ve do\u011fal \u00e7i\u00e7ek kokusu katarken statik elektri\u011fi azalt\u0131r. Eko-Kim&#039;den sipari\u015f verin.\" \/>\n<meta name=\"robots\" content=\"index, follow, max-snippet:-1, max-image-preview:large, max-video-preview:-1\" \/>\n<link rel=\"canonical\" href=\"https:\/\/bseendustriyel.com\/?product=cortex-kir-cicegi\" \/>\n<meta property=\"og:locale\" content=\"tr_TR\" \/>\n<meta property=\"og:type\" content=\"article\" \/>\n<meta property=\"og:title\" content=\"Cortex K\u0131r \u00c7i\u00e7e\u011fi\" \/>\n<meta property=\"og:description\" content=\"K\u0131r \u00e7i\u00e7e\u011fi aromal\u0131 \u00e7ama\u015f\u0131r yumu\u015fat\u0131c\u0131. \u00c7ama\u015f\u0131rlara nazik bir yumu\u015fakl\u0131k ve do\u011fal \u00e7i\u00e7ek kokusu katarken statik elektri\u011fi azalt\u0131r. Eko-Kim&#039;den sipari\u015f verin.\" \/>\n<meta property=\"og:url\" content=\"https:\/\/bseendustriyel.com\/?product=cortex-kir-cicegi\" \/>\n<meta property=\"og:site_name\" content=\"BSE Endusriyel Tedarik\" \/>\n<meta property=\"article:modified_time\" content=\"2026-03-16T19:43:35+00:00\" \/>\n<meta property=\"og:image\" content=\"https:\/\/bseendustriyel.com\/wp-content\/uploads\/2026\/03\/415-cortex-kir-cicegi-camasirhane-urunleri-827.jpg\" \/>\n\t<meta property=\"og:image:width\" content=\"1000\" \/>\n\t<meta property=\"og:image:height\" content=\"1000\" \/>\n\t<meta property=\"og:image:type\" content=\"image\/jpeg\" \/>\n<meta name=\"twitter:card\" content=\"summary_large_image\" \/>\n<script type=\"application\/ld+json\" class=\"yoast-schema-graph\">{\"@context\":\"https:\\\/\\\/schema.org\",\"@graph\":[{\"@type\":\"WebPage\",\"@id\":\"https:\\\/\\\/bseendustriyel.com\\\/?product=cortex-kir-cicegi\",\"url\":\"https:\\\/\\\/bseendustriyel.com\\\/?product=cortex-kir-cicegi\",\"name\":\"Cortex K\u0131r \u00c7i\u00e7e\u011fi - BSE Endusriyel Tedarik\",\"isPartOf\":{\"@id\":\"https:\\\/\\\/bseendustriyel.com\\\/#website\"},\"primaryImageOfPage\":{\"@id\":\"https:\\\/\\\/bseendustriyel.com\\\/?product=cortex-kir-cicegi#primaryimage\"},\"image\":{\"@id\":\"https:\\\/\\\/bseendustriyel.com\\\/?product=cortex-kir-cicegi#primaryimage\"},\"thumbnailUrl\":\"https:\\\/\\\/bseendustriyel.com\\\/wp-content\\\/uploads\\\/2026\\\/03\\\/415-cortex-kir-cicegi-camasirhane-urunleri-827.jpg\",\"datePublished\":\"2026-03-16T14:07:56+00:00\",\"dateModified\":\"2026-03-16T19:43:35+00:00\",\"description\":\"K\u0131r \u00e7i\u00e7e\u011fi aromal\u0131 \u00e7ama\u015f\u0131r yumu\u015fat\u0131c\u0131. \u00c7ama\u015f\u0131rlara nazik bir yumu\u015fakl\u0131k ve do\u011fal \u00e7i\u00e7ek kokusu katarken statik elektri\u011fi azalt\u0131r. Eko-Kim'den sipari\u015f verin.\",\"breadcrumb\":{\"@id\":\"https:\\\/\\\/bseendustriyel.com\\\/?product=cortex-kir-cicegi#breadcrumb\"},\"inLanguage\":\"tr\",\"potentialAction\":[{\"@type\":\"ReadAction\",\"target\":[\"https:\\\/\\\/bseendustriyel.com\\\/?product=cortex-kir-cicegi\"]}]},{\"@type\":\"ImageObject\",\"inLanguage\":\"tr\",\"@id\":\"https:\\\/\\\/bseendustriyel.com\\\/?product=cortex-kir-cicegi#primaryimage\",\"url\":\"https:\\\/\\\/bseendustriyel.com\\\/wp-content\\\/uploads\\\/2026\\\/03\\\/415-cortex-kir-cicegi-camasirhane-urunleri-827.jpg\",\"contentUrl\":\"https:\\\/\\\/bseendustriyel.com\\\/wp-content\\\/uploads\\\/2026\\\/03\\\/415-cortex-kir-cicegi-camasirhane-urunleri-827.jpg\",\"width\":1000,\"height\":1000},{\"@type\":\"BreadcrumbList\",\"@id\":\"https:\\\/\\\/bseendustriyel.com\\\/?product=cortex-kir-cicegi#breadcrumb\",\"itemListElement\":[{\"@type\":\"ListItem\",\"position\":1,\"name\":\"Anasayfa\",\"item\":\"https:\\\/\\\/bseendustriyel.com\\\/\"},{\"@type\":\"ListItem\",\"position\":2,\"name\":\"Shop\",\"item\":\"https:\\\/\\\/bseendustriyel.com\\\/?page_id=24\"},{\"@type\":\"ListItem\",\"position\":3,\"name\":\"Cortex K\u0131r \u00c7i\u00e7e\u011fi\"}]},{\"@type\":\"WebSite\",\"@id\":\"https:\\\/\\\/bseendustriyel.com\\\/#website\",\"url\":\"https:\\\/\\\/bseendustriyel.com\\\/\",\"name\":\"BSE Endusriyel Tedarik\",\"description\":\"\",\"potentialAction\":[{\"@type\":\"SearchAction\",\"target\":{\"@type\":\"EntryPoint\",\"urlTemplate\":\"https:\\\/\\\/bseendustriyel.com\\\/?s={search_term_string}\"},\"query-input\":{\"@type\":\"PropertyValueSpecification\",\"valueRequired\":true,\"valueName\":\"search_term_string\"}}],\"inLanguage\":\"tr\"}]}<\/script>\n<!-- \/ Yoast SEO Premium plugin. -->","yoast_head_json":{"title":"Cortex K\u0131r \u00c7i\u00e7e\u011fi - BSE Endusriyel Tedarik","description":"K\u0131r \u00e7i\u00e7e\u011fi aromal\u0131 \u00e7ama\u015f\u0131r yumu\u015fat\u0131c\u0131. \u00c7ama\u015f\u0131rlara nazik bir yumu\u015fakl\u0131k ve do\u011fal \u00e7i\u00e7ek kokusu katarken statik elektri\u011fi azalt\u0131r. Eko-Kim'den sipari\u015f verin.","robots":{"index":"index","follow":"follow","max-snippet":"max-snippet:-1","max-image-preview":"max-image-preview:large","max-video-preview":"max-video-preview:-1"},"canonical":"https:\/\/bseendustriyel.com\/?product=cortex-kir-cicegi","og_locale":"tr_TR","og_type":"article","og_title":"Cortex K\u0131r \u00c7i\u00e7e\u011fi","og_description":"K\u0131r \u00e7i\u00e7e\u011fi aromal\u0131 \u00e7ama\u015f\u0131r yumu\u015fat\u0131c\u0131. \u00c7ama\u015f\u0131rlara nazik bir yumu\u015fakl\u0131k ve do\u011fal \u00e7i\u00e7ek kokusu katarken statik elektri\u011fi azalt\u0131r. Eko-Kim'den sipari\u015f verin.","og_url":"https:\/\/bseendustriyel.com\/?product=cortex-kir-cicegi","og_site_name":"BSE Endusriyel Tedarik","article_modified_time":"2026-03-16T19:43:35+00:00","og_image":[{"width":1000,"height":1000,"url":"https:\/\/bseendustriyel.com\/wp-content\/uploads\/2026\/03\/415-cortex-kir-cicegi-camasirhane-urunleri-827.jpg","type":"image\/jpeg"}],"twitter_card":"summary_large_image","schema":{"@context":"https:\/\/schema.org","@graph":[{"@type":"WebPage","@id":"https:\/\/bseendustriyel.com\/?product=cortex-kir-cicegi","url":"https:\/\/bseendustriyel.com\/?product=cortex-kir-cicegi","name":"Cortex K\u0131r \u00c7i\u00e7e\u011fi - BSE Endusriyel Tedarik","isPartOf":{"@id":"https:\/\/bseendustriyel.com\/#website"},"primaryImageOfPage":{"@id":"https:\/\/bseendustriyel.com\/?product=cortex-kir-cicegi#primaryimage"},"image":{"@id":"https:\/\/bseendustriyel.com\/?product=cortex-kir-cicegi#primaryimage"},"thumbnailUrl":"https:\/\/bseendustriyel.com\/wp-content\/uploads\/2026\/03\/415-cortex-kir-cicegi-camasirhane-urunleri-827.jpg","datePublished":"2026-03-16T14:07:56+00:00","dateModified":"2026-03-16T19:43:35+00:00","description":"K\u0131r \u00e7i\u00e7e\u011fi aromal\u0131 \u00e7ama\u015f\u0131r yumu\u015fat\u0131c\u0131. \u00c7ama\u015f\u0131rlara nazik bir yumu\u015fakl\u0131k ve do\u011fal \u00e7i\u00e7ek kokusu katarken statik elektri\u011fi azalt\u0131r. Eko-Kim'den sipari\u015f verin.","breadcrumb":{"@id":"https:\/\/bseendustriyel.com\/?product=cortex-kir-cicegi#breadcrumb"},"inLanguage":"tr","potentialAction":[{"@type":"ReadAction","target":["https:\/\/bseendustriyel.com\/?product=cortex-kir-cicegi"]}]},{"@type":"ImageObject","inLanguage":"tr","@id":"https:\/\/bseendustriyel.com\/?product=cortex-kir-cicegi#primaryimage","url":"https:\/\/bseendustriyel.com\/wp-content\/uploads\/2026\/03\/415-cortex-kir-cicegi-camasirhane-urunleri-827.jpg","contentUrl":"https:\/\/bseendustriyel.com\/wp-content\/uploads\/2026\/03\/415-cortex-kir-cicegi-camasirhane-urunleri-827.jpg","width":1000,"height":1000},{"@type":"BreadcrumbList","@id":"https:\/\/bseendustriyel.com\/?product=cortex-kir-cicegi#breadcrumb","itemListElement":[{"@type":"ListItem","position":1,"name":"Anasayfa","item":"https:\/\/bseendustriyel.com\/"},{"@type":"ListItem","position":2,"name":"Shop","item":"https:\/\/bseendustriyel.com\/?page_id=24"},{"@type":"ListItem","position":3,"name":"Cortex K\u0131r \u00c7i\u00e7e\u011fi"}]},{"@type":"WebSite","@id":"https:\/\/bseendustriyel.com\/#website","url":"https:\/\/bseendustriyel.com\/","name":"BSE Endusriyel Tedarik","description":"","potentialAction":[{"@type":"SearchAction","target":{"@type":"EntryPoint","urlTemplate":"https:\/\/bseendustriyel.com\/?s={search_term_string}"},"query-input":{"@type":"PropertyValueSpecification","valueRequired":true,"valueName":"search_term_string"}}],"inLanguage":"tr"}]}},"_links":{"self":[{"href":"https:\/\/bseendustriyel.com\/index.php?rest_route=\/wp\/v2\/product\/782","targetHints":{"allow":["GET"]}}],"collection":[{"href":"https:\/\/bseendustriyel.com\/index.php?rest_route=\/wp\/v2\/product"}],"about":[{"href":"https:\/\/bseendustriyel.com\/index.php?rest_route=\/wp\/v2\/types\/product"}],"replies":[{"embeddable":true,"href":"https:\/\/bseendustriyel.com\/index.php?rest_route=%2Fwp%2Fv2%2Fcomments&post=782"}],"wp:featuredmedia":[{"embeddable":true,"href":"https:\/\/bseendustriyel.com\/index.php?rest_route=\/wp\/v2\/media\/351"}],"wp:attachment":[{"href":"https:\/\/bseendustriyel.com\/index.php?rest_route=%2Fwp%2Fv2%2Fmedia&parent=782"}],"wp:term":[{"taxonomy":"product_brand","embeddable":true,"href":"https:\/\/bseendustriyel.com\/index.php?rest_route=%2Fwp%2Fv2%2Fproduct_brand&post=782"},{"taxonomy":"product_cat","embeddable":true,"href":"https:\/\/bseendustriyel.com\/index.php?rest_route=%2Fwp%2Fv2%2Fproduct_cat&post=782"},{"taxonomy":"product_tag","embeddable":true,"href":"https:\/\/bseendustriyel.com\/index.php?rest_route=%2Fwp%2Fv2%2Fproduct_tag&post=782"}],"curies":[{"name":"wp","href":"https:\/\/api.w.org\/{rel}","templated":true}]}}