{"id":785,"date":"2026-03-16T14:07:56","date_gmt":"2026-03-16T14:07:56","guid":{"rendered":"https:\/\/bseendustriyel.com\/product\/bemol-sensitive\/"},"modified":"2026-03-16T19:43:37","modified_gmt":"2026-03-16T19:43:37","slug":"bemol-sensitive","status":"publish","type":"product","link":"https:\/\/bseendustriyel.com\/?product=bemol-sensitive","title":{"rendered":"Bemol Sensitive"},"content":{"rendered":"<p>Hassas ciltler i\u00e7in \u00f6zel form\u00fcll\u00fc \u00e7ama\u015f\u0131r yumu\u015fat\u0131c\u0131. Dermatologlar taraf\u0131ndan test edilmi\u015f; alerjen ve tahri\u015f edici katk\u0131lar i\u00e7ermeyen nazik yap\u0131s\u0131yla \u00f6ne \u00e7\u0131kar.<\/p>\n<p>30kg, 5kg<\/p>\n","protected":false},"excerpt":{"rendered":"<p>Hassas ciltler i\u00e7in \u00f6zel form\u00fcll\u00fc \u00e7ama\u015f\u0131r yumu\u015fat\u0131c\u0131. Dermatologlar taraf\u0131ndan test edilmi\u015f; alerjen ve tahri\u015f edici katk\u0131lar i\u00e7ermeyen nazik yap\u0131s\u0131yla \u00f6ne \u00e7\u0131kar.<\/p>\n","protected":false},"featured_media":357,"comment_status":"closed","ping_status":"open","template":"","meta":[],"product_brand":[],"product_cat":[201,206,44],"product_tag":[],"class_list":{"0":"post-785","1":"product","2":"type-product","3":"status-publish","4":"has-post-thumbnail","6":"product_cat-bemol-balins-cortex-end","7":"product_cat-camasirhane-urunleri","8":"product_cat-temizlik-kimyasallari","10":"first","11":"instock","12":"product-type-simple"},"yoast_head":"<!-- This site is optimized with the Yoast SEO Premium plugin v27.1 (Yoast SEO v27.4) - https:\/\/yoast.com\/product\/yoast-seo-premium-wordpress\/ -->\n<title>Bemol Sensitive - BSE Endusriyel Tedarik<\/title>\n<meta name=\"description\" content=\"Hassas ciltler i\u00e7in \u00f6zel form\u00fcll\u00fc \u00e7ama\u015f\u0131r yumu\u015fat\u0131c\u0131. Dermatologlar taraf\u0131ndan test edilmi\u015f; alerjen ve tahri\u015f edici katk\u0131lar i\u00e7ermeyen nazik yap\u0131s\u0131yla \u00f6ne \u00e7...\" \/>\n<meta name=\"robots\" content=\"index, follow, max-snippet:-1, max-image-preview:large, max-video-preview:-1\" \/>\n<link rel=\"canonical\" href=\"https:\/\/bseendustriyel.com\/?product=bemol-sensitive\" \/>\n<meta property=\"og:locale\" content=\"tr_TR\" \/>\n<meta property=\"og:type\" content=\"article\" \/>\n<meta property=\"og:title\" content=\"Bemol Sensitive\" \/>\n<meta property=\"og:description\" content=\"Hassas ciltler i\u00e7in \u00f6zel form\u00fcll\u00fc \u00e7ama\u015f\u0131r yumu\u015fat\u0131c\u0131. Dermatologlar taraf\u0131ndan test edilmi\u015f; alerjen ve tahri\u015f edici katk\u0131lar i\u00e7ermeyen nazik yap\u0131s\u0131yla \u00f6ne \u00e7...\" \/>\n<meta property=\"og:url\" content=\"https:\/\/bseendustriyel.com\/?product=bemol-sensitive\" \/>\n<meta property=\"og:site_name\" content=\"BSE Endusriyel Tedarik\" \/>\n<meta property=\"article:modified_time\" content=\"2026-03-16T19:43:37+00:00\" \/>\n<meta property=\"og:image\" content=\"https:\/\/bseendustriyel.com\/wp-content\/uploads\/2026\/03\/330-bemol-sensitive-camasirhane-urunleri-232.jpg\" \/>\n\t<meta property=\"og:image:width\" content=\"1000\" \/>\n\t<meta property=\"og:image:height\" content=\"1000\" \/>\n\t<meta property=\"og:image:type\" content=\"image\/jpeg\" \/>\n<meta name=\"twitter:card\" content=\"summary_large_image\" \/>\n<script type=\"application\/ld+json\" class=\"yoast-schema-graph\">{\"@context\":\"https:\\\/\\\/schema.org\",\"@graph\":[{\"@type\":\"WebPage\",\"@id\":\"https:\\\/\\\/bseendustriyel.com\\\/?product=bemol-sensitive\",\"url\":\"https:\\\/\\\/bseendustriyel.com\\\/?product=bemol-sensitive\",\"name\":\"Bemol Sensitive - BSE Endusriyel Tedarik\",\"isPartOf\":{\"@id\":\"https:\\\/\\\/bseendustriyel.com\\\/#website\"},\"primaryImageOfPage\":{\"@id\":\"https:\\\/\\\/bseendustriyel.com\\\/?product=bemol-sensitive#primaryimage\"},\"image\":{\"@id\":\"https:\\\/\\\/bseendustriyel.com\\\/?product=bemol-sensitive#primaryimage\"},\"thumbnailUrl\":\"https:\\\/\\\/bseendustriyel.com\\\/wp-content\\\/uploads\\\/2026\\\/03\\\/330-bemol-sensitive-camasirhane-urunleri-232.jpg\",\"datePublished\":\"2026-03-16T14:07:56+00:00\",\"dateModified\":\"2026-03-16T19:43:37+00:00\",\"description\":\"Hassas ciltler i\u00e7in \u00f6zel form\u00fcll\u00fc \u00e7ama\u015f\u0131r yumu\u015fat\u0131c\u0131. Dermatologlar taraf\u0131ndan test edilmi\u015f; alerjen ve tahri\u015f edici katk\u0131lar i\u00e7ermeyen nazik yap\u0131s\u0131yla \u00f6ne \u00e7...\",\"breadcrumb\":{\"@id\":\"https:\\\/\\\/bseendustriyel.com\\\/?product=bemol-sensitive#breadcrumb\"},\"inLanguage\":\"tr\",\"potentialAction\":[{\"@type\":\"ReadAction\",\"target\":[\"https:\\\/\\\/bseendustriyel.com\\\/?product=bemol-sensitive\"]}]},{\"@type\":\"ImageObject\",\"inLanguage\":\"tr\",\"@id\":\"https:\\\/\\\/bseendustriyel.com\\\/?product=bemol-sensitive#primaryimage\",\"url\":\"https:\\\/\\\/bseendustriyel.com\\\/wp-content\\\/uploads\\\/2026\\\/03\\\/330-bemol-sensitive-camasirhane-urunleri-232.jpg\",\"contentUrl\":\"https:\\\/\\\/bseendustriyel.com\\\/wp-content\\\/uploads\\\/2026\\\/03\\\/330-bemol-sensitive-camasirhane-urunleri-232.jpg\",\"width\":1000,\"height\":1000},{\"@type\":\"BreadcrumbList\",\"@id\":\"https:\\\/\\\/bseendustriyel.com\\\/?product=bemol-sensitive#breadcrumb\",\"itemListElement\":[{\"@type\":\"ListItem\",\"position\":1,\"name\":\"Anasayfa\",\"item\":\"https:\\\/\\\/bseendustriyel.com\\\/\"},{\"@type\":\"ListItem\",\"position\":2,\"name\":\"Shop\",\"item\":\"https:\\\/\\\/bseendustriyel.com\\\/?page_id=24\"},{\"@type\":\"ListItem\",\"position\":3,\"name\":\"Bemol Sensitive\"}]},{\"@type\":\"WebSite\",\"@id\":\"https:\\\/\\\/bseendustriyel.com\\\/#website\",\"url\":\"https:\\\/\\\/bseendustriyel.com\\\/\",\"name\":\"BSE Endusriyel Tedarik\",\"description\":\"\",\"potentialAction\":[{\"@type\":\"SearchAction\",\"target\":{\"@type\":\"EntryPoint\",\"urlTemplate\":\"https:\\\/\\\/bseendustriyel.com\\\/?s={search_term_string}\"},\"query-input\":{\"@type\":\"PropertyValueSpecification\",\"valueRequired\":true,\"valueName\":\"search_term_string\"}}],\"inLanguage\":\"tr\"}]}<\/script>\n<!-- \/ Yoast SEO Premium plugin. -->","yoast_head_json":{"title":"Bemol Sensitive - BSE Endusriyel Tedarik","description":"Hassas ciltler i\u00e7in \u00f6zel form\u00fcll\u00fc \u00e7ama\u015f\u0131r yumu\u015fat\u0131c\u0131. Dermatologlar taraf\u0131ndan test edilmi\u015f; alerjen ve tahri\u015f edici katk\u0131lar i\u00e7ermeyen nazik yap\u0131s\u0131yla \u00f6ne \u00e7...","robots":{"index":"index","follow":"follow","max-snippet":"max-snippet:-1","max-image-preview":"max-image-preview:large","max-video-preview":"max-video-preview:-1"},"canonical":"https:\/\/bseendustriyel.com\/?product=bemol-sensitive","og_locale":"tr_TR","og_type":"article","og_title":"Bemol Sensitive","og_description":"Hassas ciltler i\u00e7in \u00f6zel form\u00fcll\u00fc \u00e7ama\u015f\u0131r yumu\u015fat\u0131c\u0131. Dermatologlar taraf\u0131ndan test edilmi\u015f; alerjen ve tahri\u015f edici katk\u0131lar i\u00e7ermeyen nazik yap\u0131s\u0131yla \u00f6ne \u00e7...","og_url":"https:\/\/bseendustriyel.com\/?product=bemol-sensitive","og_site_name":"BSE Endusriyel Tedarik","article_modified_time":"2026-03-16T19:43:37+00:00","og_image":[{"width":1000,"height":1000,"url":"https:\/\/bseendustriyel.com\/wp-content\/uploads\/2026\/03\/330-bemol-sensitive-camasirhane-urunleri-232.jpg","type":"image\/jpeg"}],"twitter_card":"summary_large_image","schema":{"@context":"https:\/\/schema.org","@graph":[{"@type":"WebPage","@id":"https:\/\/bseendustriyel.com\/?product=bemol-sensitive","url":"https:\/\/bseendustriyel.com\/?product=bemol-sensitive","name":"Bemol Sensitive - BSE Endusriyel Tedarik","isPartOf":{"@id":"https:\/\/bseendustriyel.com\/#website"},"primaryImageOfPage":{"@id":"https:\/\/bseendustriyel.com\/?product=bemol-sensitive#primaryimage"},"image":{"@id":"https:\/\/bseendustriyel.com\/?product=bemol-sensitive#primaryimage"},"thumbnailUrl":"https:\/\/bseendustriyel.com\/wp-content\/uploads\/2026\/03\/330-bemol-sensitive-camasirhane-urunleri-232.jpg","datePublished":"2026-03-16T14:07:56+00:00","dateModified":"2026-03-16T19:43:37+00:00","description":"Hassas ciltler i\u00e7in \u00f6zel form\u00fcll\u00fc \u00e7ama\u015f\u0131r yumu\u015fat\u0131c\u0131. Dermatologlar taraf\u0131ndan test edilmi\u015f; alerjen ve tahri\u015f edici katk\u0131lar i\u00e7ermeyen nazik yap\u0131s\u0131yla \u00f6ne \u00e7...","breadcrumb":{"@id":"https:\/\/bseendustriyel.com\/?product=bemol-sensitive#breadcrumb"},"inLanguage":"tr","potentialAction":[{"@type":"ReadAction","target":["https:\/\/bseendustriyel.com\/?product=bemol-sensitive"]}]},{"@type":"ImageObject","inLanguage":"tr","@id":"https:\/\/bseendustriyel.com\/?product=bemol-sensitive#primaryimage","url":"https:\/\/bseendustriyel.com\/wp-content\/uploads\/2026\/03\/330-bemol-sensitive-camasirhane-urunleri-232.jpg","contentUrl":"https:\/\/bseendustriyel.com\/wp-content\/uploads\/2026\/03\/330-bemol-sensitive-camasirhane-urunleri-232.jpg","width":1000,"height":1000},{"@type":"BreadcrumbList","@id":"https:\/\/bseendustriyel.com\/?product=bemol-sensitive#breadcrumb","itemListElement":[{"@type":"ListItem","position":1,"name":"Anasayfa","item":"https:\/\/bseendustriyel.com\/"},{"@type":"ListItem","position":2,"name":"Shop","item":"https:\/\/bseendustriyel.com\/?page_id=24"},{"@type":"ListItem","position":3,"name":"Bemol Sensitive"}]},{"@type":"WebSite","@id":"https:\/\/bseendustriyel.com\/#website","url":"https:\/\/bseendustriyel.com\/","name":"BSE Endusriyel Tedarik","description":"","potentialAction":[{"@type":"SearchAction","target":{"@type":"EntryPoint","urlTemplate":"https:\/\/bseendustriyel.com\/?s={search_term_string}"},"query-input":{"@type":"PropertyValueSpecification","valueRequired":true,"valueName":"search_term_string"}}],"inLanguage":"tr"}]}},"_links":{"self":[{"href":"https:\/\/bseendustriyel.com\/index.php?rest_route=\/wp\/v2\/product\/785","targetHints":{"allow":["GET"]}}],"collection":[{"href":"https:\/\/bseendustriyel.com\/index.php?rest_route=\/wp\/v2\/product"}],"about":[{"href":"https:\/\/bseendustriyel.com\/index.php?rest_route=\/wp\/v2\/types\/product"}],"replies":[{"embeddable":true,"href":"https:\/\/bseendustriyel.com\/index.php?rest_route=%2Fwp%2Fv2%2Fcomments&post=785"}],"wp:featuredmedia":[{"embeddable":true,"href":"https:\/\/bseendustriyel.com\/index.php?rest_route=\/wp\/v2\/media\/357"}],"wp:attachment":[{"href":"https:\/\/bseendustriyel.com\/index.php?rest_route=%2Fwp%2Fv2%2Fmedia&parent=785"}],"wp:term":[{"taxonomy":"product_brand","embeddable":true,"href":"https:\/\/bseendustriyel.com\/index.php?rest_route=%2Fwp%2Fv2%2Fproduct_brand&post=785"},{"taxonomy":"product_cat","embeddable":true,"href":"https:\/\/bseendustriyel.com\/index.php?rest_route=%2Fwp%2Fv2%2Fproduct_cat&post=785"},{"taxonomy":"product_tag","embeddable":true,"href":"https:\/\/bseendustriyel.com\/index.php?rest_route=%2Fwp%2Fv2%2Fproduct_tag&post=785"}],"curies":[{"name":"wp","href":"https:\/\/api.w.org\/{rel}","templated":true}]}}