{"id":799,"date":"2026-03-16T14:08:13","date_gmt":"2026-03-16T14:08:13","guid":{"rendered":"https:\/\/bseendustriyel.com\/product\/dus-jeli-yesil-cay\/"},"modified":"2026-03-16T19:43:48","modified_gmt":"2026-03-16T19:43:48","slug":"dus-jeli-yesil-cay","status":"publish","type":"product","link":"https:\/\/bseendustriyel.com\/?product=dus-jeli-yesil-cay","title":{"rendered":"Du\u015f Jeli, Ye\u015fil \u00c7ay"},"content":{"rendered":"<p>Kremsi k\u00f6p\u00fckl\u00fc du\u015f jeli \u2014 ye\u015fil \u00e7ay aromal\u0131. Cilt nemini korurken v\u00fccudu nazik\u00e7e temizler; banyo sonras\u0131 cildi yumu\u015fak ve ho\u015f kokulu b\u0131rak\u0131r.<\/p>\n<p>300ml, 500ml<\/p>\n","protected":false},"excerpt":{"rendered":"<p>Kremsi k\u00f6p\u00fckl\u00fc du\u015f jeli \u2014 ye\u015fil \u00e7ay aromal\u0131. Cilt nemini korurken v\u00fccudu nazik\u00e7e temizler; banyo sonras\u0131 cildi yumu\u015fak ve ho\u015f kokulu b\u0131rak\u0131r.<\/p>\n","protected":false},"featured_media":381,"comment_status":"closed","ping_status":"open","template":"","meta":[],"product_brand":[],"product_cat":[207,208,44],"product_tag":[],"class_list":{"0":"post-799","1":"product","2":"type-product","3":"status-publish","4":"has-post-thumbnail","6":"product_cat-cortex","7":"product_cat-kisisel-hijyen-bakim-cortex","8":"product_cat-temizlik-kimyasallari","10":"first","11":"instock","12":"product-type-simple"},"yoast_head":"<!-- This site is optimized with the Yoast SEO Premium plugin v27.1 (Yoast SEO v27.4) - https:\/\/yoast.com\/product\/yoast-seo-premium-wordpress\/ -->\n<title>Du\u015f Jeli, Ye\u015fil \u00c7ay - BSE Endusriyel Tedarik<\/title>\n<meta name=\"description\" content=\"Kremsi k\u00f6p\u00fckl\u00fc du\u015f jeli \u2014 ye\u015fil \u00e7ay aromal\u0131. Cilt nemini korurken v\u00fccudu nazik\u00e7e temizler; banyo sonras\u0131 cildi yumu\u015fak ve ho\u015f kokulu b\u0131rak\u0131r. Eko-Kim&#039;den sip...\" \/>\n<meta name=\"robots\" content=\"index, follow, max-snippet:-1, max-image-preview:large, max-video-preview:-1\" \/>\n<link rel=\"canonical\" href=\"https:\/\/bseendustriyel.com\/?product=dus-jeli-yesil-cay\" \/>\n<meta property=\"og:locale\" content=\"tr_TR\" \/>\n<meta property=\"og:type\" content=\"article\" \/>\n<meta property=\"og:title\" content=\"Du\u015f Jeli, Ye\u015fil \u00c7ay\" \/>\n<meta property=\"og:description\" content=\"Kremsi k\u00f6p\u00fckl\u00fc du\u015f jeli \u2014 ye\u015fil \u00e7ay aromal\u0131. Cilt nemini korurken v\u00fccudu nazik\u00e7e temizler; banyo sonras\u0131 cildi yumu\u015fak ve ho\u015f kokulu b\u0131rak\u0131r. Eko-Kim&#039;den sip...\" \/>\n<meta property=\"og:url\" content=\"https:\/\/bseendustriyel.com\/?product=dus-jeli-yesil-cay\" \/>\n<meta property=\"og:site_name\" content=\"BSE Endusriyel Tedarik\" \/>\n<meta property=\"article:modified_time\" content=\"2026-03-16T19:43:48+00:00\" \/>\n<meta property=\"og:image\" content=\"https:\/\/bseendustriyel.com\/wp-content\/uploads\/2026\/03\/cortex-88-dus-jeli-yesil-cay-300ml.jpg\" \/>\n\t<meta property=\"og:image:width\" content=\"450\" \/>\n\t<meta property=\"og:image:height\" content=\"450\" \/>\n\t<meta property=\"og:image:type\" content=\"image\/jpeg\" \/>\n<meta name=\"twitter:card\" content=\"summary_large_image\" \/>\n<script type=\"application\/ld+json\" class=\"yoast-schema-graph\">{\"@context\":\"https:\\\/\\\/schema.org\",\"@graph\":[{\"@type\":\"WebPage\",\"@id\":\"https:\\\/\\\/bseendustriyel.com\\\/?product=dus-jeli-yesil-cay\",\"url\":\"https:\\\/\\\/bseendustriyel.com\\\/?product=dus-jeli-yesil-cay\",\"name\":\"Du\u015f Jeli, Ye\u015fil \u00c7ay - BSE Endusriyel Tedarik\",\"isPartOf\":{\"@id\":\"https:\\\/\\\/bseendustriyel.com\\\/#website\"},\"primaryImageOfPage\":{\"@id\":\"https:\\\/\\\/bseendustriyel.com\\\/?product=dus-jeli-yesil-cay#primaryimage\"},\"image\":{\"@id\":\"https:\\\/\\\/bseendustriyel.com\\\/?product=dus-jeli-yesil-cay#primaryimage\"},\"thumbnailUrl\":\"https:\\\/\\\/bseendustriyel.com\\\/wp-content\\\/uploads\\\/2026\\\/03\\\/cortex-88-dus-jeli-yesil-cay-300ml.jpg\",\"datePublished\":\"2026-03-16T14:08:13+00:00\",\"dateModified\":\"2026-03-16T19:43:48+00:00\",\"description\":\"Kremsi k\u00f6p\u00fckl\u00fc du\u015f jeli \u2014 ye\u015fil \u00e7ay aromal\u0131. Cilt nemini korurken v\u00fccudu nazik\u00e7e temizler; banyo sonras\u0131 cildi yumu\u015fak ve ho\u015f kokulu b\u0131rak\u0131r. Eko-Kim'den sip...\",\"breadcrumb\":{\"@id\":\"https:\\\/\\\/bseendustriyel.com\\\/?product=dus-jeli-yesil-cay#breadcrumb\"},\"inLanguage\":\"tr\",\"potentialAction\":[{\"@type\":\"ReadAction\",\"target\":[\"https:\\\/\\\/bseendustriyel.com\\\/?product=dus-jeli-yesil-cay\"]}]},{\"@type\":\"ImageObject\",\"inLanguage\":\"tr\",\"@id\":\"https:\\\/\\\/bseendustriyel.com\\\/?product=dus-jeli-yesil-cay#primaryimage\",\"url\":\"https:\\\/\\\/bseendustriyel.com\\\/wp-content\\\/uploads\\\/2026\\\/03\\\/cortex-88-dus-jeli-yesil-cay-300ml.jpg\",\"contentUrl\":\"https:\\\/\\\/bseendustriyel.com\\\/wp-content\\\/uploads\\\/2026\\\/03\\\/cortex-88-dus-jeli-yesil-cay-300ml.jpg\",\"width\":450,\"height\":450},{\"@type\":\"BreadcrumbList\",\"@id\":\"https:\\\/\\\/bseendustriyel.com\\\/?product=dus-jeli-yesil-cay#breadcrumb\",\"itemListElement\":[{\"@type\":\"ListItem\",\"position\":1,\"name\":\"Anasayfa\",\"item\":\"https:\\\/\\\/bseendustriyel.com\\\/\"},{\"@type\":\"ListItem\",\"position\":2,\"name\":\"Shop\",\"item\":\"https:\\\/\\\/bseendustriyel.com\\\/?page_id=24\"},{\"@type\":\"ListItem\",\"position\":3,\"name\":\"Du\u015f Jeli, Ye\u015fil \u00c7ay\"}]},{\"@type\":\"WebSite\",\"@id\":\"https:\\\/\\\/bseendustriyel.com\\\/#website\",\"url\":\"https:\\\/\\\/bseendustriyel.com\\\/\",\"name\":\"BSE Endusriyel Tedarik\",\"description\":\"\",\"potentialAction\":[{\"@type\":\"SearchAction\",\"target\":{\"@type\":\"EntryPoint\",\"urlTemplate\":\"https:\\\/\\\/bseendustriyel.com\\\/?s={search_term_string}\"},\"query-input\":{\"@type\":\"PropertyValueSpecification\",\"valueRequired\":true,\"valueName\":\"search_term_string\"}}],\"inLanguage\":\"tr\"}]}<\/script>\n<!-- \/ Yoast SEO Premium plugin. -->","yoast_head_json":{"title":"Du\u015f Jeli, Ye\u015fil \u00c7ay - BSE Endusriyel Tedarik","description":"Kremsi k\u00f6p\u00fckl\u00fc du\u015f jeli \u2014 ye\u015fil \u00e7ay aromal\u0131. Cilt nemini korurken v\u00fccudu nazik\u00e7e temizler; banyo sonras\u0131 cildi yumu\u015fak ve ho\u015f kokulu b\u0131rak\u0131r. Eko-Kim'den sip...","robots":{"index":"index","follow":"follow","max-snippet":"max-snippet:-1","max-image-preview":"max-image-preview:large","max-video-preview":"max-video-preview:-1"},"canonical":"https:\/\/bseendustriyel.com\/?product=dus-jeli-yesil-cay","og_locale":"tr_TR","og_type":"article","og_title":"Du\u015f Jeli, Ye\u015fil \u00c7ay","og_description":"Kremsi k\u00f6p\u00fckl\u00fc du\u015f jeli \u2014 ye\u015fil \u00e7ay aromal\u0131. Cilt nemini korurken v\u00fccudu nazik\u00e7e temizler; banyo sonras\u0131 cildi yumu\u015fak ve ho\u015f kokulu b\u0131rak\u0131r. Eko-Kim'den sip...","og_url":"https:\/\/bseendustriyel.com\/?product=dus-jeli-yesil-cay","og_site_name":"BSE Endusriyel Tedarik","article_modified_time":"2026-03-16T19:43:48+00:00","og_image":[{"width":450,"height":450,"url":"https:\/\/bseendustriyel.com\/wp-content\/uploads\/2026\/03\/cortex-88-dus-jeli-yesil-cay-300ml.jpg","type":"image\/jpeg"}],"twitter_card":"summary_large_image","schema":{"@context":"https:\/\/schema.org","@graph":[{"@type":"WebPage","@id":"https:\/\/bseendustriyel.com\/?product=dus-jeli-yesil-cay","url":"https:\/\/bseendustriyel.com\/?product=dus-jeli-yesil-cay","name":"Du\u015f Jeli, Ye\u015fil \u00c7ay - BSE Endusriyel Tedarik","isPartOf":{"@id":"https:\/\/bseendustriyel.com\/#website"},"primaryImageOfPage":{"@id":"https:\/\/bseendustriyel.com\/?product=dus-jeli-yesil-cay#primaryimage"},"image":{"@id":"https:\/\/bseendustriyel.com\/?product=dus-jeli-yesil-cay#primaryimage"},"thumbnailUrl":"https:\/\/bseendustriyel.com\/wp-content\/uploads\/2026\/03\/cortex-88-dus-jeli-yesil-cay-300ml.jpg","datePublished":"2026-03-16T14:08:13+00:00","dateModified":"2026-03-16T19:43:48+00:00","description":"Kremsi k\u00f6p\u00fckl\u00fc du\u015f jeli \u2014 ye\u015fil \u00e7ay aromal\u0131. Cilt nemini korurken v\u00fccudu nazik\u00e7e temizler; banyo sonras\u0131 cildi yumu\u015fak ve ho\u015f kokulu b\u0131rak\u0131r. Eko-Kim'den sip...","breadcrumb":{"@id":"https:\/\/bseendustriyel.com\/?product=dus-jeli-yesil-cay#breadcrumb"},"inLanguage":"tr","potentialAction":[{"@type":"ReadAction","target":["https:\/\/bseendustriyel.com\/?product=dus-jeli-yesil-cay"]}]},{"@type":"ImageObject","inLanguage":"tr","@id":"https:\/\/bseendustriyel.com\/?product=dus-jeli-yesil-cay#primaryimage","url":"https:\/\/bseendustriyel.com\/wp-content\/uploads\/2026\/03\/cortex-88-dus-jeli-yesil-cay-300ml.jpg","contentUrl":"https:\/\/bseendustriyel.com\/wp-content\/uploads\/2026\/03\/cortex-88-dus-jeli-yesil-cay-300ml.jpg","width":450,"height":450},{"@type":"BreadcrumbList","@id":"https:\/\/bseendustriyel.com\/?product=dus-jeli-yesil-cay#breadcrumb","itemListElement":[{"@type":"ListItem","position":1,"name":"Anasayfa","item":"https:\/\/bseendustriyel.com\/"},{"@type":"ListItem","position":2,"name":"Shop","item":"https:\/\/bseendustriyel.com\/?page_id=24"},{"@type":"ListItem","position":3,"name":"Du\u015f Jeli, Ye\u015fil \u00c7ay"}]},{"@type":"WebSite","@id":"https:\/\/bseendustriyel.com\/#website","url":"https:\/\/bseendustriyel.com\/","name":"BSE Endusriyel Tedarik","description":"","potentialAction":[{"@type":"SearchAction","target":{"@type":"EntryPoint","urlTemplate":"https:\/\/bseendustriyel.com\/?s={search_term_string}"},"query-input":{"@type":"PropertyValueSpecification","valueRequired":true,"valueName":"search_term_string"}}],"inLanguage":"tr"}]}},"_links":{"self":[{"href":"https:\/\/bseendustriyel.com\/index.php?rest_route=\/wp\/v2\/product\/799","targetHints":{"allow":["GET"]}}],"collection":[{"href":"https:\/\/bseendustriyel.com\/index.php?rest_route=\/wp\/v2\/product"}],"about":[{"href":"https:\/\/bseendustriyel.com\/index.php?rest_route=\/wp\/v2\/types\/product"}],"replies":[{"embeddable":true,"href":"https:\/\/bseendustriyel.com\/index.php?rest_route=%2Fwp%2Fv2%2Fcomments&post=799"}],"wp:featuredmedia":[{"embeddable":true,"href":"https:\/\/bseendustriyel.com\/index.php?rest_route=\/wp\/v2\/media\/381"}],"wp:attachment":[{"href":"https:\/\/bseendustriyel.com\/index.php?rest_route=%2Fwp%2Fv2%2Fmedia&parent=799"}],"wp:term":[{"taxonomy":"product_brand","embeddable":true,"href":"https:\/\/bseendustriyel.com\/index.php?rest_route=%2Fwp%2Fv2%2Fproduct_brand&post=799"},{"taxonomy":"product_cat","embeddable":true,"href":"https:\/\/bseendustriyel.com\/index.php?rest_route=%2Fwp%2Fv2%2Fproduct_cat&post=799"},{"taxonomy":"product_tag","embeddable":true,"href":"https:\/\/bseendustriyel.com\/index.php?rest_route=%2Fwp%2Fv2%2Fproduct_tag&post=799"}],"curies":[{"name":"wp","href":"https:\/\/api.w.org\/{rel}","templated":true}]}}