{"id":804,"date":"2026-03-16T14:08:13","date_gmt":"2026-03-16T14:08:13","guid":{"rendered":"https:\/\/bseendustriyel.com\/product\/kremli-sampuan-2in1-kepekli-saclar\/"},"modified":"2026-03-16T19:43:51","modified_gmt":"2026-03-16T19:43:51","slug":"kremli-sampuan-2in1-kepekli-saclar","status":"publish","type":"product","link":"https:\/\/bseendustriyel.com\/?product=kremli-sampuan-2in1-kepekli-saclar","title":{"rendered":"Kremli \u015eampuan 2in1, Kepekli Sa\u00e7lar"},"content":{"rendered":"<p>2-in-1 kremli \u015fampuan kepekli sa\u00e7lar i\u00e7in. Hem \u015fampuan hem krem \u00f6zellikleri tek \u00fcr\u00fcnde; sa\u00e7\u0131 temizler, nemlendirir ve \u015fekillendirmeyi kolayla\u015ft\u0131r\u0131r.<\/p>\n<p>250ml, 400ml, 750ml<\/p>\n","protected":false},"excerpt":{"rendered":"<p>2-in-1 kremli \u015fampuan kepekli sa\u00e7lar i\u00e7in. Hem \u015fampuan hem krem \u00f6zellikleri tek \u00fcr\u00fcnde; sa\u00e7\u0131 temizler, nemlendirir ve \u015fekillendirmeyi kolayla\u015ft\u0131r\u0131r.<\/p>\n","protected":false},"featured_media":391,"comment_status":"closed","ping_status":"open","template":"","meta":[],"product_brand":[],"product_cat":[207,208,44],"product_tag":[],"class_list":{"0":"post-804","1":"product","2":"type-product","3":"status-publish","4":"has-post-thumbnail","6":"product_cat-cortex","7":"product_cat-kisisel-hijyen-bakim-cortex","8":"product_cat-temizlik-kimyasallari","10":"first","11":"instock","12":"product-type-simple"},"yoast_head":"<!-- This site is optimized with the Yoast SEO Premium plugin v27.1 (Yoast SEO v27.4) - https:\/\/yoast.com\/product\/yoast-seo-premium-wordpress\/ -->\n<title>Kremli \u015eampuan 2in1, Kepekli Sa\u00e7lar - BSE Endusriyel Tedarik<\/title>\n<meta name=\"description\" content=\"2-in-1 kremli \u015fampuan kepekli sa\u00e7lar i\u00e7in. Hem \u015fampuan hem krem \u00f6zellikleri tek \u00fcr\u00fcnde; sa\u00e7\u0131 temizler, nemlendirir ve \u015fekillendirmeyi kolayla\u015ft\u0131r\u0131r. Eko-Kim&#039;...\" \/>\n<meta name=\"robots\" content=\"index, follow, max-snippet:-1, max-image-preview:large, max-video-preview:-1\" \/>\n<link rel=\"canonical\" href=\"https:\/\/bseendustriyel.com\/?product=kremli-sampuan-2in1-kepekli-saclar\" \/>\n<meta property=\"og:locale\" content=\"tr_TR\" \/>\n<meta property=\"og:type\" content=\"article\" \/>\n<meta property=\"og:title\" content=\"Kremli \u015eampuan 2in1, Kepekli Sa\u00e7lar\" \/>\n<meta property=\"og:description\" content=\"2-in-1 kremli \u015fampuan kepekli sa\u00e7lar i\u00e7in. Hem \u015fampuan hem krem \u00f6zellikleri tek \u00fcr\u00fcnde; sa\u00e7\u0131 temizler, nemlendirir ve \u015fekillendirmeyi kolayla\u015ft\u0131r\u0131r. Eko-Kim&#039;...\" \/>\n<meta property=\"og:url\" content=\"https:\/\/bseendustriyel.com\/?product=kremli-sampuan-2in1-kepekli-saclar\" \/>\n<meta property=\"og:site_name\" content=\"BSE Endusriyel Tedarik\" \/>\n<meta property=\"article:modified_time\" content=\"2026-03-16T19:43:51+00:00\" \/>\n<meta property=\"og:image\" content=\"https:\/\/bseendustriyel.com\/wp-content\/uploads\/2026\/03\/cortex-71-kremli-sampuan-2in1-kepekli-saclar-200ml.jpg\" \/>\n\t<meta property=\"og:image:width\" content=\"450\" \/>\n\t<meta property=\"og:image:height\" content=\"450\" \/>\n\t<meta property=\"og:image:type\" content=\"image\/jpeg\" \/>\n<meta name=\"twitter:card\" content=\"summary_large_image\" \/>\n<script type=\"application\/ld+json\" class=\"yoast-schema-graph\">{\"@context\":\"https:\\\/\\\/schema.org\",\"@graph\":[{\"@type\":\"WebPage\",\"@id\":\"https:\\\/\\\/bseendustriyel.com\\\/?product=kremli-sampuan-2in1-kepekli-saclar\",\"url\":\"https:\\\/\\\/bseendustriyel.com\\\/?product=kremli-sampuan-2in1-kepekli-saclar\",\"name\":\"Kremli \u015eampuan 2in1, Kepekli Sa\u00e7lar - BSE Endusriyel Tedarik\",\"isPartOf\":{\"@id\":\"https:\\\/\\\/bseendustriyel.com\\\/#website\"},\"primaryImageOfPage\":{\"@id\":\"https:\\\/\\\/bseendustriyel.com\\\/?product=kremli-sampuan-2in1-kepekli-saclar#primaryimage\"},\"image\":{\"@id\":\"https:\\\/\\\/bseendustriyel.com\\\/?product=kremli-sampuan-2in1-kepekli-saclar#primaryimage\"},\"thumbnailUrl\":\"https:\\\/\\\/bseendustriyel.com\\\/wp-content\\\/uploads\\\/2026\\\/03\\\/cortex-71-kremli-sampuan-2in1-kepekli-saclar-200ml.jpg\",\"datePublished\":\"2026-03-16T14:08:13+00:00\",\"dateModified\":\"2026-03-16T19:43:51+00:00\",\"description\":\"2-in-1 kremli \u015fampuan kepekli sa\u00e7lar i\u00e7in. Hem \u015fampuan hem krem \u00f6zellikleri tek \u00fcr\u00fcnde; sa\u00e7\u0131 temizler, nemlendirir ve \u015fekillendirmeyi kolayla\u015ft\u0131r\u0131r. Eko-Kim'...\",\"breadcrumb\":{\"@id\":\"https:\\\/\\\/bseendustriyel.com\\\/?product=kremli-sampuan-2in1-kepekli-saclar#breadcrumb\"},\"inLanguage\":\"tr\",\"potentialAction\":[{\"@type\":\"ReadAction\",\"target\":[\"https:\\\/\\\/bseendustriyel.com\\\/?product=kremli-sampuan-2in1-kepekli-saclar\"]}]},{\"@type\":\"ImageObject\",\"inLanguage\":\"tr\",\"@id\":\"https:\\\/\\\/bseendustriyel.com\\\/?product=kremli-sampuan-2in1-kepekli-saclar#primaryimage\",\"url\":\"https:\\\/\\\/bseendustriyel.com\\\/wp-content\\\/uploads\\\/2026\\\/03\\\/cortex-71-kremli-sampuan-2in1-kepekli-saclar-200ml.jpg\",\"contentUrl\":\"https:\\\/\\\/bseendustriyel.com\\\/wp-content\\\/uploads\\\/2026\\\/03\\\/cortex-71-kremli-sampuan-2in1-kepekli-saclar-200ml.jpg\",\"width\":450,\"height\":450},{\"@type\":\"BreadcrumbList\",\"@id\":\"https:\\\/\\\/bseendustriyel.com\\\/?product=kremli-sampuan-2in1-kepekli-saclar#breadcrumb\",\"itemListElement\":[{\"@type\":\"ListItem\",\"position\":1,\"name\":\"Anasayfa\",\"item\":\"https:\\\/\\\/bseendustriyel.com\\\/\"},{\"@type\":\"ListItem\",\"position\":2,\"name\":\"Shop\",\"item\":\"https:\\\/\\\/bseendustriyel.com\\\/?page_id=24\"},{\"@type\":\"ListItem\",\"position\":3,\"name\":\"Kremli \u015eampuan 2in1, Kepekli Sa\u00e7lar\"}]},{\"@type\":\"WebSite\",\"@id\":\"https:\\\/\\\/bseendustriyel.com\\\/#website\",\"url\":\"https:\\\/\\\/bseendustriyel.com\\\/\",\"name\":\"BSE Endusriyel Tedarik\",\"description\":\"\",\"potentialAction\":[{\"@type\":\"SearchAction\",\"target\":{\"@type\":\"EntryPoint\",\"urlTemplate\":\"https:\\\/\\\/bseendustriyel.com\\\/?s={search_term_string}\"},\"query-input\":{\"@type\":\"PropertyValueSpecification\",\"valueRequired\":true,\"valueName\":\"search_term_string\"}}],\"inLanguage\":\"tr\"}]}<\/script>\n<!-- \/ Yoast SEO Premium plugin. -->","yoast_head_json":{"title":"Kremli \u015eampuan 2in1, Kepekli Sa\u00e7lar - BSE Endusriyel Tedarik","description":"2-in-1 kremli \u015fampuan kepekli sa\u00e7lar i\u00e7in. Hem \u015fampuan hem krem \u00f6zellikleri tek \u00fcr\u00fcnde; sa\u00e7\u0131 temizler, nemlendirir ve \u015fekillendirmeyi kolayla\u015ft\u0131r\u0131r. Eko-Kim'...","robots":{"index":"index","follow":"follow","max-snippet":"max-snippet:-1","max-image-preview":"max-image-preview:large","max-video-preview":"max-video-preview:-1"},"canonical":"https:\/\/bseendustriyel.com\/?product=kremli-sampuan-2in1-kepekli-saclar","og_locale":"tr_TR","og_type":"article","og_title":"Kremli \u015eampuan 2in1, Kepekli Sa\u00e7lar","og_description":"2-in-1 kremli \u015fampuan kepekli sa\u00e7lar i\u00e7in. Hem \u015fampuan hem krem \u00f6zellikleri tek \u00fcr\u00fcnde; sa\u00e7\u0131 temizler, nemlendirir ve \u015fekillendirmeyi kolayla\u015ft\u0131r\u0131r. Eko-Kim'...","og_url":"https:\/\/bseendustriyel.com\/?product=kremli-sampuan-2in1-kepekli-saclar","og_site_name":"BSE Endusriyel Tedarik","article_modified_time":"2026-03-16T19:43:51+00:00","og_image":[{"width":450,"height":450,"url":"https:\/\/bseendustriyel.com\/wp-content\/uploads\/2026\/03\/cortex-71-kremli-sampuan-2in1-kepekli-saclar-200ml.jpg","type":"image\/jpeg"}],"twitter_card":"summary_large_image","schema":{"@context":"https:\/\/schema.org","@graph":[{"@type":"WebPage","@id":"https:\/\/bseendustriyel.com\/?product=kremli-sampuan-2in1-kepekli-saclar","url":"https:\/\/bseendustriyel.com\/?product=kremli-sampuan-2in1-kepekli-saclar","name":"Kremli \u015eampuan 2in1, Kepekli Sa\u00e7lar - BSE Endusriyel Tedarik","isPartOf":{"@id":"https:\/\/bseendustriyel.com\/#website"},"primaryImageOfPage":{"@id":"https:\/\/bseendustriyel.com\/?product=kremli-sampuan-2in1-kepekli-saclar#primaryimage"},"image":{"@id":"https:\/\/bseendustriyel.com\/?product=kremli-sampuan-2in1-kepekli-saclar#primaryimage"},"thumbnailUrl":"https:\/\/bseendustriyel.com\/wp-content\/uploads\/2026\/03\/cortex-71-kremli-sampuan-2in1-kepekli-saclar-200ml.jpg","datePublished":"2026-03-16T14:08:13+00:00","dateModified":"2026-03-16T19:43:51+00:00","description":"2-in-1 kremli \u015fampuan kepekli sa\u00e7lar i\u00e7in. Hem \u015fampuan hem krem \u00f6zellikleri tek \u00fcr\u00fcnde; sa\u00e7\u0131 temizler, nemlendirir ve \u015fekillendirmeyi kolayla\u015ft\u0131r\u0131r. Eko-Kim'...","breadcrumb":{"@id":"https:\/\/bseendustriyel.com\/?product=kremli-sampuan-2in1-kepekli-saclar#breadcrumb"},"inLanguage":"tr","potentialAction":[{"@type":"ReadAction","target":["https:\/\/bseendustriyel.com\/?product=kremli-sampuan-2in1-kepekli-saclar"]}]},{"@type":"ImageObject","inLanguage":"tr","@id":"https:\/\/bseendustriyel.com\/?product=kremli-sampuan-2in1-kepekli-saclar#primaryimage","url":"https:\/\/bseendustriyel.com\/wp-content\/uploads\/2026\/03\/cortex-71-kremli-sampuan-2in1-kepekli-saclar-200ml.jpg","contentUrl":"https:\/\/bseendustriyel.com\/wp-content\/uploads\/2026\/03\/cortex-71-kremli-sampuan-2in1-kepekli-saclar-200ml.jpg","width":450,"height":450},{"@type":"BreadcrumbList","@id":"https:\/\/bseendustriyel.com\/?product=kremli-sampuan-2in1-kepekli-saclar#breadcrumb","itemListElement":[{"@type":"ListItem","position":1,"name":"Anasayfa","item":"https:\/\/bseendustriyel.com\/"},{"@type":"ListItem","position":2,"name":"Shop","item":"https:\/\/bseendustriyel.com\/?page_id=24"},{"@type":"ListItem","position":3,"name":"Kremli \u015eampuan 2in1, Kepekli Sa\u00e7lar"}]},{"@type":"WebSite","@id":"https:\/\/bseendustriyel.com\/#website","url":"https:\/\/bseendustriyel.com\/","name":"BSE Endusriyel Tedarik","description":"","potentialAction":[{"@type":"SearchAction","target":{"@type":"EntryPoint","urlTemplate":"https:\/\/bseendustriyel.com\/?s={search_term_string}"},"query-input":{"@type":"PropertyValueSpecification","valueRequired":true,"valueName":"search_term_string"}}],"inLanguage":"tr"}]}},"_links":{"self":[{"href":"https:\/\/bseendustriyel.com\/index.php?rest_route=\/wp\/v2\/product\/804","targetHints":{"allow":["GET"]}}],"collection":[{"href":"https:\/\/bseendustriyel.com\/index.php?rest_route=\/wp\/v2\/product"}],"about":[{"href":"https:\/\/bseendustriyel.com\/index.php?rest_route=\/wp\/v2\/types\/product"}],"replies":[{"embeddable":true,"href":"https:\/\/bseendustriyel.com\/index.php?rest_route=%2Fwp%2Fv2%2Fcomments&post=804"}],"wp:featuredmedia":[{"embeddable":true,"href":"https:\/\/bseendustriyel.com\/index.php?rest_route=\/wp\/v2\/media\/391"}],"wp:attachment":[{"href":"https:\/\/bseendustriyel.com\/index.php?rest_route=%2Fwp%2Fv2%2Fmedia&parent=804"}],"wp:term":[{"taxonomy":"product_brand","embeddable":true,"href":"https:\/\/bseendustriyel.com\/index.php?rest_route=%2Fwp%2Fv2%2Fproduct_brand&post=804"},{"taxonomy":"product_cat","embeddable":true,"href":"https:\/\/bseendustriyel.com\/index.php?rest_route=%2Fwp%2Fv2%2Fproduct_cat&post=804"},{"taxonomy":"product_tag","embeddable":true,"href":"https:\/\/bseendustriyel.com\/index.php?rest_route=%2Fwp%2Fv2%2Fproduct_tag&post=804"}],"curies":[{"name":"wp","href":"https:\/\/api.w.org\/{rel}","templated":true}]}}