{"id":827,"date":"2026-03-16T14:08:34","date_gmt":"2026-03-16T14:08:34","guid":{"rendered":"https:\/\/bseendustriyel.com\/product\/sivi-bulasik-deterjani-portakal\/"},"modified":"2026-03-16T19:44:07","modified_gmt":"2026-03-16T19:44:07","slug":"sivi-bulasik-deterjani-portakal","status":"publish","type":"product","link":"https:\/\/bseendustriyel.com\/?product=sivi-bulasik-deterjani-portakal","title":{"rendered":"S\u0131v\u0131 Bula\u015f\u0131k Deterjan\u0131, Portakal"},"content":{"rendered":"<p>S\u0131v\u0131 elde bula\u015f\u0131k deterjan\u0131 \u2014 portakal kokulu. Ya\u011f ve g\u0131da art\u0131klar\u0131n\u0131 bol k\u00f6p\u00fc\u011f\u00fcyle par\u00e7alar; ellere nazik form\u00fcl\u00fcyle uzun s\u00fcreli kullan\u0131mda cilt b\u00fct\u00fcnl\u00fc\u011f\u00fcn\u00fc korur.<\/p>\n<p>500ml, 750ml, 2500ml, 4000ml, 5000ml<\/p>\n","protected":false},"excerpt":{"rendered":"<p>S\u0131v\u0131 elde bula\u015f\u0131k deterjan\u0131 \u2014 portakal kokulu. Ya\u011f ve g\u0131da art\u0131klar\u0131n\u0131 bol k\u00f6p\u00fc\u011f\u00fcyle par\u00e7alar; ellere nazik form\u00fcl\u00fcyle uzun s\u00fcreli kullan\u0131mda cilt b\u00fct\u00fcnl\u00fc\u011f\u00fcn\u00fc korur.<\/p>\n","protected":false},"featured_media":435,"comment_status":"closed","ping_status":"open","template":"","meta":[],"product_brand":[],"product_cat":[209,207,44],"product_tag":[],"class_list":{"0":"post-827","1":"product","2":"type-product","3":"status-publish","4":"has-post-thumbnail","6":"product_cat-bulasik-hijyen-bakimi","7":"product_cat-cortex","8":"product_cat-temizlik-kimyasallari","10":"first","11":"instock","12":"product-type-simple"},"yoast_head":"<!-- This site is optimized with the Yoast SEO Premium plugin v27.1 (Yoast SEO v27.4) - https:\/\/yoast.com\/product\/yoast-seo-premium-wordpress\/ -->\n<title>S\u0131v\u0131 Bula\u015f\u0131k Deterjan\u0131, Portakal - BSE Endusriyel Tedarik<\/title>\n<meta name=\"description\" content=\"S\u0131v\u0131 elde bula\u015f\u0131k deterjan\u0131 \u2014 portakal kokulu. Ya\u011f ve g\u0131da art\u0131klar\u0131n\u0131 bol k\u00f6p\u00fc\u011f\u00fcyle par\u00e7alar; ellere nazik form\u00fcl\u00fcyle uzun s\u00fcreli kullan\u0131mda cilt b\u00fct\u00fcnl\u00fc\u011f\u00fcn...\" \/>\n<meta name=\"robots\" content=\"index, follow, max-snippet:-1, max-image-preview:large, max-video-preview:-1\" \/>\n<link rel=\"canonical\" href=\"https:\/\/bseendustriyel.com\/?product=sivi-bulasik-deterjani-portakal\" \/>\n<meta property=\"og:locale\" content=\"tr_TR\" \/>\n<meta property=\"og:type\" content=\"article\" \/>\n<meta property=\"og:title\" content=\"S\u0131v\u0131 Bula\u015f\u0131k Deterjan\u0131, Portakal\" \/>\n<meta property=\"og:description\" content=\"S\u0131v\u0131 elde bula\u015f\u0131k deterjan\u0131 \u2014 portakal kokulu. Ya\u011f ve g\u0131da art\u0131klar\u0131n\u0131 bol k\u00f6p\u00fc\u011f\u00fcyle par\u00e7alar; ellere nazik form\u00fcl\u00fcyle uzun s\u00fcreli kullan\u0131mda cilt b\u00fct\u00fcnl\u00fc\u011f\u00fcn...\" \/>\n<meta property=\"og:url\" content=\"https:\/\/bseendustriyel.com\/?product=sivi-bulasik-deterjani-portakal\" \/>\n<meta property=\"og:site_name\" content=\"BSE Endusriyel Tedarik\" \/>\n<meta property=\"article:modified_time\" content=\"2026-03-16T19:44:07+00:00\" \/>\n<meta property=\"og:image\" content=\"https:\/\/bseendustriyel.com\/wp-content\/uploads\/2026\/03\/cortex-135-sivi-bulasik-deterjani-portakal-500ml.jpg\" \/>\n\t<meta property=\"og:image:width\" content=\"450\" \/>\n\t<meta property=\"og:image:height\" content=\"450\" \/>\n\t<meta property=\"og:image:type\" content=\"image\/jpeg\" \/>\n<meta name=\"twitter:card\" content=\"summary_large_image\" \/>\n<script type=\"application\/ld+json\" class=\"yoast-schema-graph\">{\"@context\":\"https:\\\/\\\/schema.org\",\"@graph\":[{\"@type\":\"WebPage\",\"@id\":\"https:\\\/\\\/bseendustriyel.com\\\/?product=sivi-bulasik-deterjani-portakal\",\"url\":\"https:\\\/\\\/bseendustriyel.com\\\/?product=sivi-bulasik-deterjani-portakal\",\"name\":\"S\u0131v\u0131 Bula\u015f\u0131k Deterjan\u0131, Portakal - BSE Endusriyel Tedarik\",\"isPartOf\":{\"@id\":\"https:\\\/\\\/bseendustriyel.com\\\/#website\"},\"primaryImageOfPage\":{\"@id\":\"https:\\\/\\\/bseendustriyel.com\\\/?product=sivi-bulasik-deterjani-portakal#primaryimage\"},\"image\":{\"@id\":\"https:\\\/\\\/bseendustriyel.com\\\/?product=sivi-bulasik-deterjani-portakal#primaryimage\"},\"thumbnailUrl\":\"https:\\\/\\\/bseendustriyel.com\\\/wp-content\\\/uploads\\\/2026\\\/03\\\/cortex-135-sivi-bulasik-deterjani-portakal-500ml.jpg\",\"datePublished\":\"2026-03-16T14:08:34+00:00\",\"dateModified\":\"2026-03-16T19:44:07+00:00\",\"description\":\"S\u0131v\u0131 elde bula\u015f\u0131k deterjan\u0131 \u2014 portakal kokulu. Ya\u011f ve g\u0131da art\u0131klar\u0131n\u0131 bol k\u00f6p\u00fc\u011f\u00fcyle par\u00e7alar; ellere nazik form\u00fcl\u00fcyle uzun s\u00fcreli kullan\u0131mda cilt b\u00fct\u00fcnl\u00fc\u011f\u00fcn...\",\"breadcrumb\":{\"@id\":\"https:\\\/\\\/bseendustriyel.com\\\/?product=sivi-bulasik-deterjani-portakal#breadcrumb\"},\"inLanguage\":\"tr\",\"potentialAction\":[{\"@type\":\"ReadAction\",\"target\":[\"https:\\\/\\\/bseendustriyel.com\\\/?product=sivi-bulasik-deterjani-portakal\"]}]},{\"@type\":\"ImageObject\",\"inLanguage\":\"tr\",\"@id\":\"https:\\\/\\\/bseendustriyel.com\\\/?product=sivi-bulasik-deterjani-portakal#primaryimage\",\"url\":\"https:\\\/\\\/bseendustriyel.com\\\/wp-content\\\/uploads\\\/2026\\\/03\\\/cortex-135-sivi-bulasik-deterjani-portakal-500ml.jpg\",\"contentUrl\":\"https:\\\/\\\/bseendustriyel.com\\\/wp-content\\\/uploads\\\/2026\\\/03\\\/cortex-135-sivi-bulasik-deterjani-portakal-500ml.jpg\",\"width\":450,\"height\":450},{\"@type\":\"BreadcrumbList\",\"@id\":\"https:\\\/\\\/bseendustriyel.com\\\/?product=sivi-bulasik-deterjani-portakal#breadcrumb\",\"itemListElement\":[{\"@type\":\"ListItem\",\"position\":1,\"name\":\"Anasayfa\",\"item\":\"https:\\\/\\\/bseendustriyel.com\\\/\"},{\"@type\":\"ListItem\",\"position\":2,\"name\":\"Shop\",\"item\":\"https:\\\/\\\/bseendustriyel.com\\\/?page_id=24\"},{\"@type\":\"ListItem\",\"position\":3,\"name\":\"S\u0131v\u0131 Bula\u015f\u0131k Deterjan\u0131, Portakal\"}]},{\"@type\":\"WebSite\",\"@id\":\"https:\\\/\\\/bseendustriyel.com\\\/#website\",\"url\":\"https:\\\/\\\/bseendustriyel.com\\\/\",\"name\":\"BSE Endusriyel Tedarik\",\"description\":\"\",\"potentialAction\":[{\"@type\":\"SearchAction\",\"target\":{\"@type\":\"EntryPoint\",\"urlTemplate\":\"https:\\\/\\\/bseendustriyel.com\\\/?s={search_term_string}\"},\"query-input\":{\"@type\":\"PropertyValueSpecification\",\"valueRequired\":true,\"valueName\":\"search_term_string\"}}],\"inLanguage\":\"tr\"}]}<\/script>\n<!-- \/ Yoast SEO Premium plugin. -->","yoast_head_json":{"title":"S\u0131v\u0131 Bula\u015f\u0131k Deterjan\u0131, Portakal - BSE Endusriyel Tedarik","description":"S\u0131v\u0131 elde bula\u015f\u0131k deterjan\u0131 \u2014 portakal kokulu. Ya\u011f ve g\u0131da art\u0131klar\u0131n\u0131 bol k\u00f6p\u00fc\u011f\u00fcyle par\u00e7alar; ellere nazik form\u00fcl\u00fcyle uzun s\u00fcreli kullan\u0131mda cilt b\u00fct\u00fcnl\u00fc\u011f\u00fcn...","robots":{"index":"index","follow":"follow","max-snippet":"max-snippet:-1","max-image-preview":"max-image-preview:large","max-video-preview":"max-video-preview:-1"},"canonical":"https:\/\/bseendustriyel.com\/?product=sivi-bulasik-deterjani-portakal","og_locale":"tr_TR","og_type":"article","og_title":"S\u0131v\u0131 Bula\u015f\u0131k Deterjan\u0131, Portakal","og_description":"S\u0131v\u0131 elde bula\u015f\u0131k deterjan\u0131 \u2014 portakal kokulu. Ya\u011f ve g\u0131da art\u0131klar\u0131n\u0131 bol k\u00f6p\u00fc\u011f\u00fcyle par\u00e7alar; ellere nazik form\u00fcl\u00fcyle uzun s\u00fcreli kullan\u0131mda cilt b\u00fct\u00fcnl\u00fc\u011f\u00fcn...","og_url":"https:\/\/bseendustriyel.com\/?product=sivi-bulasik-deterjani-portakal","og_site_name":"BSE Endusriyel Tedarik","article_modified_time":"2026-03-16T19:44:07+00:00","og_image":[{"width":450,"height":450,"url":"https:\/\/bseendustriyel.com\/wp-content\/uploads\/2026\/03\/cortex-135-sivi-bulasik-deterjani-portakal-500ml.jpg","type":"image\/jpeg"}],"twitter_card":"summary_large_image","schema":{"@context":"https:\/\/schema.org","@graph":[{"@type":"WebPage","@id":"https:\/\/bseendustriyel.com\/?product=sivi-bulasik-deterjani-portakal","url":"https:\/\/bseendustriyel.com\/?product=sivi-bulasik-deterjani-portakal","name":"S\u0131v\u0131 Bula\u015f\u0131k Deterjan\u0131, Portakal - BSE Endusriyel Tedarik","isPartOf":{"@id":"https:\/\/bseendustriyel.com\/#website"},"primaryImageOfPage":{"@id":"https:\/\/bseendustriyel.com\/?product=sivi-bulasik-deterjani-portakal#primaryimage"},"image":{"@id":"https:\/\/bseendustriyel.com\/?product=sivi-bulasik-deterjani-portakal#primaryimage"},"thumbnailUrl":"https:\/\/bseendustriyel.com\/wp-content\/uploads\/2026\/03\/cortex-135-sivi-bulasik-deterjani-portakal-500ml.jpg","datePublished":"2026-03-16T14:08:34+00:00","dateModified":"2026-03-16T19:44:07+00:00","description":"S\u0131v\u0131 elde bula\u015f\u0131k deterjan\u0131 \u2014 portakal kokulu. Ya\u011f ve g\u0131da art\u0131klar\u0131n\u0131 bol k\u00f6p\u00fc\u011f\u00fcyle par\u00e7alar; ellere nazik form\u00fcl\u00fcyle uzun s\u00fcreli kullan\u0131mda cilt b\u00fct\u00fcnl\u00fc\u011f\u00fcn...","breadcrumb":{"@id":"https:\/\/bseendustriyel.com\/?product=sivi-bulasik-deterjani-portakal#breadcrumb"},"inLanguage":"tr","potentialAction":[{"@type":"ReadAction","target":["https:\/\/bseendustriyel.com\/?product=sivi-bulasik-deterjani-portakal"]}]},{"@type":"ImageObject","inLanguage":"tr","@id":"https:\/\/bseendustriyel.com\/?product=sivi-bulasik-deterjani-portakal#primaryimage","url":"https:\/\/bseendustriyel.com\/wp-content\/uploads\/2026\/03\/cortex-135-sivi-bulasik-deterjani-portakal-500ml.jpg","contentUrl":"https:\/\/bseendustriyel.com\/wp-content\/uploads\/2026\/03\/cortex-135-sivi-bulasik-deterjani-portakal-500ml.jpg","width":450,"height":450},{"@type":"BreadcrumbList","@id":"https:\/\/bseendustriyel.com\/?product=sivi-bulasik-deterjani-portakal#breadcrumb","itemListElement":[{"@type":"ListItem","position":1,"name":"Anasayfa","item":"https:\/\/bseendustriyel.com\/"},{"@type":"ListItem","position":2,"name":"Shop","item":"https:\/\/bseendustriyel.com\/?page_id=24"},{"@type":"ListItem","position":3,"name":"S\u0131v\u0131 Bula\u015f\u0131k Deterjan\u0131, Portakal"}]},{"@type":"WebSite","@id":"https:\/\/bseendustriyel.com\/#website","url":"https:\/\/bseendustriyel.com\/","name":"BSE Endusriyel Tedarik","description":"","potentialAction":[{"@type":"SearchAction","target":{"@type":"EntryPoint","urlTemplate":"https:\/\/bseendustriyel.com\/?s={search_term_string}"},"query-input":{"@type":"PropertyValueSpecification","valueRequired":true,"valueName":"search_term_string"}}],"inLanguage":"tr"}]}},"_links":{"self":[{"href":"https:\/\/bseendustriyel.com\/index.php?rest_route=\/wp\/v2\/product\/827","targetHints":{"allow":["GET"]}}],"collection":[{"href":"https:\/\/bseendustriyel.com\/index.php?rest_route=\/wp\/v2\/product"}],"about":[{"href":"https:\/\/bseendustriyel.com\/index.php?rest_route=\/wp\/v2\/types\/product"}],"replies":[{"embeddable":true,"href":"https:\/\/bseendustriyel.com\/index.php?rest_route=%2Fwp%2Fv2%2Fcomments&post=827"}],"wp:featuredmedia":[{"embeddable":true,"href":"https:\/\/bseendustriyel.com\/index.php?rest_route=\/wp\/v2\/media\/435"}],"wp:attachment":[{"href":"https:\/\/bseendustriyel.com\/index.php?rest_route=%2Fwp%2Fv2%2Fmedia&parent=827"}],"wp:term":[{"taxonomy":"product_brand","embeddable":true,"href":"https:\/\/bseendustriyel.com\/index.php?rest_route=%2Fwp%2Fv2%2Fproduct_brand&post=827"},{"taxonomy":"product_cat","embeddable":true,"href":"https:\/\/bseendustriyel.com\/index.php?rest_route=%2Fwp%2Fv2%2Fproduct_cat&post=827"},{"taxonomy":"product_tag","embeddable":true,"href":"https:\/\/bseendustriyel.com\/index.php?rest_route=%2Fwp%2Fv2%2Fproduct_tag&post=827"}],"curies":[{"name":"wp","href":"https:\/\/api.w.org\/{rel}","templated":true}]}}