{"id":830,"date":"2026-03-16T14:08:34","date_gmt":"2026-03-16T14:08:34","guid":{"rendered":"https:\/\/bseendustriyel.com\/product\/camasir-yumusatici-taze-cicek\/"},"modified":"2026-03-16T19:44:09","modified_gmt":"2026-03-16T19:44:09","slug":"camasir-yumusatici-taze-cicek","status":"publish","type":"product","link":"https:\/\/bseendustriyel.com\/?product=camasir-yumusatici-taze-cicek","title":{"rendered":"\u00c7ama\u015f\u0131r Yumu\u015fat\u0131c\u0131, Taze \u00c7i\u00e7ek"},"content":{"rendered":"<p>\u00c7ama\u015f\u0131r yumu\u015fat\u0131c\u0131 \u2014 taze \u00e7i\u00e7ek aromal\u0131. Kuma\u015flara ipek yumu\u015fakl\u0131\u011f\u0131 katar, statik elektri\u011fi azalt\u0131r ve \u00fct\u00fclemeyi kolayla\u015ft\u0131r\u0131r; kal\u0131c\u0131 taze koku b\u0131rak\u0131r.<\/p>\n<p>1000ml, 2000ml, 2500ml, 4000ml, 5000ml<\/p>\n","protected":false},"excerpt":{"rendered":"<p>\u00c7ama\u015f\u0131r yumu\u015fat\u0131c\u0131 \u2014 taze \u00e7i\u00e7ek aromal\u0131. Kuma\u015flara ipek yumu\u015fakl\u0131\u011f\u0131 katar, statik elektri\u011fi azalt\u0131r ve \u00fct\u00fclemeyi kolayla\u015ft\u0131r\u0131r; kal\u0131c\u0131 taze koku b\u0131rak\u0131r.<\/p>\n","protected":false},"featured_media":441,"comment_status":"closed","ping_status":"open","template":"","meta":[],"product_brand":[],"product_cat":[210,207,44],"product_tag":[],"class_list":{"0":"post-830","1":"product","2":"type-product","3":"status-publish","4":"has-post-thumbnail","6":"product_cat-camasir-hijyen-bakimi","7":"product_cat-cortex","8":"product_cat-temizlik-kimyasallari","10":"first","11":"instock","12":"product-type-simple"},"yoast_head":"<!-- This site is optimized with the Yoast SEO Premium plugin v27.1 (Yoast SEO v27.4) - https:\/\/yoast.com\/product\/yoast-seo-premium-wordpress\/ -->\n<title>\u00c7ama\u015f\u0131r Yumu\u015fat\u0131c\u0131, Taze \u00c7i\u00e7ek - BSE Endusriyel Tedarik<\/title>\n<meta name=\"description\" content=\"\u00c7ama\u015f\u0131r yumu\u015fat\u0131c\u0131 \u2014 taze \u00e7i\u00e7ek aromal\u0131. Kuma\u015flara ipek yumu\u015fakl\u0131\u011f\u0131 katar, statik elektri\u011fi azalt\u0131r ve \u00fct\u00fclemeyi kolayla\u015ft\u0131r\u0131r; kal\u0131c\u0131 taze koku b\u0131rak\u0131r. Eko...\" \/>\n<meta name=\"robots\" content=\"index, follow, max-snippet:-1, max-image-preview:large, max-video-preview:-1\" \/>\n<link rel=\"canonical\" href=\"https:\/\/bseendustriyel.com\/?product=camasir-yumusatici-taze-cicek\" \/>\n<meta property=\"og:locale\" content=\"tr_TR\" \/>\n<meta property=\"og:type\" content=\"article\" \/>\n<meta property=\"og:title\" content=\"\u00c7ama\u015f\u0131r Yumu\u015fat\u0131c\u0131, Taze \u00c7i\u00e7ek\" \/>\n<meta property=\"og:description\" content=\"\u00c7ama\u015f\u0131r yumu\u015fat\u0131c\u0131 \u2014 taze \u00e7i\u00e7ek aromal\u0131. Kuma\u015flara ipek yumu\u015fakl\u0131\u011f\u0131 katar, statik elektri\u011fi azalt\u0131r ve \u00fct\u00fclemeyi kolayla\u015ft\u0131r\u0131r; kal\u0131c\u0131 taze koku b\u0131rak\u0131r. Eko...\" \/>\n<meta property=\"og:url\" content=\"https:\/\/bseendustriyel.com\/?product=camasir-yumusatici-taze-cicek\" \/>\n<meta property=\"og:site_name\" content=\"BSE Endusriyel Tedarik\" \/>\n<meta property=\"article:modified_time\" content=\"2026-03-16T19:44:09+00:00\" \/>\n<meta property=\"og:image\" content=\"https:\/\/bseendustriyel.com\/wp-content\/uploads\/2026\/03\/cortex-157-camasir-yumusatici-taze-cicek-1000ml.jpg\" \/>\n\t<meta property=\"og:image:width\" content=\"450\" \/>\n\t<meta property=\"og:image:height\" content=\"450\" \/>\n\t<meta property=\"og:image:type\" content=\"image\/jpeg\" \/>\n<meta name=\"twitter:card\" content=\"summary_large_image\" \/>\n<script type=\"application\/ld+json\" class=\"yoast-schema-graph\">{\"@context\":\"https:\\\/\\\/schema.org\",\"@graph\":[{\"@type\":\"WebPage\",\"@id\":\"https:\\\/\\\/bseendustriyel.com\\\/?product=camasir-yumusatici-taze-cicek\",\"url\":\"https:\\\/\\\/bseendustriyel.com\\\/?product=camasir-yumusatici-taze-cicek\",\"name\":\"\u00c7ama\u015f\u0131r Yumu\u015fat\u0131c\u0131, Taze \u00c7i\u00e7ek - BSE Endusriyel Tedarik\",\"isPartOf\":{\"@id\":\"https:\\\/\\\/bseendustriyel.com\\\/#website\"},\"primaryImageOfPage\":{\"@id\":\"https:\\\/\\\/bseendustriyel.com\\\/?product=camasir-yumusatici-taze-cicek#primaryimage\"},\"image\":{\"@id\":\"https:\\\/\\\/bseendustriyel.com\\\/?product=camasir-yumusatici-taze-cicek#primaryimage\"},\"thumbnailUrl\":\"https:\\\/\\\/bseendustriyel.com\\\/wp-content\\\/uploads\\\/2026\\\/03\\\/cortex-157-camasir-yumusatici-taze-cicek-1000ml.jpg\",\"datePublished\":\"2026-03-16T14:08:34+00:00\",\"dateModified\":\"2026-03-16T19:44:09+00:00\",\"description\":\"\u00c7ama\u015f\u0131r yumu\u015fat\u0131c\u0131 \u2014 taze \u00e7i\u00e7ek aromal\u0131. Kuma\u015flara ipek yumu\u015fakl\u0131\u011f\u0131 katar, statik elektri\u011fi azalt\u0131r ve \u00fct\u00fclemeyi kolayla\u015ft\u0131r\u0131r; kal\u0131c\u0131 taze koku b\u0131rak\u0131r. Eko...\",\"breadcrumb\":{\"@id\":\"https:\\\/\\\/bseendustriyel.com\\\/?product=camasir-yumusatici-taze-cicek#breadcrumb\"},\"inLanguage\":\"tr\",\"potentialAction\":[{\"@type\":\"ReadAction\",\"target\":[\"https:\\\/\\\/bseendustriyel.com\\\/?product=camasir-yumusatici-taze-cicek\"]}]},{\"@type\":\"ImageObject\",\"inLanguage\":\"tr\",\"@id\":\"https:\\\/\\\/bseendustriyel.com\\\/?product=camasir-yumusatici-taze-cicek#primaryimage\",\"url\":\"https:\\\/\\\/bseendustriyel.com\\\/wp-content\\\/uploads\\\/2026\\\/03\\\/cortex-157-camasir-yumusatici-taze-cicek-1000ml.jpg\",\"contentUrl\":\"https:\\\/\\\/bseendustriyel.com\\\/wp-content\\\/uploads\\\/2026\\\/03\\\/cortex-157-camasir-yumusatici-taze-cicek-1000ml.jpg\",\"width\":450,\"height\":450},{\"@type\":\"BreadcrumbList\",\"@id\":\"https:\\\/\\\/bseendustriyel.com\\\/?product=camasir-yumusatici-taze-cicek#breadcrumb\",\"itemListElement\":[{\"@type\":\"ListItem\",\"position\":1,\"name\":\"Anasayfa\",\"item\":\"https:\\\/\\\/bseendustriyel.com\\\/\"},{\"@type\":\"ListItem\",\"position\":2,\"name\":\"Shop\",\"item\":\"https:\\\/\\\/bseendustriyel.com\\\/?page_id=24\"},{\"@type\":\"ListItem\",\"position\":3,\"name\":\"\u00c7ama\u015f\u0131r Yumu\u015fat\u0131c\u0131, Taze \u00c7i\u00e7ek\"}]},{\"@type\":\"WebSite\",\"@id\":\"https:\\\/\\\/bseendustriyel.com\\\/#website\",\"url\":\"https:\\\/\\\/bseendustriyel.com\\\/\",\"name\":\"BSE Endusriyel Tedarik\",\"description\":\"\",\"potentialAction\":[{\"@type\":\"SearchAction\",\"target\":{\"@type\":\"EntryPoint\",\"urlTemplate\":\"https:\\\/\\\/bseendustriyel.com\\\/?s={search_term_string}\"},\"query-input\":{\"@type\":\"PropertyValueSpecification\",\"valueRequired\":true,\"valueName\":\"search_term_string\"}}],\"inLanguage\":\"tr\"}]}<\/script>\n<!-- \/ Yoast SEO Premium plugin. -->","yoast_head_json":{"title":"\u00c7ama\u015f\u0131r Yumu\u015fat\u0131c\u0131, Taze \u00c7i\u00e7ek - BSE Endusriyel Tedarik","description":"\u00c7ama\u015f\u0131r yumu\u015fat\u0131c\u0131 \u2014 taze \u00e7i\u00e7ek aromal\u0131. Kuma\u015flara ipek yumu\u015fakl\u0131\u011f\u0131 katar, statik elektri\u011fi azalt\u0131r ve \u00fct\u00fclemeyi kolayla\u015ft\u0131r\u0131r; kal\u0131c\u0131 taze koku b\u0131rak\u0131r. Eko...","robots":{"index":"index","follow":"follow","max-snippet":"max-snippet:-1","max-image-preview":"max-image-preview:large","max-video-preview":"max-video-preview:-1"},"canonical":"https:\/\/bseendustriyel.com\/?product=camasir-yumusatici-taze-cicek","og_locale":"tr_TR","og_type":"article","og_title":"\u00c7ama\u015f\u0131r Yumu\u015fat\u0131c\u0131, Taze \u00c7i\u00e7ek","og_description":"\u00c7ama\u015f\u0131r yumu\u015fat\u0131c\u0131 \u2014 taze \u00e7i\u00e7ek aromal\u0131. Kuma\u015flara ipek yumu\u015fakl\u0131\u011f\u0131 katar, statik elektri\u011fi azalt\u0131r ve \u00fct\u00fclemeyi kolayla\u015ft\u0131r\u0131r; kal\u0131c\u0131 taze koku b\u0131rak\u0131r. Eko...","og_url":"https:\/\/bseendustriyel.com\/?product=camasir-yumusatici-taze-cicek","og_site_name":"BSE Endusriyel Tedarik","article_modified_time":"2026-03-16T19:44:09+00:00","og_image":[{"width":450,"height":450,"url":"https:\/\/bseendustriyel.com\/wp-content\/uploads\/2026\/03\/cortex-157-camasir-yumusatici-taze-cicek-1000ml.jpg","type":"image\/jpeg"}],"twitter_card":"summary_large_image","schema":{"@context":"https:\/\/schema.org","@graph":[{"@type":"WebPage","@id":"https:\/\/bseendustriyel.com\/?product=camasir-yumusatici-taze-cicek","url":"https:\/\/bseendustriyel.com\/?product=camasir-yumusatici-taze-cicek","name":"\u00c7ama\u015f\u0131r Yumu\u015fat\u0131c\u0131, Taze \u00c7i\u00e7ek - BSE Endusriyel Tedarik","isPartOf":{"@id":"https:\/\/bseendustriyel.com\/#website"},"primaryImageOfPage":{"@id":"https:\/\/bseendustriyel.com\/?product=camasir-yumusatici-taze-cicek#primaryimage"},"image":{"@id":"https:\/\/bseendustriyel.com\/?product=camasir-yumusatici-taze-cicek#primaryimage"},"thumbnailUrl":"https:\/\/bseendustriyel.com\/wp-content\/uploads\/2026\/03\/cortex-157-camasir-yumusatici-taze-cicek-1000ml.jpg","datePublished":"2026-03-16T14:08:34+00:00","dateModified":"2026-03-16T19:44:09+00:00","description":"\u00c7ama\u015f\u0131r yumu\u015fat\u0131c\u0131 \u2014 taze \u00e7i\u00e7ek aromal\u0131. Kuma\u015flara ipek yumu\u015fakl\u0131\u011f\u0131 katar, statik elektri\u011fi azalt\u0131r ve \u00fct\u00fclemeyi kolayla\u015ft\u0131r\u0131r; kal\u0131c\u0131 taze koku b\u0131rak\u0131r. Eko...","breadcrumb":{"@id":"https:\/\/bseendustriyel.com\/?product=camasir-yumusatici-taze-cicek#breadcrumb"},"inLanguage":"tr","potentialAction":[{"@type":"ReadAction","target":["https:\/\/bseendustriyel.com\/?product=camasir-yumusatici-taze-cicek"]}]},{"@type":"ImageObject","inLanguage":"tr","@id":"https:\/\/bseendustriyel.com\/?product=camasir-yumusatici-taze-cicek#primaryimage","url":"https:\/\/bseendustriyel.com\/wp-content\/uploads\/2026\/03\/cortex-157-camasir-yumusatici-taze-cicek-1000ml.jpg","contentUrl":"https:\/\/bseendustriyel.com\/wp-content\/uploads\/2026\/03\/cortex-157-camasir-yumusatici-taze-cicek-1000ml.jpg","width":450,"height":450},{"@type":"BreadcrumbList","@id":"https:\/\/bseendustriyel.com\/?product=camasir-yumusatici-taze-cicek#breadcrumb","itemListElement":[{"@type":"ListItem","position":1,"name":"Anasayfa","item":"https:\/\/bseendustriyel.com\/"},{"@type":"ListItem","position":2,"name":"Shop","item":"https:\/\/bseendustriyel.com\/?page_id=24"},{"@type":"ListItem","position":3,"name":"\u00c7ama\u015f\u0131r Yumu\u015fat\u0131c\u0131, Taze \u00c7i\u00e7ek"}]},{"@type":"WebSite","@id":"https:\/\/bseendustriyel.com\/#website","url":"https:\/\/bseendustriyel.com\/","name":"BSE Endusriyel Tedarik","description":"","potentialAction":[{"@type":"SearchAction","target":{"@type":"EntryPoint","urlTemplate":"https:\/\/bseendustriyel.com\/?s={search_term_string}"},"query-input":{"@type":"PropertyValueSpecification","valueRequired":true,"valueName":"search_term_string"}}],"inLanguage":"tr"}]}},"_links":{"self":[{"href":"https:\/\/bseendustriyel.com\/index.php?rest_route=\/wp\/v2\/product\/830","targetHints":{"allow":["GET"]}}],"collection":[{"href":"https:\/\/bseendustriyel.com\/index.php?rest_route=\/wp\/v2\/product"}],"about":[{"href":"https:\/\/bseendustriyel.com\/index.php?rest_route=\/wp\/v2\/types\/product"}],"replies":[{"embeddable":true,"href":"https:\/\/bseendustriyel.com\/index.php?rest_route=%2Fwp%2Fv2%2Fcomments&post=830"}],"wp:featuredmedia":[{"embeddable":true,"href":"https:\/\/bseendustriyel.com\/index.php?rest_route=\/wp\/v2\/media\/441"}],"wp:attachment":[{"href":"https:\/\/bseendustriyel.com\/index.php?rest_route=%2Fwp%2Fv2%2Fmedia&parent=830"}],"wp:term":[{"taxonomy":"product_brand","embeddable":true,"href":"https:\/\/bseendustriyel.com\/index.php?rest_route=%2Fwp%2Fv2%2Fproduct_brand&post=830"},{"taxonomy":"product_cat","embeddable":true,"href":"https:\/\/bseendustriyel.com\/index.php?rest_route=%2Fwp%2Fv2%2Fproduct_cat&post=830"},{"taxonomy":"product_tag","embeddable":true,"href":"https:\/\/bseendustriyel.com\/index.php?rest_route=%2Fwp%2Fv2%2Fproduct_tag&post=830"}],"curies":[{"name":"wp","href":"https:\/\/api.w.org\/{rel}","templated":true}]}}