{"id":836,"date":"2026-03-16T14:08:56","date_gmt":"2026-03-16T14:08:56","guid":{"rendered":"https:\/\/bseendustriyel.com\/product\/krem-temizleyici-amonyak\/"},"modified":"2026-03-16T19:44:14","modified_gmt":"2026-03-16T19:44:14","slug":"krem-temizleyici-amonyak","status":"publish","type":"product","link":"https:\/\/bseendustriyel.com\/?product=krem-temizleyici-amonyak","title":{"rendered":"Krem Temizleyici, Amonyak"},"content":{"rendered":"<p>Krem form\u00fcll\u00fc y\u00fczey temizleyici \u2014 amonyak i\u00e7erikli. Banyo ve mutfaktaki kire\u00e7 ile pas izlerini \u00e7\u00f6z\u00fcp y\u00fczeyi nazik\u00e7e a\u015f\u0131nd\u0131rarak parlat\u0131r.<\/p>\n<p>500ml<\/p>\n","protected":false},"excerpt":{"rendered":"<p>Krem form\u00fcll\u00fc y\u00fczey temizleyici \u2014 amonyak i\u00e7erikli. Banyo ve mutfaktaki kire\u00e7 ile pas izlerini \u00e7\u00f6z\u00fcp y\u00fczeyi nazik\u00e7e a\u015f\u0131nd\u0131rarak parlat\u0131r.<\/p>\n","protected":false},"featured_media":453,"comment_status":"closed","ping_status":"open","template":"","meta":[],"product_brand":[],"product_cat":[207,44,211],"product_tag":[],"class_list":{"0":"post-836","1":"product","2":"type-product","3":"status-publish","4":"has-post-thumbnail","6":"product_cat-cortex","7":"product_cat-temizlik-kimyasallari","8":"product_cat-yuzey-hijyen-bakimi","10":"first","11":"instock","12":"product-type-simple"},"yoast_head":"<!-- This site is optimized with the Yoast SEO Premium plugin v27.1 (Yoast SEO v27.4) - https:\/\/yoast.com\/product\/yoast-seo-premium-wordpress\/ -->\n<title>Krem Temizleyici, Amonyak - BSE Endusriyel Tedarik<\/title>\n<meta name=\"description\" content=\"Krem form\u00fcll\u00fc y\u00fczey temizleyici \u2014 amonyak i\u00e7erikli. Banyo ve mutfaktaki kire\u00e7 ile pas izlerini \u00e7\u00f6z\u00fcp y\u00fczeyi nazik\u00e7e a\u015f\u0131nd\u0131rarak parlat\u0131r. Eko-Kim&#039;den sipari\u015f...\" \/>\n<meta name=\"robots\" content=\"index, follow, max-snippet:-1, max-image-preview:large, max-video-preview:-1\" \/>\n<link rel=\"canonical\" href=\"https:\/\/bseendustriyel.com\/?product=krem-temizleyici-amonyak\" \/>\n<meta property=\"og:locale\" content=\"tr_TR\" \/>\n<meta property=\"og:type\" content=\"article\" \/>\n<meta property=\"og:title\" content=\"Krem Temizleyici, Amonyak\" \/>\n<meta property=\"og:description\" content=\"Krem form\u00fcll\u00fc y\u00fczey temizleyici \u2014 amonyak i\u00e7erikli. Banyo ve mutfaktaki kire\u00e7 ile pas izlerini \u00e7\u00f6z\u00fcp y\u00fczeyi nazik\u00e7e a\u015f\u0131nd\u0131rarak parlat\u0131r. Eko-Kim&#039;den sipari\u015f...\" \/>\n<meta property=\"og:url\" content=\"https:\/\/bseendustriyel.com\/?product=krem-temizleyici-amonyak\" \/>\n<meta property=\"og:site_name\" content=\"BSE Endusriyel Tedarik\" \/>\n<meta property=\"article:modified_time\" content=\"2026-03-16T19:44:14+00:00\" \/>\n<meta property=\"og:image\" content=\"https:\/\/bseendustriyel.com\/wp-content\/uploads\/2026\/03\/cortex-189-krem-temizleyici-amonyak.jpg\" \/>\n\t<meta property=\"og:image:width\" content=\"450\" \/>\n\t<meta property=\"og:image:height\" content=\"450\" \/>\n\t<meta property=\"og:image:type\" content=\"image\/jpeg\" \/>\n<meta name=\"twitter:card\" content=\"summary_large_image\" \/>\n<script type=\"application\/ld+json\" class=\"yoast-schema-graph\">{\"@context\":\"https:\\\/\\\/schema.org\",\"@graph\":[{\"@type\":\"WebPage\",\"@id\":\"https:\\\/\\\/bseendustriyel.com\\\/?product=krem-temizleyici-amonyak\",\"url\":\"https:\\\/\\\/bseendustriyel.com\\\/?product=krem-temizleyici-amonyak\",\"name\":\"Krem Temizleyici, Amonyak - BSE Endusriyel Tedarik\",\"isPartOf\":{\"@id\":\"https:\\\/\\\/bseendustriyel.com\\\/#website\"},\"primaryImageOfPage\":{\"@id\":\"https:\\\/\\\/bseendustriyel.com\\\/?product=krem-temizleyici-amonyak#primaryimage\"},\"image\":{\"@id\":\"https:\\\/\\\/bseendustriyel.com\\\/?product=krem-temizleyici-amonyak#primaryimage\"},\"thumbnailUrl\":\"https:\\\/\\\/bseendustriyel.com\\\/wp-content\\\/uploads\\\/2026\\\/03\\\/cortex-189-krem-temizleyici-amonyak.jpg\",\"datePublished\":\"2026-03-16T14:08:56+00:00\",\"dateModified\":\"2026-03-16T19:44:14+00:00\",\"description\":\"Krem form\u00fcll\u00fc y\u00fczey temizleyici \u2014 amonyak i\u00e7erikli. Banyo ve mutfaktaki kire\u00e7 ile pas izlerini \u00e7\u00f6z\u00fcp y\u00fczeyi nazik\u00e7e a\u015f\u0131nd\u0131rarak parlat\u0131r. Eko-Kim'den sipari\u015f...\",\"breadcrumb\":{\"@id\":\"https:\\\/\\\/bseendustriyel.com\\\/?product=krem-temizleyici-amonyak#breadcrumb\"},\"inLanguage\":\"tr\",\"potentialAction\":[{\"@type\":\"ReadAction\",\"target\":[\"https:\\\/\\\/bseendustriyel.com\\\/?product=krem-temizleyici-amonyak\"]}]},{\"@type\":\"ImageObject\",\"inLanguage\":\"tr\",\"@id\":\"https:\\\/\\\/bseendustriyel.com\\\/?product=krem-temizleyici-amonyak#primaryimage\",\"url\":\"https:\\\/\\\/bseendustriyel.com\\\/wp-content\\\/uploads\\\/2026\\\/03\\\/cortex-189-krem-temizleyici-amonyak.jpg\",\"contentUrl\":\"https:\\\/\\\/bseendustriyel.com\\\/wp-content\\\/uploads\\\/2026\\\/03\\\/cortex-189-krem-temizleyici-amonyak.jpg\",\"width\":450,\"height\":450},{\"@type\":\"BreadcrumbList\",\"@id\":\"https:\\\/\\\/bseendustriyel.com\\\/?product=krem-temizleyici-amonyak#breadcrumb\",\"itemListElement\":[{\"@type\":\"ListItem\",\"position\":1,\"name\":\"Anasayfa\",\"item\":\"https:\\\/\\\/bseendustriyel.com\\\/\"},{\"@type\":\"ListItem\",\"position\":2,\"name\":\"Shop\",\"item\":\"https:\\\/\\\/bseendustriyel.com\\\/?page_id=24\"},{\"@type\":\"ListItem\",\"position\":3,\"name\":\"Krem Temizleyici, Amonyak\"}]},{\"@type\":\"WebSite\",\"@id\":\"https:\\\/\\\/bseendustriyel.com\\\/#website\",\"url\":\"https:\\\/\\\/bseendustriyel.com\\\/\",\"name\":\"BSE Endusriyel Tedarik\",\"description\":\"\",\"potentialAction\":[{\"@type\":\"SearchAction\",\"target\":{\"@type\":\"EntryPoint\",\"urlTemplate\":\"https:\\\/\\\/bseendustriyel.com\\\/?s={search_term_string}\"},\"query-input\":{\"@type\":\"PropertyValueSpecification\",\"valueRequired\":true,\"valueName\":\"search_term_string\"}}],\"inLanguage\":\"tr\"}]}<\/script>\n<!-- \/ Yoast SEO Premium plugin. -->","yoast_head_json":{"title":"Krem Temizleyici, Amonyak - BSE Endusriyel Tedarik","description":"Krem form\u00fcll\u00fc y\u00fczey temizleyici \u2014 amonyak i\u00e7erikli. Banyo ve mutfaktaki kire\u00e7 ile pas izlerini \u00e7\u00f6z\u00fcp y\u00fczeyi nazik\u00e7e a\u015f\u0131nd\u0131rarak parlat\u0131r. Eko-Kim'den sipari\u015f...","robots":{"index":"index","follow":"follow","max-snippet":"max-snippet:-1","max-image-preview":"max-image-preview:large","max-video-preview":"max-video-preview:-1"},"canonical":"https:\/\/bseendustriyel.com\/?product=krem-temizleyici-amonyak","og_locale":"tr_TR","og_type":"article","og_title":"Krem Temizleyici, Amonyak","og_description":"Krem form\u00fcll\u00fc y\u00fczey temizleyici \u2014 amonyak i\u00e7erikli. Banyo ve mutfaktaki kire\u00e7 ile pas izlerini \u00e7\u00f6z\u00fcp y\u00fczeyi nazik\u00e7e a\u015f\u0131nd\u0131rarak parlat\u0131r. Eko-Kim'den sipari\u015f...","og_url":"https:\/\/bseendustriyel.com\/?product=krem-temizleyici-amonyak","og_site_name":"BSE Endusriyel Tedarik","article_modified_time":"2026-03-16T19:44:14+00:00","og_image":[{"width":450,"height":450,"url":"https:\/\/bseendustriyel.com\/wp-content\/uploads\/2026\/03\/cortex-189-krem-temizleyici-amonyak.jpg","type":"image\/jpeg"}],"twitter_card":"summary_large_image","schema":{"@context":"https:\/\/schema.org","@graph":[{"@type":"WebPage","@id":"https:\/\/bseendustriyel.com\/?product=krem-temizleyici-amonyak","url":"https:\/\/bseendustriyel.com\/?product=krem-temizleyici-amonyak","name":"Krem Temizleyici, Amonyak - BSE Endusriyel Tedarik","isPartOf":{"@id":"https:\/\/bseendustriyel.com\/#website"},"primaryImageOfPage":{"@id":"https:\/\/bseendustriyel.com\/?product=krem-temizleyici-amonyak#primaryimage"},"image":{"@id":"https:\/\/bseendustriyel.com\/?product=krem-temizleyici-amonyak#primaryimage"},"thumbnailUrl":"https:\/\/bseendustriyel.com\/wp-content\/uploads\/2026\/03\/cortex-189-krem-temizleyici-amonyak.jpg","datePublished":"2026-03-16T14:08:56+00:00","dateModified":"2026-03-16T19:44:14+00:00","description":"Krem form\u00fcll\u00fc y\u00fczey temizleyici \u2014 amonyak i\u00e7erikli. Banyo ve mutfaktaki kire\u00e7 ile pas izlerini \u00e7\u00f6z\u00fcp y\u00fczeyi nazik\u00e7e a\u015f\u0131nd\u0131rarak parlat\u0131r. Eko-Kim'den sipari\u015f...","breadcrumb":{"@id":"https:\/\/bseendustriyel.com\/?product=krem-temizleyici-amonyak#breadcrumb"},"inLanguage":"tr","potentialAction":[{"@type":"ReadAction","target":["https:\/\/bseendustriyel.com\/?product=krem-temizleyici-amonyak"]}]},{"@type":"ImageObject","inLanguage":"tr","@id":"https:\/\/bseendustriyel.com\/?product=krem-temizleyici-amonyak#primaryimage","url":"https:\/\/bseendustriyel.com\/wp-content\/uploads\/2026\/03\/cortex-189-krem-temizleyici-amonyak.jpg","contentUrl":"https:\/\/bseendustriyel.com\/wp-content\/uploads\/2026\/03\/cortex-189-krem-temizleyici-amonyak.jpg","width":450,"height":450},{"@type":"BreadcrumbList","@id":"https:\/\/bseendustriyel.com\/?product=krem-temizleyici-amonyak#breadcrumb","itemListElement":[{"@type":"ListItem","position":1,"name":"Anasayfa","item":"https:\/\/bseendustriyel.com\/"},{"@type":"ListItem","position":2,"name":"Shop","item":"https:\/\/bseendustriyel.com\/?page_id=24"},{"@type":"ListItem","position":3,"name":"Krem Temizleyici, Amonyak"}]},{"@type":"WebSite","@id":"https:\/\/bseendustriyel.com\/#website","url":"https:\/\/bseendustriyel.com\/","name":"BSE Endusriyel Tedarik","description":"","potentialAction":[{"@type":"SearchAction","target":{"@type":"EntryPoint","urlTemplate":"https:\/\/bseendustriyel.com\/?s={search_term_string}"},"query-input":{"@type":"PropertyValueSpecification","valueRequired":true,"valueName":"search_term_string"}}],"inLanguage":"tr"}]}},"_links":{"self":[{"href":"https:\/\/bseendustriyel.com\/index.php?rest_route=\/wp\/v2\/product\/836","targetHints":{"allow":["GET"]}}],"collection":[{"href":"https:\/\/bseendustriyel.com\/index.php?rest_route=\/wp\/v2\/product"}],"about":[{"href":"https:\/\/bseendustriyel.com\/index.php?rest_route=\/wp\/v2\/types\/product"}],"replies":[{"embeddable":true,"href":"https:\/\/bseendustriyel.com\/index.php?rest_route=%2Fwp%2Fv2%2Fcomments&post=836"}],"wp:featuredmedia":[{"embeddable":true,"href":"https:\/\/bseendustriyel.com\/index.php?rest_route=\/wp\/v2\/media\/453"}],"wp:attachment":[{"href":"https:\/\/bseendustriyel.com\/index.php?rest_route=%2Fwp%2Fv2%2Fmedia&parent=836"}],"wp:term":[{"taxonomy":"product_brand","embeddable":true,"href":"https:\/\/bseendustriyel.com\/index.php?rest_route=%2Fwp%2Fv2%2Fproduct_brand&post=836"},{"taxonomy":"product_cat","embeddable":true,"href":"https:\/\/bseendustriyel.com\/index.php?rest_route=%2Fwp%2Fv2%2Fproduct_cat&post=836"},{"taxonomy":"product_tag","embeddable":true,"href":"https:\/\/bseendustriyel.com\/index.php?rest_route=%2Fwp%2Fv2%2Fproduct_tag&post=836"}],"curies":[{"name":"wp","href":"https:\/\/api.w.org\/{rel}","templated":true}]}}