{"id":862,"date":"2026-03-16T14:09:13","date_gmt":"2026-03-16T14:09:13","guid":{"rendered":"https:\/\/bseendustriyel.com\/product\/lima-cip-das-1-0\/"},"modified":"2026-03-16T19:44:33","modified_gmt":"2026-03-16T19:44:33","slug":"lima-cip-das-1-0","status":"publish","type":"product","link":"https:\/\/bseendustriyel.com\/?product=lima-cip-das-1-0","title":{"rendered":"Lima CIP DAS 1.0"},"content":{"rendered":"<p>Kapal\u0131 CIP sistemleri i\u00e7in hafif asidik temizleyici. Mineral kal\u0131nt\u0131lar\u0131 ve tortular\u0131 giderirken metal ve plastik y\u00fczeylere nazik davran\u0131r.<\/p>\n<p>20kg, 1kg<\/p>\n","protected":false},"excerpt":{"rendered":"<p>Kapal\u0131 CIP sistemleri i\u00e7in hafif asidik temizleyici. Mineral kal\u0131nt\u0131lar\u0131 ve tortular\u0131 giderirken metal ve plastik y\u00fczeylere nazik davran\u0131r.<\/p>\n","protected":false},"featured_media":0,"comment_status":"closed","ping_status":"open","template":"","meta":[],"product_brand":[],"product_cat":[212,215,44],"product_tag":[],"class_list":{"0":"post-862","1":"product","2":"type-product","3":"status-publish","5":"product_cat-deox","6":"product_cat-kapali-alan-temizlik-hijyen","7":"product_cat-temizlik-kimyasallari","9":"first","10":"instock","11":"product-type-simple"},"yoast_head":"<!-- This site is optimized with the Yoast SEO Premium plugin v27.1 (Yoast SEO v27.4) - https:\/\/yoast.com\/product\/yoast-seo-premium-wordpress\/ -->\n<title>Lima CIP DAS 1.0 - BSE Endusriyel Tedarik<\/title>\n<meta name=\"description\" content=\"Kapal\u0131 CIP sistemleri i\u00e7in hafif asidik temizleyici. Mineral kal\u0131nt\u0131lar\u0131 ve tortular\u0131 giderirken metal ve plastik y\u00fczeylere nazik davran\u0131r. Eko-Kim&#039;den sipar...\" \/>\n<meta name=\"robots\" content=\"index, follow, max-snippet:-1, max-image-preview:large, max-video-preview:-1\" \/>\n<link rel=\"canonical\" href=\"https:\/\/bseendustriyel.com\/?product=lima-cip-das-1-0\" \/>\n<meta property=\"og:locale\" content=\"tr_TR\" \/>\n<meta property=\"og:type\" content=\"article\" \/>\n<meta property=\"og:title\" content=\"Lima CIP DAS 1.0\" \/>\n<meta property=\"og:description\" content=\"Kapal\u0131 CIP sistemleri i\u00e7in hafif asidik temizleyici. Mineral kal\u0131nt\u0131lar\u0131 ve tortular\u0131 giderirken metal ve plastik y\u00fczeylere nazik davran\u0131r. Eko-Kim&#039;den sipar...\" \/>\n<meta property=\"og:url\" content=\"https:\/\/bseendustriyel.com\/?product=lima-cip-das-1-0\" \/>\n<meta property=\"og:site_name\" content=\"BSE Endusriyel Tedarik\" \/>\n<meta property=\"article:modified_time\" content=\"2026-03-16T19:44:33+00:00\" \/>\n<meta name=\"twitter:card\" content=\"summary_large_image\" \/>\n<script type=\"application\/ld+json\" class=\"yoast-schema-graph\">{\"@context\":\"https:\\\/\\\/schema.org\",\"@graph\":[{\"@type\":\"WebPage\",\"@id\":\"https:\\\/\\\/bseendustriyel.com\\\/?product=lima-cip-das-1-0\",\"url\":\"https:\\\/\\\/bseendustriyel.com\\\/?product=lima-cip-das-1-0\",\"name\":\"Lima CIP DAS 1.0 - BSE Endusriyel Tedarik\",\"isPartOf\":{\"@id\":\"https:\\\/\\\/bseendustriyel.com\\\/#website\"},\"datePublished\":\"2026-03-16T14:09:13+00:00\",\"dateModified\":\"2026-03-16T19:44:33+00:00\",\"description\":\"Kapal\u0131 CIP sistemleri i\u00e7in hafif asidik temizleyici. Mineral kal\u0131nt\u0131lar\u0131 ve tortular\u0131 giderirken metal ve plastik y\u00fczeylere nazik davran\u0131r. Eko-Kim'den sipar...\",\"breadcrumb\":{\"@id\":\"https:\\\/\\\/bseendustriyel.com\\\/?product=lima-cip-das-1-0#breadcrumb\"},\"inLanguage\":\"tr\",\"potentialAction\":[{\"@type\":\"ReadAction\",\"target\":[\"https:\\\/\\\/bseendustriyel.com\\\/?product=lima-cip-das-1-0\"]}]},{\"@type\":\"BreadcrumbList\",\"@id\":\"https:\\\/\\\/bseendustriyel.com\\\/?product=lima-cip-das-1-0#breadcrumb\",\"itemListElement\":[{\"@type\":\"ListItem\",\"position\":1,\"name\":\"Anasayfa\",\"item\":\"https:\\\/\\\/bseendustriyel.com\\\/\"},{\"@type\":\"ListItem\",\"position\":2,\"name\":\"Shop\",\"item\":\"https:\\\/\\\/bseendustriyel.com\\\/?page_id=24\"},{\"@type\":\"ListItem\",\"position\":3,\"name\":\"Lima CIP DAS 1.0\"}]},{\"@type\":\"WebSite\",\"@id\":\"https:\\\/\\\/bseendustriyel.com\\\/#website\",\"url\":\"https:\\\/\\\/bseendustriyel.com\\\/\",\"name\":\"BSE Endusriyel Tedarik\",\"description\":\"\",\"potentialAction\":[{\"@type\":\"SearchAction\",\"target\":{\"@type\":\"EntryPoint\",\"urlTemplate\":\"https:\\\/\\\/bseendustriyel.com\\\/?s={search_term_string}\"},\"query-input\":{\"@type\":\"PropertyValueSpecification\",\"valueRequired\":true,\"valueName\":\"search_term_string\"}}],\"inLanguage\":\"tr\"}]}<\/script>\n<!-- \/ Yoast SEO Premium plugin. -->","yoast_head_json":{"title":"Lima CIP DAS 1.0 - BSE Endusriyel Tedarik","description":"Kapal\u0131 CIP sistemleri i\u00e7in hafif asidik temizleyici. Mineral kal\u0131nt\u0131lar\u0131 ve tortular\u0131 giderirken metal ve plastik y\u00fczeylere nazik davran\u0131r. Eko-Kim'den sipar...","robots":{"index":"index","follow":"follow","max-snippet":"max-snippet:-1","max-image-preview":"max-image-preview:large","max-video-preview":"max-video-preview:-1"},"canonical":"https:\/\/bseendustriyel.com\/?product=lima-cip-das-1-0","og_locale":"tr_TR","og_type":"article","og_title":"Lima CIP DAS 1.0","og_description":"Kapal\u0131 CIP sistemleri i\u00e7in hafif asidik temizleyici. Mineral kal\u0131nt\u0131lar\u0131 ve tortular\u0131 giderirken metal ve plastik y\u00fczeylere nazik davran\u0131r. Eko-Kim'den sipar...","og_url":"https:\/\/bseendustriyel.com\/?product=lima-cip-das-1-0","og_site_name":"BSE Endusriyel Tedarik","article_modified_time":"2026-03-16T19:44:33+00:00","twitter_card":"summary_large_image","schema":{"@context":"https:\/\/schema.org","@graph":[{"@type":"WebPage","@id":"https:\/\/bseendustriyel.com\/?product=lima-cip-das-1-0","url":"https:\/\/bseendustriyel.com\/?product=lima-cip-das-1-0","name":"Lima CIP DAS 1.0 - BSE Endusriyel Tedarik","isPartOf":{"@id":"https:\/\/bseendustriyel.com\/#website"},"datePublished":"2026-03-16T14:09:13+00:00","dateModified":"2026-03-16T19:44:33+00:00","description":"Kapal\u0131 CIP sistemleri i\u00e7in hafif asidik temizleyici. Mineral kal\u0131nt\u0131lar\u0131 ve tortular\u0131 giderirken metal ve plastik y\u00fczeylere nazik davran\u0131r. Eko-Kim'den sipar...","breadcrumb":{"@id":"https:\/\/bseendustriyel.com\/?product=lima-cip-das-1-0#breadcrumb"},"inLanguage":"tr","potentialAction":[{"@type":"ReadAction","target":["https:\/\/bseendustriyel.com\/?product=lima-cip-das-1-0"]}]},{"@type":"BreadcrumbList","@id":"https:\/\/bseendustriyel.com\/?product=lima-cip-das-1-0#breadcrumb","itemListElement":[{"@type":"ListItem","position":1,"name":"Anasayfa","item":"https:\/\/bseendustriyel.com\/"},{"@type":"ListItem","position":2,"name":"Shop","item":"https:\/\/bseendustriyel.com\/?page_id=24"},{"@type":"ListItem","position":3,"name":"Lima CIP DAS 1.0"}]},{"@type":"WebSite","@id":"https:\/\/bseendustriyel.com\/#website","url":"https:\/\/bseendustriyel.com\/","name":"BSE Endusriyel Tedarik","description":"","potentialAction":[{"@type":"SearchAction","target":{"@type":"EntryPoint","urlTemplate":"https:\/\/bseendustriyel.com\/?s={search_term_string}"},"query-input":{"@type":"PropertyValueSpecification","valueRequired":true,"valueName":"search_term_string"}}],"inLanguage":"tr"}]}},"_links":{"self":[{"href":"https:\/\/bseendustriyel.com\/index.php?rest_route=\/wp\/v2\/product\/862","targetHints":{"allow":["GET"]}}],"collection":[{"href":"https:\/\/bseendustriyel.com\/index.php?rest_route=\/wp\/v2\/product"}],"about":[{"href":"https:\/\/bseendustriyel.com\/index.php?rest_route=\/wp\/v2\/types\/product"}],"replies":[{"embeddable":true,"href":"https:\/\/bseendustriyel.com\/index.php?rest_route=%2Fwp%2Fv2%2Fcomments&post=862"}],"wp:attachment":[{"href":"https:\/\/bseendustriyel.com\/index.php?rest_route=%2Fwp%2Fv2%2Fmedia&parent=862"}],"wp:term":[{"taxonomy":"product_brand","embeddable":true,"href":"https:\/\/bseendustriyel.com\/index.php?rest_route=%2Fwp%2Fv2%2Fproduct_brand&post=862"},{"taxonomy":"product_cat","embeddable":true,"href":"https:\/\/bseendustriyel.com\/index.php?rest_route=%2Fwp%2Fv2%2Fproduct_cat&post=862"},{"taxonomy":"product_tag","embeddable":true,"href":"https:\/\/bseendustriyel.com\/index.php?rest_route=%2Fwp%2Fv2%2Fproduct_tag&post=862"}],"curies":[{"name":"wp","href":"https:\/\/api.w.org\/{rel}","templated":true}]}}