{"id":892,"date":"2026-03-16T14:09:34","date_gmt":"2026-03-16T14:09:34","guid":{"rendered":"https:\/\/bseendustriyel.com\/product\/m-clean-dm-1-9\/"},"modified":"2026-03-16T19:44:56","modified_gmt":"2026-03-16T19:44:56","slug":"m-clean-dm-1-9","status":"publish","type":"product","link":"https:\/\/bseendustriyel.com\/?product=m-clean-dm-1-9","title":{"rendered":"M &#8211; Clean DM 1.9"},"content":{"rendered":"<p>Membran filtreler i\u00e7in \u00f6zel y\u0131kama kimyasal\u0131. Membran y\u00fczeyindeki kirlilik, biyofilm ve mineral birikintilerini gidererek filtre ge\u00e7irgenli\u011fini ve verimini yeniden kazand\u0131r\u0131r.<\/p>\n<p>20kg<\/p>\n","protected":false},"excerpt":{"rendered":"<p>Membran filtreler i\u00e7in \u00f6zel y\u0131kama kimyasal\u0131. Membran y\u00fczeyindeki kirlilik, biyofilm ve mineral birikintilerini gidererek filtre ge\u00e7irgenli\u011fini ve verimini yeniden kazand\u0131r\u0131r.<\/p>\n","protected":false},"featured_media":556,"comment_status":"closed","ping_status":"open","template":"","meta":[],"product_brand":[],"product_cat":[212,223,44],"product_tag":[],"class_list":{"0":"post-892","1":"product","2":"type-product","3":"status-publish","4":"has-post-thumbnail","6":"product_cat-deox","7":"product_cat-membran-yikama","8":"product_cat-temizlik-kimyasallari","10":"first","11":"instock","12":"product-type-simple"},"yoast_head":"<!-- This site is optimized with the Yoast SEO Premium plugin v27.1 (Yoast SEO v27.4) - https:\/\/yoast.com\/product\/yoast-seo-premium-wordpress\/ -->\n<title>M - Clean DM 1.9 - BSE Endusriyel Tedarik<\/title>\n<meta name=\"description\" content=\"Membran filtreler i\u00e7in \u00f6zel y\u0131kama kimyasal\u0131. Membran y\u00fczeyindeki kirlilik, biyofilm ve mineral birikintilerini gidererek filtre ge\u00e7irgenli\u011fini ve verimini y...\" \/>\n<meta name=\"robots\" content=\"index, follow, max-snippet:-1, max-image-preview:large, max-video-preview:-1\" \/>\n<link rel=\"canonical\" href=\"https:\/\/bseendustriyel.com\/?product=m-clean-dm-1-9\" \/>\n<meta property=\"og:locale\" content=\"tr_TR\" \/>\n<meta property=\"og:type\" content=\"article\" \/>\n<meta property=\"og:title\" content=\"M - Clean DM 1.9\" \/>\n<meta property=\"og:description\" content=\"Membran filtreler i\u00e7in \u00f6zel y\u0131kama kimyasal\u0131. Membran y\u00fczeyindeki kirlilik, biyofilm ve mineral birikintilerini gidererek filtre ge\u00e7irgenli\u011fini ve verimini y...\" \/>\n<meta property=\"og:url\" content=\"https:\/\/bseendustriyel.com\/?product=m-clean-dm-1-9\" \/>\n<meta property=\"og:site_name\" content=\"BSE Endusriyel Tedarik\" \/>\n<meta property=\"article:modified_time\" content=\"2026-03-16T19:44:56+00:00\" \/>\n<meta property=\"og:image\" content=\"https:\/\/bseendustriyel.com\/wp-content\/uploads\/2026\/03\/560-m-clean-dm-1-9-membran-yikama-562.jpg\" \/>\n\t<meta property=\"og:image:width\" content=\"1000\" \/>\n\t<meta property=\"og:image:height\" content=\"1000\" \/>\n\t<meta property=\"og:image:type\" content=\"image\/jpeg\" \/>\n<meta name=\"twitter:card\" content=\"summary_large_image\" \/>\n<script type=\"application\/ld+json\" class=\"yoast-schema-graph\">{\"@context\":\"https:\\\/\\\/schema.org\",\"@graph\":[{\"@type\":\"WebPage\",\"@id\":\"https:\\\/\\\/bseendustriyel.com\\\/?product=m-clean-dm-1-9\",\"url\":\"https:\\\/\\\/bseendustriyel.com\\\/?product=m-clean-dm-1-9\",\"name\":\"M - Clean DM 1.9 - BSE Endusriyel Tedarik\",\"isPartOf\":{\"@id\":\"https:\\\/\\\/bseendustriyel.com\\\/#website\"},\"primaryImageOfPage\":{\"@id\":\"https:\\\/\\\/bseendustriyel.com\\\/?product=m-clean-dm-1-9#primaryimage\"},\"image\":{\"@id\":\"https:\\\/\\\/bseendustriyel.com\\\/?product=m-clean-dm-1-9#primaryimage\"},\"thumbnailUrl\":\"https:\\\/\\\/bseendustriyel.com\\\/wp-content\\\/uploads\\\/2026\\\/03\\\/560-m-clean-dm-1-9-membran-yikama-562.jpg\",\"datePublished\":\"2026-03-16T14:09:34+00:00\",\"dateModified\":\"2026-03-16T19:44:56+00:00\",\"description\":\"Membran filtreler i\u00e7in \u00f6zel y\u0131kama kimyasal\u0131. Membran y\u00fczeyindeki kirlilik, biyofilm ve mineral birikintilerini gidererek filtre ge\u00e7irgenli\u011fini ve verimini y...\",\"breadcrumb\":{\"@id\":\"https:\\\/\\\/bseendustriyel.com\\\/?product=m-clean-dm-1-9#breadcrumb\"},\"inLanguage\":\"tr\",\"potentialAction\":[{\"@type\":\"ReadAction\",\"target\":[\"https:\\\/\\\/bseendustriyel.com\\\/?product=m-clean-dm-1-9\"]}]},{\"@type\":\"ImageObject\",\"inLanguage\":\"tr\",\"@id\":\"https:\\\/\\\/bseendustriyel.com\\\/?product=m-clean-dm-1-9#primaryimage\",\"url\":\"https:\\\/\\\/bseendustriyel.com\\\/wp-content\\\/uploads\\\/2026\\\/03\\\/560-m-clean-dm-1-9-membran-yikama-562.jpg\",\"contentUrl\":\"https:\\\/\\\/bseendustriyel.com\\\/wp-content\\\/uploads\\\/2026\\\/03\\\/560-m-clean-dm-1-9-membran-yikama-562.jpg\",\"width\":1000,\"height\":1000},{\"@type\":\"BreadcrumbList\",\"@id\":\"https:\\\/\\\/bseendustriyel.com\\\/?product=m-clean-dm-1-9#breadcrumb\",\"itemListElement\":[{\"@type\":\"ListItem\",\"position\":1,\"name\":\"Anasayfa\",\"item\":\"https:\\\/\\\/bseendustriyel.com\\\/\"},{\"@type\":\"ListItem\",\"position\":2,\"name\":\"Shop\",\"item\":\"https:\\\/\\\/bseendustriyel.com\\\/?page_id=24\"},{\"@type\":\"ListItem\",\"position\":3,\"name\":\"M &#8211; Clean DM 1.9\"}]},{\"@type\":\"WebSite\",\"@id\":\"https:\\\/\\\/bseendustriyel.com\\\/#website\",\"url\":\"https:\\\/\\\/bseendustriyel.com\\\/\",\"name\":\"BSE Endusriyel Tedarik\",\"description\":\"\",\"potentialAction\":[{\"@type\":\"SearchAction\",\"target\":{\"@type\":\"EntryPoint\",\"urlTemplate\":\"https:\\\/\\\/bseendustriyel.com\\\/?s={search_term_string}\"},\"query-input\":{\"@type\":\"PropertyValueSpecification\",\"valueRequired\":true,\"valueName\":\"search_term_string\"}}],\"inLanguage\":\"tr\"}]}<\/script>\n<!-- \/ Yoast SEO Premium plugin. -->","yoast_head_json":{"title":"M - Clean DM 1.9 - BSE Endusriyel Tedarik","description":"Membran filtreler i\u00e7in \u00f6zel y\u0131kama kimyasal\u0131. Membran y\u00fczeyindeki kirlilik, biyofilm ve mineral birikintilerini gidererek filtre ge\u00e7irgenli\u011fini ve verimini y...","robots":{"index":"index","follow":"follow","max-snippet":"max-snippet:-1","max-image-preview":"max-image-preview:large","max-video-preview":"max-video-preview:-1"},"canonical":"https:\/\/bseendustriyel.com\/?product=m-clean-dm-1-9","og_locale":"tr_TR","og_type":"article","og_title":"M - Clean DM 1.9","og_description":"Membran filtreler i\u00e7in \u00f6zel y\u0131kama kimyasal\u0131. Membran y\u00fczeyindeki kirlilik, biyofilm ve mineral birikintilerini gidererek filtre ge\u00e7irgenli\u011fini ve verimini y...","og_url":"https:\/\/bseendustriyel.com\/?product=m-clean-dm-1-9","og_site_name":"BSE Endusriyel Tedarik","article_modified_time":"2026-03-16T19:44:56+00:00","og_image":[{"width":1000,"height":1000,"url":"https:\/\/bseendustriyel.com\/wp-content\/uploads\/2026\/03\/560-m-clean-dm-1-9-membran-yikama-562.jpg","type":"image\/jpeg"}],"twitter_card":"summary_large_image","schema":{"@context":"https:\/\/schema.org","@graph":[{"@type":"WebPage","@id":"https:\/\/bseendustriyel.com\/?product=m-clean-dm-1-9","url":"https:\/\/bseendustriyel.com\/?product=m-clean-dm-1-9","name":"M - Clean DM 1.9 - BSE Endusriyel Tedarik","isPartOf":{"@id":"https:\/\/bseendustriyel.com\/#website"},"primaryImageOfPage":{"@id":"https:\/\/bseendustriyel.com\/?product=m-clean-dm-1-9#primaryimage"},"image":{"@id":"https:\/\/bseendustriyel.com\/?product=m-clean-dm-1-9#primaryimage"},"thumbnailUrl":"https:\/\/bseendustriyel.com\/wp-content\/uploads\/2026\/03\/560-m-clean-dm-1-9-membran-yikama-562.jpg","datePublished":"2026-03-16T14:09:34+00:00","dateModified":"2026-03-16T19:44:56+00:00","description":"Membran filtreler i\u00e7in \u00f6zel y\u0131kama kimyasal\u0131. Membran y\u00fczeyindeki kirlilik, biyofilm ve mineral birikintilerini gidererek filtre ge\u00e7irgenli\u011fini ve verimini y...","breadcrumb":{"@id":"https:\/\/bseendustriyel.com\/?product=m-clean-dm-1-9#breadcrumb"},"inLanguage":"tr","potentialAction":[{"@type":"ReadAction","target":["https:\/\/bseendustriyel.com\/?product=m-clean-dm-1-9"]}]},{"@type":"ImageObject","inLanguage":"tr","@id":"https:\/\/bseendustriyel.com\/?product=m-clean-dm-1-9#primaryimage","url":"https:\/\/bseendustriyel.com\/wp-content\/uploads\/2026\/03\/560-m-clean-dm-1-9-membran-yikama-562.jpg","contentUrl":"https:\/\/bseendustriyel.com\/wp-content\/uploads\/2026\/03\/560-m-clean-dm-1-9-membran-yikama-562.jpg","width":1000,"height":1000},{"@type":"BreadcrumbList","@id":"https:\/\/bseendustriyel.com\/?product=m-clean-dm-1-9#breadcrumb","itemListElement":[{"@type":"ListItem","position":1,"name":"Anasayfa","item":"https:\/\/bseendustriyel.com\/"},{"@type":"ListItem","position":2,"name":"Shop","item":"https:\/\/bseendustriyel.com\/?page_id=24"},{"@type":"ListItem","position":3,"name":"M &#8211; Clean DM 1.9"}]},{"@type":"WebSite","@id":"https:\/\/bseendustriyel.com\/#website","url":"https:\/\/bseendustriyel.com\/","name":"BSE Endusriyel Tedarik","description":"","potentialAction":[{"@type":"SearchAction","target":{"@type":"EntryPoint","urlTemplate":"https:\/\/bseendustriyel.com\/?s={search_term_string}"},"query-input":{"@type":"PropertyValueSpecification","valueRequired":true,"valueName":"search_term_string"}}],"inLanguage":"tr"}]}},"_links":{"self":[{"href":"https:\/\/bseendustriyel.com\/index.php?rest_route=\/wp\/v2\/product\/892","targetHints":{"allow":["GET"]}}],"collection":[{"href":"https:\/\/bseendustriyel.com\/index.php?rest_route=\/wp\/v2\/product"}],"about":[{"href":"https:\/\/bseendustriyel.com\/index.php?rest_route=\/wp\/v2\/types\/product"}],"replies":[{"embeddable":true,"href":"https:\/\/bseendustriyel.com\/index.php?rest_route=%2Fwp%2Fv2%2Fcomments&post=892"}],"wp:featuredmedia":[{"embeddable":true,"href":"https:\/\/bseendustriyel.com\/index.php?rest_route=\/wp\/v2\/media\/556"}],"wp:attachment":[{"href":"https:\/\/bseendustriyel.com\/index.php?rest_route=%2Fwp%2Fv2%2Fmedia&parent=892"}],"wp:term":[{"taxonomy":"product_brand","embeddable":true,"href":"https:\/\/bseendustriyel.com\/index.php?rest_route=%2Fwp%2Fv2%2Fproduct_brand&post=892"},{"taxonomy":"product_cat","embeddable":true,"href":"https:\/\/bseendustriyel.com\/index.php?rest_route=%2Fwp%2Fv2%2Fproduct_cat&post=892"},{"taxonomy":"product_tag","embeddable":true,"href":"https:\/\/bseendustriyel.com\/index.php?rest_route=%2Fwp%2Fv2%2Fproduct_tag&post=892"}],"curies":[{"name":"wp","href":"https:\/\/api.w.org\/{rel}","templated":true}]}}